{"id":9127,"date":"2024-05-09T19:16:44","date_gmt":"2024-05-09T17:16:44","guid":{"rendered":"http:\/\/klubmamgdynia.pl\/?post_type=product&#038;p=9127"},"modified":"2026-04-29T22:20:55","modified_gmt":"2026-04-29T20:20:55","slug":"lamart-temp-3-pietrowy-termotransporter-do-zywnosci-lt6023","status":"publish","type":"product","link":"http:\/\/klubmamgdynia.pl\/index.php\/produkt\/lamart-temp-3-pietrowy-termotransporter-do-zywnosci-lt6023\/","title":{"rendered":"Lamart Temp 3-pi\u0119trowy termotransporter do \u017cywno\u015bci (LT6023)"},"content":{"rendered":"<p>TEMP LT6023<br \/>\nTERMOS DO \u017bYWNO\u015aCI                            <\/p>\n<p>MATERIA\u0141\u00a0|\u00a0stal nierdzewna \/ tworzywo sztucznePOJEMNO\u015a\u0106\u00a0|\u00a01,8 lWYMIARY\u00a0|\u00a014,7 x 21 cmKOLOR\u00a0|\u00a0czarny                            <\/p>\n<p>Termotransporter to praktyczny pomocnik w przechowywaniu i przenoszeniu gor\u0105cej i zimnej \u017cywno\u015bci.Wyprodukowany z wytrzyma\u0142ego plastiku wysokiej jako\u015bci i wewn\u0119trznej wk\u0142adki nierdzewnej, wype\u0142nienie izolacyjne mi\u0119dzy \u015bciankami wyprodukowano z piany PUR dla zachowania po\u017c\u0105danej temperatury \u017cywno\u015bci.Pokrywka termotransportera posiada silikonowe uszczelnienie i jest hermetyczna i wodoszczelna.Pojemnik z pokrywk\u0105 nadaje si\u0119 tak\u017ce do przechowywania \u017cywno\u015bci w lod\u00f3wce.Pokrywka posiada uchwyt i wentyl zapachowy.<\/p>\n<h2>Lamart Temp 3-pi\u0119trowy termotransporter do \u017cywno\u015bci (LT6023) Lamart<\/h2>\n<p>platformy edukacyjne dla dzieci, miko\u0142ajki dla dzieci warszawa 2021, zimowe zagadki, bajki dla dzieci czytane<\/p>\n<p>yyyyy<\/p>\n<p>&nbsp;<\/p>\n","protected":false},"excerpt":{"rendered":"<p>TEMP LT6023 TERMOS DO \u017bYWNO\u015aCI MATERIA\u0141\u00a0|\u00a0stal nierdzewna \/ tworzywo sztucznePOJEMNO\u015a\u0106\u00a0|\u00a01,8 lWYMIARY\u00a0|\u00a014,7 x 21 cmKOLOR\u00a0|\u00a0czarny Termotransporter to praktyczny pomocnik w przechowywaniu i przenoszeniu gor\u0105cej i zimnej \u017cywno\u015bci.Wyprodukowany z wytrzyma\u0142ego plastiku wysokiej jako\u015bci i wewn\u0119trznej wk\u0142adki nierdzewnej, wype\u0142nienie izolacyjne mi\u0119dzy \u015bciankami wyprodukowano z piany PUR dla zachowania po\u017c\u0105danej temperatury \u017cywno\u015bci.Pokrywka termotransportera posiada silikonowe uszczelnienie i jest hermetyczna [&hellip;]<\/p>\n","protected":false},"featured_media":9128,"comment_status":"closed","ping_status":"open","template":"","meta":[],"product_cat":[1791,1223],"product_tag":[765,863,832,784,797,614,693],"class_list":["post-9127","product","type-product","status-publish","has-post-thumbnail","hentry","product_cat-lamart","product_cat-termosy-i-kubki","product_tag-atrakcje-dla-dzieci-warszawa","product_tag-bajki-dla-dziewczynek","product_tag-desery-dla-dzieci","product_tag-hymn-gorniczy","product_tag-kiekrz","product_tag-pia","product_tag-zagadki-dla-doroslych"],"_links":{"self":[{"href":"http:\/\/klubmamgdynia.pl\/index.php\/wp-json\/wp\/v2\/product\/9127","targetHints":{"allow":["GET"]}}],"collection":[{"href":"http:\/\/klubmamgdynia.pl\/index.php\/wp-json\/wp\/v2\/product"}],"about":[{"href":"http:\/\/klubmamgdynia.pl\/index.php\/wp-json\/wp\/v2\/types\/product"}],"replies":[{"embeddable":true,"href":"http:\/\/klubmamgdynia.pl\/index.php\/wp-json\/wp\/v2\/comments?post=9127"}],"wp:featuredmedia":[{"embeddable":true,"href":"http:\/\/klubmamgdynia.pl\/index.php\/wp-json\/wp\/v2\/media\/9128"}],"wp:attachment":[{"href":"http:\/\/klubmamgdynia.pl\/index.php\/wp-json\/wp\/v2\/media?parent=9127"}],"wp:term":[{"taxonomy":"product_cat","embeddable":true,"href":"http:\/\/klubmamgdynia.pl\/index.php\/wp-json\/wp\/v2\/product_cat?post=9127"},{"taxonomy":"product_tag","embeddable":true,"href":"http:\/\/klubmamgdynia.pl\/index.php\/wp-json\/wp\/v2\/product_tag?post=9127"}],"curies":[{"name":"wp","href":"https:\/\/api.w.org\/{rel}","templated":true}]}}