{"id":9129,"date":"2024-07-03T00:22:05","date_gmt":"2024-07-02T22:22:05","guid":{"rendered":"http:\/\/klubmamgdynia.pl\/?post_type=product&#038;p=9129"},"modified":"2026-04-04T03:49:34","modified_gmt":"2026-04-04T01:49:34","slug":"bitter-oryginalne-ziola-szwedzkie-500ml","status":"publish","type":"product","link":"http:\/\/klubmamgdynia.pl\/index.php\/produkt\/bitter-oryginalne-ziola-szwedzkie-500ml\/","title":{"rendered":"BITTER Oryginalne zio\u0142a szwedzkie 500ml"},"content":{"rendered":"<p>Suplement dietyZio\u0142a szwedzkie to preparat o unikatowej kompozycji zi\u00f3\u0142, zwieraj\u0105cych g\u0142\u00f3wnie surowce goryczkowe i aromatyczno-gorzkie oraz olejki eteryczne, wp\u0142ywaj\u0105ce na procesy trawienia. Pobudzaj\u0105 wydzielanie sok\u00f3w trawiennych- \u015bliny, \u017c\u00f3\u0142ci i soku \u017co\u0142\u0105dkowego, dzi\u0119ki czemu u\u0142atwiaj\u0105 przyswajanie sk\u0142adnik\u00f3w pokarmu. Goryczka pomaga przy braku apetytu, zaburzeniach trawienia. Arcydzi\u0119giel pobudza czynno\u015bci wydzielnicze organizmu, zwi\u0119ksza wydzielanie sok\u00f3w trawiennych, \u015bliny, moczu i potu. Myrra pomaga utrzyma\u0107 prawid\u0142owy poziom cholesterolu. Mniszek ma dzia\u0142anie rekonwalescencyjne dla w\u0105troby, pomaga w zachowaniu prawid\u0142owego funkcjonownia dr\u00f3g moczowych. Owoc orzecha w\u0142oskiego wspomaga dzia\u0142anie jelit, ponadto jest antyoksydantem i wspomaga kontrol\u0119 metabolizmu lipid\u00f3w. Dziewanna wspomaga trawienie oraz dzia\u0142anie nerek i p\u0119cherza. Pomara\u0144cza gorzka wspomaga trawienie, pomaga w przyswajaniu sk\u0142adnik\u00f3w pokarmowych, wspiera utrzymanie prawid\u0142owej masy cia\u0142a, wspomaga metabolizm lipid\u00f3w i w\u0119glowodan\u00f3w. Imbir u\u0142atwia trawienie. Olejek zawarty w k\u0142\u0105czu imbiru pobudza wydzielanie \u015bliny i soku \u017co\u0142\u0105dkowego, dzia\u0142a \u017c\u00f3\u0142ciop\u0119dnie i rozkurczowo, likwiduje wzd\u0119cia, wzmaga apetyt. Cynamonowiec wony pobudza apetyt, zapobiega wzd\u0119ciom, przyspiesza trawienie i wspomaga metabolizm glukozy. Kardamon dzia\u0142a wzmacniaj\u0105co na \u017co\u0142\u0105dek, poprawia trawienie, pobudza apetyt i wspomaga wch\u0142anianie pokarm\u00f3w, likwiduje wzd\u0119cia.Zastosowanie: sk\u0142adniki preparatu poprawiaj\u0105 apetyt, zwi\u0119kszaj\u0105 wydzielanie sok\u00f3w trawiennych, \u015bliny, moczu i potu, utrzymuj\u0105 prawid\u0142owy poziomu cholesterolu, wspomagaj\u0105 metabolizm, utrzymuj\u0105 prawid\u0142ow\u0105 mas\u0119 cia\u0142a.Zalecane spo\u017cycie: 15ml raz dziennie, przed lub po posi\u0142ku. Produkt nale\u017cy spo\u017cywa\u0107 po rozcie\u0144czeniu z wod\u0105 przegotowan\u0105 lub herbatk\u0105 zio\u0142ow\u0105. Przed u\u017cyciem wstrz\u0105sn\u0105\u0107.Sk\u0142adniki: inulina 0,08g, alkohol etylowy 0,07ml, wyci\u0105g z korzenia arcydzi\u0119gla 0,06g, wyci\u0105g z myrry 0,06g, wyci\u0105g z owoc\u00f3w orzecha w\u0142oskiego 0,05g, wyci\u0105g z k\u0142\u0105cza ostry\u017cu d\u0142ugiego 0,04g, wyci\u0105g z korzenia goryczki 0,04g, wyci\u0105g z korzenia mniszka lekarskiego 0,04g, kwas mlekowy 0,03g, wyci\u0105g z ziela pio\u0142unu 0,0126g, wyci\u0105g z korzenia tataraku 0,006g, wyci\u0105g z ga\u0142ki muszkata\u0142owej 0,005g, wyci\u0105g z owocu kardamonu 0,004g, wyci\u0105g z k\u0142\u0105cza imbiru 0,002g, wyci\u0105g z kwiatu dziewanny.15ml zawiera:- warto\u015b\u0107 energetyczna 6,51 (1,55kcal),- t\u0142uszcz 0,04g (w tym kwasy t\u0142uszczowe nasycone 0,00g), w\u0119glowodany 0,14g (w tym cukry 0,05g), b\u0142onnik 0,00g, bia\u0142ko 0,01g, s\u00f3l 0,00g100ml zawiera:- warto\u015b\u0107 energetyczna 43,41 (10,36kcal),- t\u0142uszcz 0,238g (w tym kwasy t\u0142uszczowe nasycone 0,00g), w\u0119glowodany 0,9575g (w tym cukry 0,3485g), b\u0142onnik 0,00g, bia\u0142ko 0,083g, s\u00f3l 0,00gPrzeciwwskazania: produkt przeznaczony dla os\u00f3b doros\u0142ych z wyj\u0105tkiem kobiet w ci\u0105\u017cy i matek karmi\u0105cych. Preparat niewskazany dla os\u00f3b z nadwra\u017cliwo\u015bci\u0105 na sk\u0142adaniki preparatu. Osoby, u kt\u00f3rych zdiagnozowano jakiekolwiek schorzenia, np. nadci\u015bnienie, niedro\u017cno\u015b\u0107 jelit, niewydolno\u015b\u0107 nerek, uszkodzenie w\u0105troby powinny przed zastosowaniem produktu skonsultowa\u0107 si\u0119 z lekarzem.Wa\u017cne wskaz\u00f3wki:Produkt zawiera alkohol. Mo\u017ce obni\u017ca\u0107 sprawno\u015b\u0107 psychofizyczn\u0105, dlatego nie powinien by\u0107 stosowany przez osoby prowadz\u0105ce pojazdy mechaniczne i obs\u0142uguj\u0105ce urz\u0105dzenia b\u0119d\u0105ce w ruchu.Produkt nie mo\u017ce by\u0107 stosowany jako substytut zr\u00f3\u017cnicowanej diety.Nale\u017cy prowadzi\u0107 zr\u00f3wnowa\u017cony spos\u00f3b \u017cywienia i zdrowy tryb \u017cycia.Osad nie powoduje obni\u017cenia warto\u015b\u0107i od\u017cywczych.Nie nale\u017cy przekracza\u0107 zalecanej porcji do spo\u017cycia w ci\u0105gu dnia.Przechowywa\u0107 w temperaturze pokojowej, w miejscu niedost\u0119pnym dla ma\u0142ych dzieci.Po otwarciu przechowywa\u0107 w lod\u00f3wce przez okres nie d\u0142u\u017cszy ni\u017c 1 miesi\u0105c.Producent:LANGSTEINER Sp. z o.o.Bia\u0142opr\u0105dnicka 1631-221 Krak\u00f3w<\/p>\n<h2>BITTER Oryginalne zio\u0142a szwedzkie 500ml Langsteiner<\/h2>\n<p>co kupi\u0107 nastolatkowi, beniamin imi\u0119, krok jak narysowa\u0107 konia, bajka o smoku wawelskim, motylek, zagadki dla nastolatk\u00f3w, kolorowanka europa, aneta, zabawy halloweenowe dla dzieci, test magiczne drzewo czerwone krzes\u0142o, przyjazn, pies rysunek, co na roczek, testy z lektury tajemniczy ogr\u00f3d, jak narysowa\u0107 koty, literki do druku<\/p>\n<p>yyyyy<\/p>\n<p>&nbsp;<\/p>\n","protected":false},"excerpt":{"rendered":"<p>Suplement dietyZio\u0142a szwedzkie to preparat o unikatowej kompozycji zi\u00f3\u0142, zwieraj\u0105cych g\u0142\u00f3wnie surowce goryczkowe i aromatyczno-gorzkie oraz olejki eteryczne, wp\u0142ywaj\u0105ce na procesy trawienia. Pobudzaj\u0105 wydzielanie sok\u00f3w trawiennych- \u015bliny, \u017c\u00f3\u0142ci i soku \u017co\u0142\u0105dkowego, dzi\u0119ki czemu u\u0142atwiaj\u0105 przyswajanie sk\u0142adnik\u00f3w pokarmu. Goryczka pomaga przy braku apetytu, zaburzeniach trawienia. Arcydzi\u0119giel pobudza czynno\u015bci wydzielnicze organizmu, zwi\u0119ksza wydzielanie sok\u00f3w trawiennych, \u015bliny, moczu [&hellip;]<\/p>\n","protected":false},"featured_media":9130,"comment_status":"closed","ping_status":"open","template":"","meta":[],"product_cat":[1792,184],"product_tag":[845,839,671,799],"class_list":["post-9129","product","type-product","status-publish","has-post-thumbnail","hentry","product_cat-langsteiner","product_cat-uklad-pokarmowy-i-trawienie","product_tag-ach-spij-kochanie-tekst","product_tag-bajki-na-dobranoc-do-czytania","product_tag-cicha-noc-po-angielsku-tekst","product_tag-zagadka-logiczna"],"_links":{"self":[{"href":"http:\/\/klubmamgdynia.pl\/index.php\/wp-json\/wp\/v2\/product\/9129","targetHints":{"allow":["GET"]}}],"collection":[{"href":"http:\/\/klubmamgdynia.pl\/index.php\/wp-json\/wp\/v2\/product"}],"about":[{"href":"http:\/\/klubmamgdynia.pl\/index.php\/wp-json\/wp\/v2\/types\/product"}],"replies":[{"embeddable":true,"href":"http:\/\/klubmamgdynia.pl\/index.php\/wp-json\/wp\/v2\/comments?post=9129"}],"wp:featuredmedia":[{"embeddable":true,"href":"http:\/\/klubmamgdynia.pl\/index.php\/wp-json\/wp\/v2\/media\/9130"}],"wp:attachment":[{"href":"http:\/\/klubmamgdynia.pl\/index.php\/wp-json\/wp\/v2\/media?parent=9129"}],"wp:term":[{"taxonomy":"product_cat","embeddable":true,"href":"http:\/\/klubmamgdynia.pl\/index.php\/wp-json\/wp\/v2\/product_cat?post=9129"},{"taxonomy":"product_tag","embeddable":true,"href":"http:\/\/klubmamgdynia.pl\/index.php\/wp-json\/wp\/v2\/product_tag?post=9129"}],"curies":[{"name":"wp","href":"https:\/\/api.w.org\/{rel}","templated":true}]}}