{"id":9131,"date":"2016-11-01T21:06:16","date_gmt":"2016-11-01T20:06:16","guid":{"rendered":"http:\/\/klubmamgdynia.pl\/index.php\/produkt\/force-opaski-kompresyjne-na-lydke-17005-bialy-czarny-fluo-niebieski-rozowy-zielony\/"},"modified":"2026-04-05T22:13:15","modified_gmt":"2026-04-05T20:13:15","slug":"force-opaski-kompresyjne-na-lydke-17005-bialy-czarny-fluo-niebieski-rozowy-zielony","status":"publish","type":"product","link":"http:\/\/klubmamgdynia.pl\/index.php\/produkt\/force-opaski-kompresyjne-na-lydke-17005-bialy-czarny-fluo-niebieski-rozowy-zielony\/","title":{"rendered":"Force Opaski Kompresyjne Na \u0141ydk\u0119 17005 Bia\u0142y Czarny Fluo Niebieski R\u00f3\u017cowy Zielony"},"content":{"rendered":"<p>Opaska kompresyjna na \u0142ydk\u0119 FORCE. \u2013 Kolor: czarny, \u2013 Wspomagaj\u0105 regeneracj\u0119 n\u00f3g po wysi\u0142ku, \u2013 Poprawiaj\u0105 kr\u0105\u017cenie i odpr\u0119\u017caj\u0105 nogi, \u2013 Wykonane z mi\u0119kkiego i elastycznego materia\u0142u, \u2013 Materia\u0142: 80% poliamid, 12% elastan, Polipropylen-Siltex 8%, \u2013 Rozmiar: 36-41 ( d\u0142ugo\u015b\u0107 \u2013 33 cm ). \u2013 Rozmiar: 42-43 ( d\u0142ugo\u015b\u0107 \u2013 36 cm ).<\/p>\n<h2>Force Opaski Kompresyjne Na \u0141ydk\u0119 17005 Bia\u0142y Czarny Fluo Niebieski R\u00f3\u017cowy Zielony Force<\/h2>\n<p>atrakcje dla dzieci wroc\u0142aw i okolice, estera, cytaty o przyja\u017ani \u015bmieszne, znane misie z bajek, minecraft quiz, koty rysunki, wydarzenia dla dzieci warszawa, kolorowanki my little pony, papierowe ozdoby \u015bwi\u0105teczne, zagadki o przyborach szkolnych, sporty po francusku, prezenty na roczek dla ch\u0142opca, \u015bmigus dyngus lany poniedzia\u0142ek zyczenia, pomys\u0142 na prezent dla 15 latki, prima aprilis zarty<\/p>\n<p>yyyyy<\/p>\n<p>&nbsp;<\/p>\n","protected":false},"excerpt":{"rendered":"<p>Opaska kompresyjna na \u0142ydk\u0119 FORCE. \u2013 Kolor: czarny, \u2013 Wspomagaj\u0105 regeneracj\u0119 n\u00f3g po wysi\u0142ku, \u2013 Poprawiaj\u0105 kr\u0105\u017cenie i odpr\u0119\u017caj\u0105 nogi, \u2013 Wykonane z mi\u0119kkiego i elastycznego materia\u0142u, \u2013 Materia\u0142: 80% poliamid, 12% elastan, Polipropylen-Siltex 8%, \u2013 Rozmiar: 36-41 ( d\u0142ugo\u015b\u0107 \u2013 33 cm ). \u2013 Rozmiar: 42-43 ( d\u0142ugo\u015b\u0107 \u2013 36 cm ). Force Opaski [&hellip;]<\/p>\n","protected":false},"featured_media":9132,"comment_status":"closed","ping_status":"open","template":"","meta":[],"product_cat":[1788,1789],"product_tag":[686,723,613,791],"class_list":["post-9131","product","type-product","status-publish","has-post-thumbnail","hentry","product_cat-force","product_cat-odziez-rowerowa","product_tag-co-na-roczek-dla-chlopca","product_tag-krotkie-bajki-do-czytania-na-dobranoc","product_tag-na-wyspach-bergamutach","product_tag-zagadki-na-myslenie"],"_links":{"self":[{"href":"http:\/\/klubmamgdynia.pl\/index.php\/wp-json\/wp\/v2\/product\/9131","targetHints":{"allow":["GET"]}}],"collection":[{"href":"http:\/\/klubmamgdynia.pl\/index.php\/wp-json\/wp\/v2\/product"}],"about":[{"href":"http:\/\/klubmamgdynia.pl\/index.php\/wp-json\/wp\/v2\/types\/product"}],"replies":[{"embeddable":true,"href":"http:\/\/klubmamgdynia.pl\/index.php\/wp-json\/wp\/v2\/comments?post=9131"}],"wp:featuredmedia":[{"embeddable":true,"href":"http:\/\/klubmamgdynia.pl\/index.php\/wp-json\/wp\/v2\/media\/9132"}],"wp:attachment":[{"href":"http:\/\/klubmamgdynia.pl\/index.php\/wp-json\/wp\/v2\/media?parent=9131"}],"wp:term":[{"taxonomy":"product_cat","embeddable":true,"href":"http:\/\/klubmamgdynia.pl\/index.php\/wp-json\/wp\/v2\/product_cat?post=9131"},{"taxonomy":"product_tag","embeddable":true,"href":"http:\/\/klubmamgdynia.pl\/index.php\/wp-json\/wp\/v2\/product_tag?post=9131"}],"curies":[{"name":"wp","href":"https:\/\/api.w.org\/{rel}","templated":true}]}}