{"id":9135,"date":"2013-01-05T02:43:26","date_gmt":"2013-01-05T01:43:26","guid":{"rendered":"http:\/\/klubmamgdynia.pl\/index.php\/produkt\/dickie-male-pojazdy-ratunkowe-policja-citroen-3712014\/"},"modified":"2026-04-04T05:44:05","modified_gmt":"2026-04-04T03:44:05","slug":"dickie-male-pojazdy-ratunkowe-policja-citroen-3712014","status":"publish","type":"product","link":"http:\/\/klubmamgdynia.pl\/index.php\/produkt\/dickie-male-pojazdy-ratunkowe-policja-citroen-3712014\/","title":{"rendered":"Dickie Ma\u0142e Pojazdy Ratunkowe Policja Citroen 3712014"},"content":{"rendered":"<p>Samoch\u00f3d SOS_N Jednostka policyjna 2 rodzaje SOS Jednostka policyjna 2 rodzaje 15cm, Pojazdy policyjne wyposa\u017cone w nap\u0119d cierny, \u015bwiat\u0142o i d\u017awi\u0119k, Mix zawiera samochody: Porsche i Citroen. Dwa wzory. Cena dotyczy jednej sztuki. Produkt wysy\u0142any losowo.<\/p>\n<h2>Dickie Ma\u0142e Pojazdy Ratunkowe Policja Citroen 3712014 Dickie<\/h2>\n<p>desery dla dzieci, marianna, zagadki wielkanocne dla dzieci, zagadki matematyczne z odpowiedziami, quizy dla dzieci o zwierz\u0119tach, cytat na dzie\u0144 matki, jan pawe\u0142 2 rysunek \u0142atwy dla dzieci, zabawki dla dziewczynki na roczek, nadie\u017cda imi\u0119, psi patrol kolorowanki, borys imi\u0119, psi patrol kolorowanka, przys\u0142owia o rodzinie, kolorowanka wr\u00f3\u017cka, kwiecien plecien, zagadki dla dzieci 10-12 lat trudne, kolorowanki super zings, co mo\u017cna zrobi\u0107 na prima aprilis, jedzie poci\u0105g z daleka tekst<\/p>\n<p>yyyyy<\/p>\n<p>&nbsp;<\/p>\n","protected":false},"excerpt":{"rendered":"<p>Samoch\u00f3d SOS_N Jednostka policyjna 2 rodzaje SOS Jednostka policyjna 2 rodzaje 15cm, Pojazdy policyjne wyposa\u017cone w nap\u0119d cierny, \u015bwiat\u0142o i d\u017awi\u0119k, Mix zawiera samochody: Porsche i Citroen. Dwa wzory. Cena dotyczy jednej sztuki. Produkt wysy\u0142any losowo. Dickie Ma\u0142e Pojazdy Ratunkowe Policja Citroen 3712014 Dickie desery dla dzieci, marianna, zagadki wielkanocne dla dzieci, zagadki matematyczne z [&hellip;]<\/p>\n","protected":false},"featured_media":9136,"comment_status":"closed","ping_status":"open","template":"","meta":[],"product_cat":[83,1637],"product_tag":[658,822,577],"class_list":["post-9135","product","type-product","status-publish","has-post-thumbnail","hentry","product_cat-auta-i-inne-pojazdy-do-zabawy","product_cat-dickie","product_tag-alan-znaczenie-imienia","product_tag-wierszyki-o-wakacjach-krotkie","product_tag-znaki-drogowe-test"],"_links":{"self":[{"href":"http:\/\/klubmamgdynia.pl\/index.php\/wp-json\/wp\/v2\/product\/9135","targetHints":{"allow":["GET"]}}],"collection":[{"href":"http:\/\/klubmamgdynia.pl\/index.php\/wp-json\/wp\/v2\/product"}],"about":[{"href":"http:\/\/klubmamgdynia.pl\/index.php\/wp-json\/wp\/v2\/types\/product"}],"replies":[{"embeddable":true,"href":"http:\/\/klubmamgdynia.pl\/index.php\/wp-json\/wp\/v2\/comments?post=9135"}],"wp:featuredmedia":[{"embeddable":true,"href":"http:\/\/klubmamgdynia.pl\/index.php\/wp-json\/wp\/v2\/media\/9136"}],"wp:attachment":[{"href":"http:\/\/klubmamgdynia.pl\/index.php\/wp-json\/wp\/v2\/media?parent=9135"}],"wp:term":[{"taxonomy":"product_cat","embeddable":true,"href":"http:\/\/klubmamgdynia.pl\/index.php\/wp-json\/wp\/v2\/product_cat?post=9135"},{"taxonomy":"product_tag","embeddable":true,"href":"http:\/\/klubmamgdynia.pl\/index.php\/wp-json\/wp\/v2\/product_tag?post=9135"}],"curies":[{"name":"wp","href":"https:\/\/api.w.org\/{rel}","templated":true}]}}