{"id":9137,"date":"2019-10-11T17:51:31","date_gmt":"2019-10-11T15:51:31","guid":{"rendered":"http:\/\/klubmamgdynia.pl\/index.php\/produkt\/zentiva-hyruan-one-30ml-x-1-strzykawka\/"},"modified":"2026-05-17T22:32:44","modified_gmt":"2026-05-17T20:32:44","slug":"zentiva-hyruan-one-30ml-x-1-strzykawka","status":"publish","type":"product","link":"http:\/\/klubmamgdynia.pl\/index.php\/produkt\/zentiva-hyruan-one-30ml-x-1-strzykawka\/","title":{"rendered":"Zentiva Hyruan One 3,0ml x 1 strzykawka"},"content":{"rendered":"<p>.                            <\/p>\n<p>Zentiva Hyruan One 3,0ml x 1 strzykawkaPreparat w postaci ampu\u0142kostrzykawki do podania dostawowego. Wyr\u00f3b medyczny Hyruan ONE jest przeznaczony do stosowania w objawowym leczeniu choroby zwyrodnieniowej stawu kolanowego. Zawiera on w sk\u0142adzie 2% hialuronian sodu usieciowany (3ml w jednej ampu\u0142kostrzykawce). Kwas hialuronowy naturalnie wyst\u0119puje w organizmie \u2013 w du\u017cej ilo\u015bci w stawach. Jest odpowiedzialny m.in. za ochron\u0119 chrz\u0105stki przed wstrz\u0105sami, wykazuje tak\u017ce zdolno\u015b\u0107 \u0142agodzenia b\u00f3lu towarzysz\u0105cego chorobie zwyrodnieniowej staw\u00f3w. Hialuronian sodu zmniejsza tarcie, a tak\u017ce uzupe\u0142nia zawarto\u015b\u0107 p\u0142ynu maziowego w jamie stawowej kolana.                            <\/p>\n<p>PrzeznaczenieObjawowe leczenie choroby zwyrodnieniowej stawu kolanowegoMechanizm dzia\u0142aniaNaturalnie wyst\u0119puj\u0105cy kwas hialuronowy w r\u00f3\u017cnych cz\u0119\u015bciach organizmu pe\u0142ni rol\u0119 poch\u0142aniacza wstrz\u0105s\u00f3w w stawach, chroni chrz\u0105stk\u0119 i \u0142agodzi b\u00f3l zwi\u0105zany z chorob\u0105 zwyrodnieniow\u0105 staw\u00f3w.                            <\/p>\n<p>Spos\u00f3b u\u017cycia roztworu Hyruan ONEDo stosowania wy\u0142\u0105cznie przez lekarza przeszkolonego w zakresie leczenia. Podawa\u0107 dostawowo. Miejsce podania zdezynfekowa\u0107 alkoholem lub innym \u015brodkiem dezynfekuj\u0105cym. Roztw\u00f3r nale\u017cy wstrzykiwa\u0107 bezpo\u015brednio do staw\u00f3w, zabieg nale\u017cy prowadzi\u0107 w warunkach ja\u0142owych. Je\u015bli w jamie stawowej znajduje si\u0119 p\u0142yn, nale\u017cy go najpierw usun\u0105\u0107, nak\u0142uwaj\u0105c staw. Ka\u017cda ampu\u0142kostrzykawka zawiera pojedyncz\u0105 dawk\u0119 do jednego wstrzykni\u0119cia, nale\u017cy poda\u0107 jednorazowo w cyklu leczenia. Zalecana dawka: 3 ml do stawu kolanowego.                            <\/p>\n<p>***Produkt przechowywa\u0107 w spos\u00f3b niedost\u0119pny dla dzieci, w temperaturze pokojowej. Zaleca si\u0119 chroni\u0107 przed dzia\u0142aniem wilgoci i \u015bwiat\u0142a. Stosowanie u dzieci i m\u0142odzie\u017cy: nie ustalono bezpiecze\u0144stwa klinicznego i skuteczno\u015bci. Nale\u017cy zachowa\u0107 ostro\u017cno\u015b\u0107 podczas leczenia u os\u00f3b w podesz\u0142ym wieku. Wstrzykiwanie preparatu do staw\u00f3w obj\u0119tych silnym zapaleniem spowodowanym chorob\u0105 zwyrodnieniowo-zniekszta\u0142caj\u0105c\u0105 staw\u00f3w mo\u017ce prowadzi\u0107 do zaostrzenia miejscowych objaw\u00f3w zapalnych. Stosowa\u0107 go nale\u017cy po ust\u0105pieniu objaw\u00f3w zapalnych. Sporadycznie po podaniu preparatu mo\u017ce wyst\u0105pi\u0107 miejscowy b\u00f3l lub obrz\u0119k, dlatego nale\u017cy poinformowa\u0107 pacjent\u00f3w, aby unikali intensywnego wysi\u0142ku fizycznego lub czynno\u015bci prowadz\u0105cych do b\u00f3lu stawu kolanowego w okresie do 48 godzin po podaniu roztworu, ponadto nale\u017cy zaleci\u0107 wykonywanie miejscowego rozlu\u017anienia. Wyciek preparatu poza jam\u0119 stawow\u0105 mo\u017ce wywo\u0142ywa\u0107 b\u00f3l, dlatego trzeba go dok\u0142adnie wstrzykiwa\u0107 do jamy stawowej. Nale\u017cy unika\u0107 wstrzykni\u0119cia donaczyniowego, pozastawowego i do tkanek mazi\u00f3wki. Podawa\u0107 z u\u017cyciem za\u0142\u0105czonej ig\u0142y. Nale\u017cy zachowa\u0107 ostro\u017cno\u015b\u0107 przy stosowaniu \u015brodka dezynfekuj\u0105cego czwartorz\u0119dowej soli amonowej (np. chlorek benzalkoniowy i chloroheksydyna), mo\u017ce on przyczynia\u0107 si\u0119 do wytr\u0105canie kwasu hialuronowego. Preparat jednorazowego u\u017cytku. Nie u\u017cywa\u0107 ponownie i nie sterylizowa\u0107 ponownie. Po zabiegu nale\u017cy zutylizowa\u0107 strzykawk\u0119, ig\u0142\u0119 i niewykorzystane resztki roztworu. Je\u015bli preparat jest podawany do obu staw\u00f3w kolanowych, do ka\u017cdego podania nale\u017cy u\u017cy\u0107 inny preparat. Nie stosowa\u0107 w przypadku nadwra\u017cliwo\u015bci na kt\u00f3rykolwiek sk\u0142adnik preparatu. Nie stosowa\u0107 w przypadku zaka\u017cenia lub nasilonego zapalenia jamy stawu, choroby lub zaka\u017cenia sk\u00f3ry w okolicy miejsca podania. Podanie preparatu mo\u017ce wywo\u0142a\u0107 ci\u0119\u017ckie zdarzenia niepo\u017c\u0105dane: cz\u0119sto\u015b\u0107 nieznana \u2013 wstrz\u0105s; zdarzenia niepo\u017c\u0105dane zg\u0142oszone w badaniach klinicznych (odczyny miejscowe w miejscu wstrzykni\u0119cia) \u2013 b\u00f3l, wzrost ucieplenia, zaczerwienienie, obrz\u0119k; zdarzenia niepo\u017c\u0105dane z wy\u0142\u0105czeniem tych wyst\u0119puj\u0105cych w miejscu wstrzykni\u0119cia (nasilenie \u0142agodne do umiarkowanego) \u2013 zapalenie nosogardzieli, b\u00f3l, wzrost ucieplenia, zaka\u017cenie g\u00f3rnych dr\u00f3g oddechowych, b\u00f3l ko\u0144czyny, zapalenie p\u0119cherza moczowego, niestrawno\u015b\u0107, parestezja, zaczerwienienie, obrz\u0119k stawu, b\u00f3l mi\u0119\u015bniowo-szkieletowy, zapalenie rozci\u0119gna podeszwowego.<\/p>\n<h2>Zentiva Hyruan One 3,0ml x 1 strzykawka Zentiva<\/h2>\n<p>literki do pisania, jakie s\u0105 dary jesieni, smieszne zagadki, zimowe zagadki, ju\u017c blisko kol\u0119da tekst, zagadki dla 9 latk\u00f3w, zagadki \u015bmieszne dla dzieci, straszne filmy dla dzieci, bajki do czytania dla ch\u0142opc\u00f3w, bajki do czytania dla dzieci, przysz\u0142a zima bia\u0142a, kolorowanki my little pony, ozdoby \u015bwi\u0105teczne z rolek po papierze toaletowym, platformy edukacyjne dla dzieci, pawe\u0142, jak narysowa\u0107 konia, spongebob kolorowanka, domowe syropy na zim\u0119, 1 listopada dzie\u0144 wszystkich \u015bwi\u0119tych kolorowanki, el\u017cbieta imi\u0119, zagadka matematyczna dla dzieci<\/p>\n<p>yyyyy<\/p>\n<p>&nbsp;<\/p>\n","protected":false},"excerpt":{"rendered":"<p>. Zentiva Hyruan One 3,0ml x 1 strzykawkaPreparat w postaci ampu\u0142kostrzykawki do podania dostawowego. Wyr\u00f3b medyczny Hyruan ONE jest przeznaczony do stosowania w objawowym leczeniu choroby zwyrodnieniowej stawu kolanowego. Zawiera on w sk\u0142adzie 2% hialuronian sodu usieciowany (3ml w jednej ampu\u0142kostrzykawce). Kwas hialuronowy naturalnie wyst\u0119puje w organizmie \u2013 w du\u017cej ilo\u015bci w stawach. Jest odpowiedzialny [&hellip;]<\/p>\n","protected":false},"featured_media":9138,"comment_status":"closed","ping_status":"open","template":"","meta":[],"product_cat":[1540,1793],"product_tag":[598,744,655,690,735],"class_list":["post-9137","product","type-product","status-publish","has-post-thumbnail","hentry","product_cat-miesnie-stawy-i-kosci","product_cat-zentiva","product_tag-co-na-roczek-dla-dziewczynki","product_tag-kolorowanki-swiateczne-do-wydruku","product_tag-najlepsze-zagadki","product_tag-pieski-male-dwa-tekst","product_tag-prezent-na-roczek-dziewczynka"],"_links":{"self":[{"href":"http:\/\/klubmamgdynia.pl\/index.php\/wp-json\/wp\/v2\/product\/9137","targetHints":{"allow":["GET"]}}],"collection":[{"href":"http:\/\/klubmamgdynia.pl\/index.php\/wp-json\/wp\/v2\/product"}],"about":[{"href":"http:\/\/klubmamgdynia.pl\/index.php\/wp-json\/wp\/v2\/types\/product"}],"replies":[{"embeddable":true,"href":"http:\/\/klubmamgdynia.pl\/index.php\/wp-json\/wp\/v2\/comments?post=9137"}],"wp:featuredmedia":[{"embeddable":true,"href":"http:\/\/klubmamgdynia.pl\/index.php\/wp-json\/wp\/v2\/media\/9138"}],"wp:attachment":[{"href":"http:\/\/klubmamgdynia.pl\/index.php\/wp-json\/wp\/v2\/media?parent=9137"}],"wp:term":[{"taxonomy":"product_cat","embeddable":true,"href":"http:\/\/klubmamgdynia.pl\/index.php\/wp-json\/wp\/v2\/product_cat?post=9137"},{"taxonomy":"product_tag","embeddable":true,"href":"http:\/\/klubmamgdynia.pl\/index.php\/wp-json\/wp\/v2\/product_tag?post=9137"}],"curies":[{"name":"wp","href":"https:\/\/api.w.org\/{rel}","templated":true}]}}