{"id":914,"date":"2011-09-12T23:33:49","date_gmt":"2011-09-12T21:33:49","guid":{"rendered":"http:\/\/klubmamgdynia.pl\/index.php\/produkt\/hipo-koraliki-do-zgrzewania-3000-szt-bt-0078-hkz12\/"},"modified":"2026-04-30T18:56:49","modified_gmt":"2026-04-30T16:56:49","slug":"hipo-koraliki-do-zgrzewania-3000-szt-bt-0078-hkz12","status":"publish","type":"product","link":"http:\/\/klubmamgdynia.pl\/index.php\/produkt\/hipo-koraliki-do-zgrzewania-3000-szt-bt-0078-hkz12\/","title":{"rendered":"Hipo Koraliki Do Zgrzewania 3000 szt. Bt-0078 (Hkz12)"},"content":{"rendered":"<p>Zestaw koralik\u00f3w do tworzenia wzor\u00f3w firmy HIPO. Dzi\u0119ki do\u0142\u0105czonemu do zestawu precyzyjnemu narz\u0119dziu mo\u017cliwe jest nak\u0142adanie koralik\u00f3w na specjaln\u0105 matryc\u0119 i tworzenie przer\u00f3\u017cnych wzor\u00f3w. Ogranicza nas tylko wyobra\u017ania. W zestawie znajduje si\u0119 a\u017c 3000 r\u00f3\u017cnokolorowych koralik\u00f3w. W pude\u0142ku znajdziemy r\u00f3wnie\u017c specjalny papier, kt\u00f3ry mo\u017cemy przy\u0142o\u017cy\u0107 do uko\u0144czonego wzoru i zgrza\u0107 ca\u0142o\u015b\u0107 rozgrzanym do \u015bredniej temperatury \u017celazkiem. Dzi\u0119ki temu utworzony wz\u00f3r mo\u017ce zosta\u0107 wyj\u0119ty z matrycy i od tej po&#8230;<\/p>\n<h2>Hipo Koraliki Do Zgrzewania 3000 szt. Bt-0078 (Hkz12) Hipo<\/h2>\n<p>wzory zaprosze\u0144 zaproszenie na urodziny do druku pdf, madre zyczenia bozonarodzeniowe, nadia imi\u0119, asiunia &#8211; test z lektury pdf, 20 pytania do lektury ma\u0142y ksi\u0105\u017c\u0119, wiktor, kolorowanka my little pony, kielich z hosti\u0105 do druku, ozdoby choinkowe dla dzieci, karyna, paloma, cytat o przyja\u017ani, lody kolorowanka, lilianna, prezenty roczek<\/p>\n<p>yyyyy<\/p>\n<p>&nbsp;<\/p>\n","protected":false},"excerpt":{"rendered":"<p>Zestaw koralik\u00f3w do tworzenia wzor\u00f3w firmy HIPO. Dzi\u0119ki do\u0142\u0105czonemu do zestawu precyzyjnemu narz\u0119dziu mo\u017cliwe jest nak\u0142adanie koralik\u00f3w na specjaln\u0105 matryc\u0119 i tworzenie przer\u00f3\u017cnych wzor\u00f3w. Ogranicza nas tylko wyobra\u017ania. W zestawie znajduje si\u0119 a\u017c 3000 r\u00f3\u017cnokolorowych koralik\u00f3w. W pude\u0142ku znajdziemy r\u00f3wnie\u017c specjalny papier, kt\u00f3ry mo\u017cemy przy\u0142o\u017cy\u0107 do uko\u0144czonego wzoru i zgrza\u0107 ca\u0142o\u015b\u0107 rozgrzanym do \u015bredniej temperatury [&hellip;]<\/p>\n","protected":false},"featured_media":915,"comment_status":"closed","ping_status":"open","template":"","meta":[],"product_cat":[310,21],"product_tag":[630,596,608],"class_list":["post-914","product","type-product","status-publish","has-post-thumbnail","hentry","product_cat-hipo","product_cat-zabawki-plastyczne","product_tag-podchwytliwe-zagadki-z-odpowiedziami","product_tag-pomysly-na-prima-aprilis","product_tag-zagadki-i-odpowiedzi"],"_links":{"self":[{"href":"http:\/\/klubmamgdynia.pl\/index.php\/wp-json\/wp\/v2\/product\/914","targetHints":{"allow":["GET"]}}],"collection":[{"href":"http:\/\/klubmamgdynia.pl\/index.php\/wp-json\/wp\/v2\/product"}],"about":[{"href":"http:\/\/klubmamgdynia.pl\/index.php\/wp-json\/wp\/v2\/types\/product"}],"replies":[{"embeddable":true,"href":"http:\/\/klubmamgdynia.pl\/index.php\/wp-json\/wp\/v2\/comments?post=914"}],"wp:featuredmedia":[{"embeddable":true,"href":"http:\/\/klubmamgdynia.pl\/index.php\/wp-json\/wp\/v2\/media\/915"}],"wp:attachment":[{"href":"http:\/\/klubmamgdynia.pl\/index.php\/wp-json\/wp\/v2\/media?parent=914"}],"wp:term":[{"taxonomy":"product_cat","embeddable":true,"href":"http:\/\/klubmamgdynia.pl\/index.php\/wp-json\/wp\/v2\/product_cat?post=914"},{"taxonomy":"product_tag","embeddable":true,"href":"http:\/\/klubmamgdynia.pl\/index.php\/wp-json\/wp\/v2\/product_tag?post=914"}],"curies":[{"name":"wp","href":"https:\/\/api.w.org\/{rel}","templated":true}]}}