{"id":9141,"date":"2012-08-20T11:32:18","date_gmt":"2012-08-20T09:32:18","guid":{"rendered":"http:\/\/klubmamgdynia.pl\/index.php\/produkt\/bio-organic-foods-mlody-jeczmien-zielony-270-g\/"},"modified":"2026-04-27T04:44:44","modified_gmt":"2026-04-27T02:44:44","slug":"bio-organic-foods-mlody-jeczmien-zielony-270-g","status":"publish","type":"product","link":"http:\/\/klubmamgdynia.pl\/index.php\/produkt\/bio-organic-foods-mlody-jeczmien-zielony-270-g\/","title":{"rendered":"Bio Organic Foods M\u0142ody J\u0119czmie\u0144 Zielony 270 g"},"content":{"rendered":"<p>Zielony Mand#322;ody Jand#281;czmieand#324; 270g BIO ORGANIC FOODS 100% BIO Mand#322;ody Jand#281;czmieand#324; to sproszkowany ekstrakt z liand#347;ci mand#322;odego jand#281;czmienia (sproszkowany sok), pochodzand#261;cy z kontrolowanych upraw ekologicznych, caand#322;kowicie rozpuszczalny w wodzie. Posiada peand#322;nand#261; gamand#281; witamin, skand#322;adnik\u00f3w mineralnych, pierwiastk\u00f3w and#347;ladowych oraz aminokwas\u00f3w i to w takim skand#322;adzie, w jakim skomponowaand#322;a je sama natura. Zielone listki mand#322;odego jand#281;czmienia w por\u00f3wnaniu z pszenicand#261; posiadajand#261; ponad 2 razy wiand#281;cej magnezu, 5 razy wiand#281;cej and#380;elaza, 25 razy wiand#281;cej potasu oraz aand#380; 37 razy wiand#281;cej wapnia. O wyjand#261;tkowych wartoand#347;ciach odand#380;ywczych soku jand#281;czmiennego napisano kilkadziesiand#261;t prac naukowych i opracowaand#324;. Mand#322;ody Jand#281;czmieand#324; jest uprawiany sposobem organicznym bez dodatku sztucznych nawoz\u00f3w w rejonie prastarych wyschniand#281;tych jezior sand#322;odkowodnych. Podlewanie wodand#261; mineralnand#261; wprost z podziemnych and#378;r\u00f3deand#322; gwarantuje and#347;wieand#380;oand#347;and#263; i czystoand#347;and#263; tej wspaniaand#322;ej roand#347;liny. Mand#322;ody Jand#281;czmieand#324; przywraca r\u00f3wnowagand#281; kwasowo-zasadowand#261;. Zawiera takand#380;e witaminy, kt\u00f3re aktywujand#261; enzymy pomagajand#261;ce zapobieganiu chorobom i stanom patologicznym. Wartoand#347;ci odand#380;ywcze: Ma wysokand#261; zawartoand#347;and#263; betakarotenu, witamin C i E oraz witamin z grupy B: B1, B2, B3, B6, biotyny, kwasu foliowego, kwasu pantenowego i choliny, pochodnej witaminy B. Na niedob\u00f3r witamin cierpimy z powodu przewagi przetworzonych produkt\u00f3w spoand#380;ywczych w naszej codziennej diecie oraz faktu, and#380;e pokarmy tracand#261; wiand#281;kszoand#347;and#263; wartoand#347;ciowych skand#322;adnik\u00f3w odand#380;ywczych zanim dostanand#261; siand#281; na nasz st\u00f3and#322;. Zawartoand#347;and#263; witaminy C w and#347;wieand#380;o pokrojonej rzodkiewce na powietrzu spada do poand#322;owy juand#380; w ciand#261;gu piand#281;ciu minut. Iloand#347;and#263; witamin B1 i B2 w pokarmach dramatycznie spada podczas gotowania. W Mand#322;odym Jand#281;czmieniu zostaand#322; odkryty wyjand#261;tkowo skuteczny przeciwutleniacz 2andPrime;-O-glikozylisowiteksyna (GIV). Jego antyoksydacyjne dziaand#322;anie wobec utleniajand#261;cej szkodliwoand#347;ci promieni UV jest w przybliand#380;eniu 500 razy wyand#380;sze niand#380; dziaand#322;anie witaminy E, jest on teand#380; kilkukrotnie skuteczniejszy niand#380; witamina C. Z jednej pand#322;askiej and#322;yand#380;eczki sproszkowanego soku i szklanki wody po wymieszaniu otrzymujemy szklankand#281; soku jakby prosto z wyciskarki, kt\u00f3rego zawartoand#347;and#263; skand#322;adnik\u00f3w mineralnych i substancji odand#380;ywczych odpowiada skand#322;adem aand#380; 2 kg ekologicznie uprawianych owoc\u00f3w i warzyw!!! Korzyand#347;ci z picia soku z Mand#322;odego Jand#281;czmienia: wspomaga odchudzanie super energetyczny doskonaand#322;e and#378;r\u00f3dand#322;o witamin i mineraand#322;\u00f3w najwyand#380;sza koncentracja soku na rynku wyjand#261;tkowo odand#380;ywczy dla wszystkich naszych kom\u00f3rek and#380;ywy sok o niesamowitej iloand#347;ci enzym\u00f3w, kt\u00f3re odmand#322;adzajand#261; nasze ciaand#322;o poprzez swojand#261; wybitnand#261; zasadotw\u00f3rczoand#347;and#263; pomaga w utracie zband#281;dnych kilogram\u00f3w Polecany jest r\u00f3wnieand#380; osobom chorujand#261;cym na: &#8211; cukrzycand#281;- zaburzenia pracy tarczycy- anemiand#281;- miaand#380;dand#380;ycand#281;- nadciand#347;nienie oraz osteoporozand#281; Sok z liand#347;ci Mand#322;odego Jand#281;czmienia polecany jest wszystkim ludziom dbajand#261;cym o prawidand#322;owe odand#380;ywianie, a w szczeg\u00f3lnoand#347;ci studentom, uczniom, osobom w podeszand#322;ym wieku. Wykaz skand#322;adnik\u00f3w: 100% sok (ekstrakt) Mand#322;odego Jand#281;czmienia suszony w niskiej temperaturze Kraj pochodzenia: USA Zawartoand#347;and#263; netto (bez opakowania): 270 g (wystarcza na przyrzand#261;dzenie okoand#322;o 250 szklanek soku do picia) Producent: BIO ORGANIC FOODS Handlowa 7 15-399 Biaand#322;ystok Spos\u00f3b uand#380;ycia: Zalecana porcja spoand#380;ycia w ciand#261;gu dnia to 2 gramy proszku, z kt\u00f3rego naleand#380;y przyrzand#261;dziand#263; 2 szklanki soku. Jednand#261; szklankand#281; soku naleand#380;y wypiand#263; rano naczczo 30 minut przed and#347;niadaniem oraz jednand#261; szklankand#281; soku naleand#380;y wypiand#263; wieczorem minimum 2 godziny po kolacji, najlepiej tuand#380; przed snem. Sok piand#263; maand#322;ymi and#322;ykami przetrzymujand#261;c przetrzymujand#261;c przez kilka sekund w ustach.Nie przekraczaand#263; zalecanej porcji do spoand#380;ycia w ciand#261;gu dnia. Spos\u00f3b przygotowania 1 szklanki soku:Do sand#322;oika lub szejkera wlaand#263; szklankand#281; niegazowanej wody mineralnej (moand#380;na do niej dodaand#263; sok z cytryny) lub dowolnego soku owocowego o temperaturze pokojowej. Wsypaand#263; sproszkowany sok do wody zaand#322;and#261;czonand#261; and#322;yand#380;eczkand#261;, zakrand#281;ciand#263; i caand#322;oand#347;and#263; wyszejkowaand#263; (nie mieszaand#263; and#322;yand#380;eczkand#261;). Sok naleand#380;y piand#263; bezpoand#347;rednio po przyrzand#261;dzeniu. Przy spoand#380;yciu 2 szklanek soku dziennie opakowanie 270 gram wystarcza na ponad 3 miesiand#261;ce spoand#380;ywania soku z Mand#322;odego Jand#281;czmienia. Nie moand#380;e byand#263; stosowany jako substytut zr\u00f3and#380;nicowanej diety. Termin przydatnoand#347;ci: Wszystkie oferowane produkty sand#261; and#347;wieand#380;e o ile nie napisano inaczej w ofercie. Na and#380;yczenie podajemy dokand#322;adny termin przydatnoand#347;ci e-mailowo lub telefonicznie. PRODUKT POSIADA CERTYFIKAT EKOLOGICZNY Logo and#380;ywnoand#347;ci ekologicznej powoduje, and#380;e konsumenci majand#261; pewnoand#347;and#263; co do pochodzenia i jakoand#347;ci kupowanej przez siebie and#380;ywnoand#347;ci i napoj\u00f3w. Obecnoand#347;and#263; tego logo na dowolnym produkcie oznacza zgodnoand#347;and#263; tego wyrobu z rozporzand#261;dzeniem w sprawie rolnictwa ekologicznego.<\/p>\n<h2>Bio Organic Foods M\u0142ody J\u0119czmie\u0144 Zielony 270 g <\/h2>\n<p>konkurs dla dzieci, przek\u0105ski na urodziny dziecka, kolorowanki disney, klockownia wroc\u0142aw, \u0142amig\u0142\u00f3wki logiczne, bezwarunkowa mi\u0142o\u015b\u0107 do dziecka cytaty, bajka o \u017cabie, flagi \u015bwiata quiz, skye kolorowanka, gabriel imi\u0119, rysowanie po \u015bladzie pdf, cytaty o wychowaniu i nauczaniu, kolorowanki do pobrania, zadania dla dzieci z ukrainy, skalne miasto, wierszyki na lany poniedzia\u0142ek, test z dzieci z bullerbyn, quiz online<\/p>\n<p>yyyyy<\/p>\n<p>&nbsp;<\/p>\n","protected":false},"excerpt":{"rendered":"<p>Zielony Mand#322;ody Jand#281;czmieand#324; 270g BIO ORGANIC FOODS 100% BIO Mand#322;ody Jand#281;czmieand#324; to sproszkowany ekstrakt z liand#347;ci mand#322;odego jand#281;czmienia (sproszkowany sok), pochodzand#261;cy z kontrolowanych upraw ekologicznych, caand#322;kowicie rozpuszczalny w wodzie. Posiada peand#322;nand#261; gamand#281; witamin, skand#322;adnik\u00f3w mineralnych, pierwiastk\u00f3w and#347;ladowych oraz aminokwas\u00f3w i to w takim skand#322;adzie, w jakim skomponowaand#322;a je sama natura. Zielone listki mand#322;odego jand#281;czmienia w [&hellip;]<\/p>\n","protected":false},"featured_media":9142,"comment_status":"closed","ping_status":"open","template":"","meta":[],"product_cat":[1776],"product_tag":[691,667,594,826],"class_list":["post-9141","product","type-product","status-publish","has-post-thumbnail","hentry","product_cat-suplementy-na-odchudzanie","product_tag-gabriel","product_tag-kolorowanka-lol","product_tag-podchwytliwe-zagadki-dla-dzieci","product_tag-prezent-dla-15-latka"],"_links":{"self":[{"href":"http:\/\/klubmamgdynia.pl\/index.php\/wp-json\/wp\/v2\/product\/9141","targetHints":{"allow":["GET"]}}],"collection":[{"href":"http:\/\/klubmamgdynia.pl\/index.php\/wp-json\/wp\/v2\/product"}],"about":[{"href":"http:\/\/klubmamgdynia.pl\/index.php\/wp-json\/wp\/v2\/types\/product"}],"replies":[{"embeddable":true,"href":"http:\/\/klubmamgdynia.pl\/index.php\/wp-json\/wp\/v2\/comments?post=9141"}],"wp:featuredmedia":[{"embeddable":true,"href":"http:\/\/klubmamgdynia.pl\/index.php\/wp-json\/wp\/v2\/media\/9142"}],"wp:attachment":[{"href":"http:\/\/klubmamgdynia.pl\/index.php\/wp-json\/wp\/v2\/media?parent=9141"}],"wp:term":[{"taxonomy":"product_cat","embeddable":true,"href":"http:\/\/klubmamgdynia.pl\/index.php\/wp-json\/wp\/v2\/product_cat?post=9141"},{"taxonomy":"product_tag","embeddable":true,"href":"http:\/\/klubmamgdynia.pl\/index.php\/wp-json\/wp\/v2\/product_tag?post=9141"}],"curies":[{"name":"wp","href":"https:\/\/api.w.org\/{rel}","templated":true}]}}