{"id":9143,"date":"2015-05-20T20:05:12","date_gmt":"2015-05-20T18:05:12","guid":{"rendered":"http:\/\/klubmamgdynia.pl\/index.php\/produkt\/spin-master-tech-deck-neonowa-mega-rampa\/"},"modified":"2026-05-17T23:04:23","modified_gmt":"2026-05-17T21:04:23","slug":"spin-master-tech-deck-neonowa-mega-rampa","status":"publish","type":"product","link":"http:\/\/klubmamgdynia.pl\/index.php\/produkt\/spin-master-tech-deck-neonowa-mega-rampa\/","title":{"rendered":"Spin Master Tech Deck Neonowa Mega Rampa"},"content":{"rendered":"<p>Spin Master Tech Deck Neonowa Mega Rampa<\/p>\n<p>Spin Master Tech Deck Neonowa Mega RampaStw\u00f3rz sw\u00f3j neonowy skatepark z\u00a0Tech Deck Neon Mega Park! Ten ogromny, \u015bwiec\u0105cy w ciemno\u015bci zestaw ramp X-Connect Park Creator zawiera wszystko, co potrzebne do zbudowania i dostosowania niesamowitego mega parku, aby doskonali\u0107 swoje umiej\u0119tno\u015bci jazdy na deskorolce. Ustawiaj rampy, por\u0119cze, p\u00f3\u0142ki, schodki w r\u00f3\u017cnych kombinacjach, aby uczy\u0107 si\u0119 i rozwija\u0107 swoje sztuczki. Szlifuj por\u0119cze, zje\u017cd\u017caj z p\u00f3\u0142ki Hubba, skacz po schodach i dostosowuj ca\u0142e miejsce tak, jak masz na to ochot\u0119. Baw si\u0119 dwoma fingerboardami Blind Skateboards i korzystaj z kart sztuczek, aby wykonywa\u0107 r\u00f3\u017cne tricki i rywalizowa\u0107 z przyjaci\u00f3\u0142mi. Dobierz kart\u0119 \u2013 kto wykona zaprezentowan\u0105 na niej sztuczk\u0119, ten wygrywa! \u0141\u0105cz park z innymi rampami kompatybilnymi z X-Connect takimi jak Big Vert Wall czy Flip N\u2019 Grind (sprzedawanymi osobno), aby zbudowa\u0107 najlepszy obiekt, na kt\u00f3rym mo\u017cesz je\u017adzi\u0107. Po\u0142\u0105cz Neon Mega Park Creator ze swoj\u0105 kolekcj\u0105 fingerboard\u00f3w Tech Deck albo BMXami Tech Deck (wszystkie sprzedawane osobno). Fingerboardy i rampy Tech Deck s\u0105 przeznaczone dla dzieci i mi\u0142o\u015bnik\u00f3w jazdy na deskorolce od lat 6. Je\u015bli chcesz prawdziwych skateboardowych grafik od prawdziwych skateboardowych firm, to musi by\u0107 Tech Deck! Zacznij od ma\u0142ych, przejd\u017a do du\u017cych i zbierz je wszystkie!                            <\/p>\n<p>Zawarto\u015b\u0107 i cechy zestawu:Zestaw Neonowa Mega Rampa2 ekskluzywne deski Tech Deck blind4 kartyInstrukcjaZbierz ca\u0142\u0105 kolekcj\u0119 desek (sprzedawane oddzielnie)<\/p>\n<h2>Spin Master Tech Deck Neonowa Mega Rampa Spin Master<\/h2>\n<p>dzie\u0144 mamy sentencje, tajemniczy ogr\u00f3d test z lektury, jasmin imie, \u015bwinka peppa do czytania, co na prezent dla 7 latki, cytaty o dzieci\u0144stwie, prezent dla trzynastolatki, cytaty ma\u0142y ksi\u0105\u017ce, \u015bmieszne zagadki dla dzieci 10 lat, kolorowanka elsa, kolorowanki na dzie\u0144 mamy, psikusy na prima aprilis<\/p>\n<p>yyyyy<\/p>\n<p>&nbsp;<\/p>\n","protected":false},"excerpt":{"rendered":"<p>Spin Master Tech Deck Neonowa Mega Rampa Spin Master Tech Deck Neonowa Mega RampaStw\u00f3rz sw\u00f3j neonowy skatepark z\u00a0Tech Deck Neon Mega Park! Ten ogromny, \u015bwiec\u0105cy w ciemno\u015bci zestaw ramp X-Connect Park Creator zawiera wszystko, co potrzebne do zbudowania i dostosowania niesamowitego mega parku, aby doskonali\u0107 swoje umiej\u0119tno\u015bci jazdy na deskorolce. Ustawiaj rampy, por\u0119cze, p\u00f3\u0142ki, schodki [&hellip;]<\/p>\n","protected":false},"featured_media":9144,"comment_status":"closed","ping_status":"open","template":"","meta":[],"product_cat":[1703,94],"product_tag":[719,593,717,830,693,791],"class_list":["post-9143","product","type-product","status-publish","has-post-thumbnail","hentry","product_cat-fingerboard-i-fingerbike","product_cat-spin-master","product_tag-dziecko-cytaty-zlote-mysli","product_tag-jak-narysowac-konia","product_tag-prezent-roczek","product_tag-rodzina-cytaty","product_tag-zagadki-dla-doroslych","product_tag-zagadki-na-myslenie"],"_links":{"self":[{"href":"http:\/\/klubmamgdynia.pl\/index.php\/wp-json\/wp\/v2\/product\/9143","targetHints":{"allow":["GET"]}}],"collection":[{"href":"http:\/\/klubmamgdynia.pl\/index.php\/wp-json\/wp\/v2\/product"}],"about":[{"href":"http:\/\/klubmamgdynia.pl\/index.php\/wp-json\/wp\/v2\/types\/product"}],"replies":[{"embeddable":true,"href":"http:\/\/klubmamgdynia.pl\/index.php\/wp-json\/wp\/v2\/comments?post=9143"}],"wp:featuredmedia":[{"embeddable":true,"href":"http:\/\/klubmamgdynia.pl\/index.php\/wp-json\/wp\/v2\/media\/9144"}],"wp:attachment":[{"href":"http:\/\/klubmamgdynia.pl\/index.php\/wp-json\/wp\/v2\/media?parent=9143"}],"wp:term":[{"taxonomy":"product_cat","embeddable":true,"href":"http:\/\/klubmamgdynia.pl\/index.php\/wp-json\/wp\/v2\/product_cat?post=9143"},{"taxonomy":"product_tag","embeddable":true,"href":"http:\/\/klubmamgdynia.pl\/index.php\/wp-json\/wp\/v2\/product_tag?post=9143"}],"curies":[{"name":"wp","href":"https:\/\/api.w.org\/{rel}","templated":true}]}}