{"id":9145,"date":"2017-02-22T21:10:59","date_gmt":"2017-02-22T20:10:59","guid":{"rendered":"http:\/\/klubmamgdynia.pl\/index.php\/produkt\/spin-master-wizarding-world-lalka-cho-20-cm\/"},"modified":"2026-04-07T12:36:14","modified_gmt":"2026-04-07T10:36:14","slug":"spin-master-wizarding-world-lalka-cho-20-cm","status":"publish","type":"product","link":"http:\/\/klubmamgdynia.pl\/index.php\/produkt\/spin-master-wizarding-world-lalka-cho-20-cm\/","title":{"rendered":"Spin Master Wizarding World Lalka Cho 20 cm"},"content":{"rendered":"<p>Harry Potter &#8211; Lalka Cho Chang 6061837 Lalka z serii Harry Potter przedstawia Cho Chang \u2013 urocz\u0105 bohaterk\u0119, kt\u00f3ra nale\u017ca\u0142a do Ravenclawu. Lalka mierzy 20 cm wysoko\u015bci i ma na sobie szkolny str\u00f3j sk\u0142adaj\u0105cy si\u0119 z szarego sweterka i tiulowej sp\u00f3dniczki. Cho ma d\u0142ugie, czarne w\u0142osy, a w r\u0119ku trzyma swoj\u0105 magiczn\u0105 r\u00f3\u017cd\u017ck\u0119. Lalka Cho Chang marki Spin Master dedykowana jest dzieciom powy\u017cej 5. roku \u017cycia. Harry Potter &#8211; Lalka Cho Chang &#8211; informacje dodatkowe: Producent: Spin Master Seria: Harry Potter Numer katalogowy: 6061837 Wiek dziecka: + 5 lat Wymiary opakowania: 13 cm x 31 cm x 6,5 cm<\/p>\n<h2>Spin Master Wizarding World Lalka Cho 20 cm Spin Master<\/h2>\n<p>zagadki rymowanki dla dzieci, literki dla dzieci, bajka o kreciku, mia, znane misie z film\u00f3w animowanych, kolorowanki do druku kotki, pi\u0119kne cytaty o synku, sentencja dla dziecka, jeremi imi\u0119, misie z bajek, piosenka dla taty przedszkole, prezent na roczek nie zabawka, kolorowanki do druku dla dziewczyn, fajne \u017carty na prima aprilis, maski do druku kolorowe, aniela imie, linda, test miko\u0142ajek 25 pyta\u0144, miriam imie, jak narysowa\u0107 sanie miko\u0142aja, dawne ko\u0142ysanki teksty<\/p>\n<p>yyyyy<\/p>\n<p>&nbsp;<\/p>\n","protected":false},"excerpt":{"rendered":"<p>Harry Potter &#8211; Lalka Cho Chang 6061837 Lalka z serii Harry Potter przedstawia Cho Chang \u2013 urocz\u0105 bohaterk\u0119, kt\u00f3ra nale\u017ca\u0142a do Ravenclawu. Lalka mierzy 20 cm wysoko\u015bci i ma na sobie szkolny str\u00f3j sk\u0142adaj\u0105cy si\u0119 z szarego sweterka i tiulowej sp\u00f3dniczki. Cho ma d\u0142ugie, czarne w\u0142osy, a w r\u0119ku trzyma swoj\u0105 magiczn\u0105 r\u00f3\u017cd\u017ck\u0119. Lalka Cho [&hellip;]<\/p>\n","protected":false},"featured_media":9146,"comment_status":"closed","ping_status":"open","template":"","meta":[],"product_cat":[95,94],"product_tag":[728,706,723,627,841,604,873],"class_list":["post-9145","product","type-product","status-publish","has-post-thumbnail","hentry","product_cat-figurki-makiety-i-zestawy","product_cat-spin-master","product_tag-bezwarunkowa-milosc-do-dziecka-cytaty","product_tag-imie-kuba","product_tag-krotkie-bajki-do-czytania-na-dobranoc","product_tag-quiz-dzieci-z-bullerbyn","product_tag-quiz-o-flagach","product_tag-zagadki-trudne","product_tag-zagadki-z-odpowiedziami-dla-dzieci"],"_links":{"self":[{"href":"http:\/\/klubmamgdynia.pl\/index.php\/wp-json\/wp\/v2\/product\/9145","targetHints":{"allow":["GET"]}}],"collection":[{"href":"http:\/\/klubmamgdynia.pl\/index.php\/wp-json\/wp\/v2\/product"}],"about":[{"href":"http:\/\/klubmamgdynia.pl\/index.php\/wp-json\/wp\/v2\/types\/product"}],"replies":[{"embeddable":true,"href":"http:\/\/klubmamgdynia.pl\/index.php\/wp-json\/wp\/v2\/comments?post=9145"}],"wp:featuredmedia":[{"embeddable":true,"href":"http:\/\/klubmamgdynia.pl\/index.php\/wp-json\/wp\/v2\/media\/9146"}],"wp:attachment":[{"href":"http:\/\/klubmamgdynia.pl\/index.php\/wp-json\/wp\/v2\/media?parent=9145"}],"wp:term":[{"taxonomy":"product_cat","embeddable":true,"href":"http:\/\/klubmamgdynia.pl\/index.php\/wp-json\/wp\/v2\/product_cat?post=9145"},{"taxonomy":"product_tag","embeddable":true,"href":"http:\/\/klubmamgdynia.pl\/index.php\/wp-json\/wp\/v2\/product_tag?post=9145"}],"curies":[{"name":"wp","href":"https:\/\/api.w.org\/{rel}","templated":true}]}}