{"id":9147,"date":"2013-01-28T03:43:58","date_gmt":"2013-01-28T02:43:58","guid":{"rendered":"http:\/\/klubmamgdynia.pl\/index.php\/produkt\/trefl-puzzle-2000el-sielskie-zycie-27106\/"},"modified":"2026-05-17T22:06:01","modified_gmt":"2026-05-17T20:06:01","slug":"trefl-puzzle-2000el-sielskie-zycie-27106","status":"publish","type":"product","link":"http:\/\/klubmamgdynia.pl\/index.php\/produkt\/trefl-puzzle-2000el-sielskie-zycie-27106\/","title":{"rendered":"Trefl Puzzle 2000el. Sielskie \u017bycie 27106"},"content":{"rendered":"<p>Trefl Puzzle 2000el. Sielskie \u017bycie 27106Puzzle Sielskie \u017cycie zosta\u0142y stworzone przez niezwykle szybko rozwijaj\u0105c\u0105 si\u0119 polsk\u0105 mark\u0119 Trefl, kt\u00f3ra s\u0142ynie z produkt\u00f3w wysokiej jako\u015bci. Zestaw puzzli sk\u0142ada si\u0119 z 2000 element\u00f3w i umo\u017cliwia u\u0142o\u017cenie niezwykle barwnego obrazka przedstawiaj\u0105cego sielski krajobraz na wiejskiej farmie. U\u0142o\u017cony obrazek ma wymiary 96,1 x 68,2 cm.Puzzle nale\u017c\u0105 do ekskluzywnej linii produkt\u00f3w Premium Quality. Cechuje je wysoka jako\u015b\u0107 i du\u017ce nasycenie kolor\u00f3w. Puzzle zosta\u0142y wyprodukowane w Polsce z ekologicznych materia\u0142\u00f3w.<\/p>\n<h2>Trefl Puzzle 2000el. Sielskie \u017bycie 27106 Trefl<\/h2>\n<p>bajka na dobranoc do czytania, zagadki trudne, smieszne zagadki, wierszyk o wakacjach, maski zwierz\u0105t szablony do druku, samolot z papieru, cytat z ma\u0142ego ksi\u0119cia o przyja\u017ani, pia, prezent dla pi\u0119tnastolatka, jak si\u0119 rysuje kota, szlaczki literopodobne, s\u0142oneczko, transformers kolorowanka, kolorowanki do druku dla ch\u0142opc\u00f3w, malowanki piesek<\/p>\n<p>yyyyy<\/p>\n<p>&nbsp;<\/p>\n","protected":false},"excerpt":{"rendered":"<p>Trefl Puzzle 2000el. Sielskie \u017bycie 27106Puzzle Sielskie \u017cycie zosta\u0142y stworzone przez niezwykle szybko rozwijaj\u0105c\u0105 si\u0119 polsk\u0105 mark\u0119 Trefl, kt\u00f3ra s\u0142ynie z produkt\u00f3w wysokiej jako\u015bci. Zestaw puzzli sk\u0142ada si\u0119 z 2000 element\u00f3w i umo\u017cliwia u\u0142o\u017cenie niezwykle barwnego obrazka przedstawiaj\u0105cego sielski krajobraz na wiejskiej farmie. U\u0142o\u017cony obrazek ma wymiary 96,1 x 68,2 cm.Puzzle nale\u017c\u0105 do ekskluzywnej linii [&hellip;]<\/p>\n","protected":false},"featured_media":9148,"comment_status":"closed","ping_status":"open","template":"","meta":[],"product_cat":[90,104],"product_tag":[728,808,638,591,588],"class_list":["post-9147","product","type-product","status-publish","has-post-thumbnail","hentry","product_cat-puzzle","product_cat-trefl","product_tag-bezwarunkowa-milosc-do-dziecka-cytaty","product_tag-imie-mia","product_tag-miastodzieci","product_tag-quiz-o-minecraft","product_tag-wzruszajace-slowa-dla-przyjaciela"],"_links":{"self":[{"href":"http:\/\/klubmamgdynia.pl\/index.php\/wp-json\/wp\/v2\/product\/9147","targetHints":{"allow":["GET"]}}],"collection":[{"href":"http:\/\/klubmamgdynia.pl\/index.php\/wp-json\/wp\/v2\/product"}],"about":[{"href":"http:\/\/klubmamgdynia.pl\/index.php\/wp-json\/wp\/v2\/types\/product"}],"replies":[{"embeddable":true,"href":"http:\/\/klubmamgdynia.pl\/index.php\/wp-json\/wp\/v2\/comments?post=9147"}],"wp:featuredmedia":[{"embeddable":true,"href":"http:\/\/klubmamgdynia.pl\/index.php\/wp-json\/wp\/v2\/media\/9148"}],"wp:attachment":[{"href":"http:\/\/klubmamgdynia.pl\/index.php\/wp-json\/wp\/v2\/media?parent=9147"}],"wp:term":[{"taxonomy":"product_cat","embeddable":true,"href":"http:\/\/klubmamgdynia.pl\/index.php\/wp-json\/wp\/v2\/product_cat?post=9147"},{"taxonomy":"product_tag","embeddable":true,"href":"http:\/\/klubmamgdynia.pl\/index.php\/wp-json\/wp\/v2\/product_tag?post=9147"}],"curies":[{"name":"wp","href":"https:\/\/api.w.org\/{rel}","templated":true}]}}