{"id":9151,"date":"2012-01-06T05:29:14","date_gmt":"2012-01-06T04:29:14","guid":{"rendered":"http:\/\/klubmamgdynia.pl\/index.php\/produkt\/force-opaska-sportowa-na-glowe-points-sport-58143-niebieski-rozowy\/"},"modified":"2026-04-05T19:18:15","modified_gmt":"2026-04-05T17:18:15","slug":"force-opaska-sportowa-na-glowe-points-sport-58143-niebieski-rozowy","status":"publish","type":"product","link":"http:\/\/klubmamgdynia.pl\/index.php\/produkt\/force-opaska-sportowa-na-glowe-points-sport-58143-niebieski-rozowy\/","title":{"rendered":"Force Opaska Sportowa Na G\u0142ow\u0119 Points Sport 58143 Niebieski R\u00f3\u017cowy"},"content":{"rendered":"<p>polecana na wiosn\u0119\/lato\/jesie\u0144 nadaje si\u0119 do szerokiej gamy zaj\u0119\u0107 sportowych, unisex rozmiar: szeroko\u015b\u0107 10 cm x obw\u00f3d 44 cm materia\u0142: 82% poliester, 18% elastan<\/p>\n<h2>Force Opaska Sportowa Na G\u0142ow\u0119 Points Sport 58143 Niebieski R\u00f3\u017cowy Force<\/h2>\n<p>zagadki dla dzieci 4-5 lat online, opis o dziecku, lato lato lato czeka tekst, lol kolorowanki do druku, ferie zimowe 2022 warszawa, cytaty o przyja\u017ani, kr\u00f3tkie zagadki, \u0142amig\u0142owki do druku, prezent na roczek dla ch\u0142opca, test z lektury dzieci z bullerbyn, zagadki logiczne matematyczne dla dzieci, el\u017cbieta imi\u0119, super zings kolorowanka, mariola, zagadki dla dzieci 7 lat o zwierz\u0119tach, imiona dla ch\u0142opc\u00f3w<\/p>\n<p>yyyyy<\/p>\n<p>&nbsp;<\/p>\n","protected":false},"excerpt":{"rendered":"<p>polecana na wiosn\u0119\/lato\/jesie\u0144 nadaje si\u0119 do szerokiej gamy zaj\u0119\u0107 sportowych, unisex rozmiar: szeroko\u015b\u0107 10 cm x obw\u00f3d 44 cm materia\u0142: 82% poliester, 18% elastan Force Opaska Sportowa Na G\u0142ow\u0119 Points Sport 58143 Niebieski R\u00f3\u017cowy Force zagadki dla dzieci 4-5 lat online, opis o dziecku, lato lato lato czeka tekst, lol kolorowanki do druku, ferie zimowe [&hellip;]<\/p>\n","protected":false},"featured_media":9152,"comment_status":"closed","ping_status":"open","template":"","meta":[],"product_cat":[1788,1789],"product_tag":[780,745,799],"class_list":["post-9151","product","type-product","status-publish","has-post-thumbnail","hentry","product_cat-force","product_cat-odziez-rowerowa","product_tag-krecik-bajka","product_tag-prezent-dla-15-latki","product_tag-zagadka-logiczna"],"_links":{"self":[{"href":"http:\/\/klubmamgdynia.pl\/index.php\/wp-json\/wp\/v2\/product\/9151","targetHints":{"allow":["GET"]}}],"collection":[{"href":"http:\/\/klubmamgdynia.pl\/index.php\/wp-json\/wp\/v2\/product"}],"about":[{"href":"http:\/\/klubmamgdynia.pl\/index.php\/wp-json\/wp\/v2\/types\/product"}],"replies":[{"embeddable":true,"href":"http:\/\/klubmamgdynia.pl\/index.php\/wp-json\/wp\/v2\/comments?post=9151"}],"wp:featuredmedia":[{"embeddable":true,"href":"http:\/\/klubmamgdynia.pl\/index.php\/wp-json\/wp\/v2\/media\/9152"}],"wp:attachment":[{"href":"http:\/\/klubmamgdynia.pl\/index.php\/wp-json\/wp\/v2\/media?parent=9151"}],"wp:term":[{"taxonomy":"product_cat","embeddable":true,"href":"http:\/\/klubmamgdynia.pl\/index.php\/wp-json\/wp\/v2\/product_cat?post=9151"},{"taxonomy":"product_tag","embeddable":true,"href":"http:\/\/klubmamgdynia.pl\/index.php\/wp-json\/wp\/v2\/product_tag?post=9151"}],"curies":[{"name":"wp","href":"https:\/\/api.w.org\/{rel}","templated":true}]}}