{"id":9155,"date":"2019-03-19T01:41:41","date_gmt":"2019-03-19T00:41:41","guid":{"rendered":"http:\/\/klubmamgdynia.pl\/index.php\/produkt\/gra-planszowa-fox-games-na-jezykach\/"},"modified":"2026-04-28T17:59:23","modified_gmt":"2026-04-28T15:59:23","slug":"gra-planszowa-fox-games-na-jezykach","status":"publish","type":"product","link":"http:\/\/klubmamgdynia.pl\/index.php\/produkt\/gra-planszowa-fox-games-na-jezykach\/","title":{"rendered":"Gra planszowa Fox Games Na J\u0119zykach"},"content":{"rendered":"<p>Gra Na J\u0119zykachWyposa\u017ceni w klej\u0105ce j\u0119zyki, musicie nimi chwyci\u0107 owada w okre\u015blonym kolorze i kszta\u0142cie. Kto z was zrobi to pierwszy, otrzymuje punkt. Musicie jednak uwa\u017ca\u0107, aby nie u\u017c\u0105dli\u0142a was osa, a tak\u017ce aby wasze j\u0119zyki nie popl\u0105ta\u0142y si\u0119 wzajemnie.Czy to w\u0142a\u015bnie tw\u00f3j lepi\u0105cy j\u0119zyk przyniesie ci zwyci\u0119stwo? Czy b\u0119dziesz wystarczaj\u0105co szybki i na tyle zwinny, aby pokona\u0107 wsp\u00f3\u0142graczy? Na j\u0119zykach to zabawna gra, kt\u00f3r\u0105 pokochaj\u0105 zar\u00f3wno dzieci, jak i doro\u015bli!Informacje o produkcieNr katalogowy68814Marka (Zabawki) BrakRodzaj (zabawki::gry) Zr\u0119czno\u015bcioweLiczba graczy 2 &#8211; 6Czas gry (maks.) 15 minWersja j\u0119zykowa (zabawki::gry\/karciane) PolskaWymagania wiekowe od 6 latP\u0142e\u0107 (zabawki) Dziewczynki i ch\u0142opcyProdukt na baterie NieBaterie w zestawie NieZasilanie Nie dotyczy<\/p>\n<h2>Gra planszowa Fox Games Na J\u0119zykach Foxgames<\/h2>\n<p>pisanie po \u015bladzie do druku pdf, pomysl na prezent na roczek, bombki do kolorowania, julian, prezent dla dwunastolatka, ja\u015bmina, kolorowanki z bajek, pierwsze urodziny prezent na roczek dla ch\u0142opca, bajki do czytania psi patrol, liwia znaczenie imienia, motto dla nauczyciela, cytat na dzie\u0144 mamy, zagadki typu co to jest, kolorowanki pokemon, klockownia wroc\u0142aw, test z lektury spos\u00f3b na alcybiadesa, prezent dla 17 latka<\/p>\n<p>yyyyy<\/p>\n<p>&nbsp;<\/p>\n","protected":false},"excerpt":{"rendered":"<p>Gra Na J\u0119zykachWyposa\u017ceni w klej\u0105ce j\u0119zyki, musicie nimi chwyci\u0107 owada w okre\u015blonym kolorze i kszta\u0142cie. Kto z was zrobi to pierwszy, otrzymuje punkt. Musicie jednak uwa\u017ca\u0107, aby nie u\u017c\u0105dli\u0142a was osa, a tak\u017ce aby wasze j\u0119zyki nie popl\u0105ta\u0142y si\u0119 wzajemnie.Czy to w\u0142a\u015bnie tw\u00f3j lepi\u0105cy j\u0119zyk przyniesie ci zwyci\u0119stwo? Czy b\u0119dziesz wystarczaj\u0105co szybki i na tyle [&hellip;]<\/p>\n","protected":false},"featured_media":9156,"comment_status":"closed","ping_status":"open","template":"","meta":[],"product_cat":[1089,235],"product_tag":[768,655,599,640,672],"class_list":["post-9155","product","type-product","status-publish","has-post-thumbnail","hentry","product_cat-foxgames","product_cat-gry-planszowe","product_tag-krotkie-zagadki-logiczne","product_tag-najlepsze-zagadki","product_tag-prezent-dla-nastolatkow-2021","product_tag-prezent-dla-rocznej-dziewczynki","product_tag-trudne-zagadki-z-odpowiedziami"],"_links":{"self":[{"href":"http:\/\/klubmamgdynia.pl\/index.php\/wp-json\/wp\/v2\/product\/9155","targetHints":{"allow":["GET"]}}],"collection":[{"href":"http:\/\/klubmamgdynia.pl\/index.php\/wp-json\/wp\/v2\/product"}],"about":[{"href":"http:\/\/klubmamgdynia.pl\/index.php\/wp-json\/wp\/v2\/types\/product"}],"replies":[{"embeddable":true,"href":"http:\/\/klubmamgdynia.pl\/index.php\/wp-json\/wp\/v2\/comments?post=9155"}],"wp:featuredmedia":[{"embeddable":true,"href":"http:\/\/klubmamgdynia.pl\/index.php\/wp-json\/wp\/v2\/media\/9156"}],"wp:attachment":[{"href":"http:\/\/klubmamgdynia.pl\/index.php\/wp-json\/wp\/v2\/media?parent=9155"}],"wp:term":[{"taxonomy":"product_cat","embeddable":true,"href":"http:\/\/klubmamgdynia.pl\/index.php\/wp-json\/wp\/v2\/product_cat?post=9155"},{"taxonomy":"product_tag","embeddable":true,"href":"http:\/\/klubmamgdynia.pl\/index.php\/wp-json\/wp\/v2\/product_tag?post=9155"}],"curies":[{"name":"wp","href":"https:\/\/api.w.org\/{rel}","templated":true}]}}