{"id":9157,"date":"2013-04-13T06:58:06","date_gmt":"2013-04-13T04:58:06","guid":{"rendered":"http:\/\/klubmamgdynia.pl\/index.php\/produkt\/gra-planszowa-pegasus-spiele-die-zwerge-charakterpack-goimgar-wersja-niemiecka\/"},"modified":"2026-04-22T20:47:45","modified_gmt":"2026-04-22T18:47:45","slug":"gra-planszowa-pegasus-spiele-die-zwerge-charakterpack-goimgar-wersja-niemiecka","status":"publish","type":"product","link":"http:\/\/klubmamgdynia.pl\/index.php\/produkt\/gra-planszowa-pegasus-spiele-die-zwerge-charakterpack-goimgar-wersja-niemiecka\/","title":{"rendered":"Gra planszowa Pegasus Spiele Die Zwerge Charakterpack Goimgar (wersja niemiecka)"},"content":{"rendered":"<h2>Gra planszowa Pegasus Spiele Die Zwerge Charakterpack Goimgar (wersja niemiecka) Pegasus Spiele<\/h2>\n<p>bajka psi patrol do czytania, ba\u0142wanek do druku, podchwytliwe zagadki, prezent na roczek dla dziewczynki, quiz z ma\u0142ego ksi\u0119cia, cytaty o dzieci\u0144stwie, nauka j\u0119zyka polskiego dla dzieci z ukrainy materia\u0142y, zagadki o przyborach szkolnych, lilianna, urodziny dziecka pomys\u0142y, szablon choinki do wydruku, zagadki na inteligencj\u0119, cytaty o przyja\u017ani ma\u0142y ksi\u0105\u017c\u0119<\/p>\n<p>yyyyy<\/p>\n<p>&nbsp;<\/p>\n","protected":false},"excerpt":{"rendered":"<p>Gra planszowa Pegasus Spiele Die Zwerge Charakterpack Goimgar (wersja niemiecka) Pegasus Spiele bajka psi patrol do czytania, ba\u0142wanek do druku, podchwytliwe zagadki, prezent na roczek dla dziewczynki, quiz z ma\u0142ego ksi\u0119cia, cytaty o dzieci\u0144stwie, nauka j\u0119zyka polskiego dla dzieci z ukrainy materia\u0142y, zagadki o przyborach szkolnych, lilianna, urodziny dziecka pomys\u0142y, szablon choinki do wydruku, zagadki [&hellip;]<\/p>\n","protected":false},"featured_media":9158,"comment_status":"closed","ping_status":"open","template":"","meta":[],"product_cat":[235,450],"product_tag":[865,654,697,752,799,592],"class_list":["post-9157","product","type-product","status-publish","has-post-thumbnail","hentry","product_cat-gry-planszowe","product_cat-pegasus-spiele","product_tag-cytaty-o-dzieciach","product_tag-krotkie-bajki-dla-dzieci-do-czytania","product_tag-krotkie-bajki-do-czytania","product_tag-kuba-imie","product_tag-zagadka-logiczna","product_tag-zagadki-dla-dzieci"],"_links":{"self":[{"href":"http:\/\/klubmamgdynia.pl\/index.php\/wp-json\/wp\/v2\/product\/9157","targetHints":{"allow":["GET"]}}],"collection":[{"href":"http:\/\/klubmamgdynia.pl\/index.php\/wp-json\/wp\/v2\/product"}],"about":[{"href":"http:\/\/klubmamgdynia.pl\/index.php\/wp-json\/wp\/v2\/types\/product"}],"replies":[{"embeddable":true,"href":"http:\/\/klubmamgdynia.pl\/index.php\/wp-json\/wp\/v2\/comments?post=9157"}],"wp:featuredmedia":[{"embeddable":true,"href":"http:\/\/klubmamgdynia.pl\/index.php\/wp-json\/wp\/v2\/media\/9158"}],"wp:attachment":[{"href":"http:\/\/klubmamgdynia.pl\/index.php\/wp-json\/wp\/v2\/media?parent=9157"}],"wp:term":[{"taxonomy":"product_cat","embeddable":true,"href":"http:\/\/klubmamgdynia.pl\/index.php\/wp-json\/wp\/v2\/product_cat?post=9157"},{"taxonomy":"product_tag","embeddable":true,"href":"http:\/\/klubmamgdynia.pl\/index.php\/wp-json\/wp\/v2\/product_tag?post=9157"}],"curies":[{"name":"wp","href":"https:\/\/api.w.org\/{rel}","templated":true}]}}