{"id":916,"date":"2017-05-27T01:08:19","date_gmt":"2017-05-26T23:08:19","guid":{"rendered":"http:\/\/klubmamgdynia.pl\/index.php\/produkt\/welly-man-tgx-xxl-tir-metalowy-model-ciezarowka-164\/"},"modified":"2026-04-05T23:57:32","modified_gmt":"2026-04-05T21:57:32","slug":"welly-man-tgx-xxl-tir-metalowy-model-ciezarowka-164","status":"publish","type":"product","link":"http:\/\/klubmamgdynia.pl\/index.php\/produkt\/welly-man-tgx-xxl-tir-metalowy-model-ciezarowka-164\/","title":{"rendered":"Welly Man Tgx Xxl Tir Metalowy Model Ci\u0119\u017car\u00f3wka 1:64"},"content":{"rendered":"<p>Odjazdowy Model MAN TGXTo fantastyczne auto wygl\u0105da jak prawdziwe.Zosta\u0142o wykonane z wielk\u0105 dba\u0142o\u015bci\u0105 o ka\u017cdy szczeg\u00f3\u0142.Przyci\u0105gnie uwag\u0119 nie tylko dziecka, ale i niejednego doros\u0142ego.Wykonany w skali 1:64. Samoch\u00f3d metalowy z dodatkiem plastiku ma gumowe opony.Autko mo\u017cna pod\u0142\u0105czy\u0107 do naczepy.Malowany farb\u0105 stosowan\u0105 w koncernach samochodowych.Ten rewelacyjny model stanie si\u0119 wspania\u0142\u0105 zabawk\u0105.Wykonany z najwy\u017cszej jako\u015bci atestowanych materia\u0142\u00f3w.Produkt posiada Europejski Certyfikat Jako\u015bci i Bezpiecze\u0144stwa CEZalety aut Welly:Metalowa karoseria.Gumowe opony.Autentyczne odwzorowanieWymiary: Modelu: 9 x 6 x 4 cmOpakowania: 14.5 x 8 x 6 cm&#8230;<\/p>\n<h2>Welly Man Tgx Xxl Tir Metalowy Model Ci\u0119\u017car\u00f3wka 1:64 Welly<\/h2>\n<p>spongebob kolorowanka, test z dzieci z bullerbyn, piesek kolorowanka, wz\u00f3r dyplomu do pobrania<\/p>\n<p>yyyyy<\/p>\n<p>&nbsp;<\/p>\n","protected":false},"excerpt":{"rendered":"<p>Odjazdowy Model MAN TGXTo fantastyczne auto wygl\u0105da jak prawdziwe.Zosta\u0142o wykonane z wielk\u0105 dba\u0142o\u015bci\u0105 o ka\u017cdy szczeg\u00f3\u0142.Przyci\u0105gnie uwag\u0119 nie tylko dziecka, ale i niejednego doros\u0142ego.Wykonany w skali 1:64. Samoch\u00f3d metalowy z dodatkiem plastiku ma gumowe opony.Autko mo\u017cna pod\u0142\u0105czy\u0107 do naczepy.Malowany farb\u0105 stosowan\u0105 w koncernach samochodowych.Ten rewelacyjny model stanie si\u0119 wspania\u0142\u0105 zabawk\u0105.Wykonany z najwy\u017cszej jako\u015bci atestowanych materia\u0142\u00f3w.Produkt [&hellip;]<\/p>\n","protected":false},"featured_media":917,"comment_status":"closed","ping_status":"open","template":"","meta":[],"product_cat":[303,302],"product_tag":[611,763,652,788],"class_list":["post-916","product","type-product","status-publish","has-post-thumbnail","hentry","product_cat-kolekcjonerskie-modele-pojazdow","product_cat-welly","product_tag-bajki-do-czytania-psi-patrol","product_tag-fabian","product_tag-otto","product_tag-zagadki-krotkie"],"_links":{"self":[{"href":"http:\/\/klubmamgdynia.pl\/index.php\/wp-json\/wp\/v2\/product\/916","targetHints":{"allow":["GET"]}}],"collection":[{"href":"http:\/\/klubmamgdynia.pl\/index.php\/wp-json\/wp\/v2\/product"}],"about":[{"href":"http:\/\/klubmamgdynia.pl\/index.php\/wp-json\/wp\/v2\/types\/product"}],"replies":[{"embeddable":true,"href":"http:\/\/klubmamgdynia.pl\/index.php\/wp-json\/wp\/v2\/comments?post=916"}],"wp:featuredmedia":[{"embeddable":true,"href":"http:\/\/klubmamgdynia.pl\/index.php\/wp-json\/wp\/v2\/media\/917"}],"wp:attachment":[{"href":"http:\/\/klubmamgdynia.pl\/index.php\/wp-json\/wp\/v2\/media?parent=916"}],"wp:term":[{"taxonomy":"product_cat","embeddable":true,"href":"http:\/\/klubmamgdynia.pl\/index.php\/wp-json\/wp\/v2\/product_cat?post=916"},{"taxonomy":"product_tag","embeddable":true,"href":"http:\/\/klubmamgdynia.pl\/index.php\/wp-json\/wp\/v2\/product_tag?post=916"}],"curies":[{"name":"wp","href":"https:\/\/api.w.org\/{rel}","templated":true}]}}