{"id":9161,"date":"2015-10-05T03:35:55","date_gmt":"2015-10-05T01:35:55","guid":{"rendered":"http:\/\/klubmamgdynia.pl\/index.php\/produkt\/gra-planszowa-franckh-kosmos-catan-starter-set-wersja-niemiecka\/"},"modified":"2026-04-07T01:31:03","modified_gmt":"2026-04-06T23:31:03","slug":"gra-planszowa-franckh-kosmos-catan-starter-set-wersja-niemiecka","status":"publish","type":"product","link":"http:\/\/klubmamgdynia.pl\/index.php\/produkt\/gra-planszowa-franckh-kosmos-catan-starter-set-wersja-niemiecka\/","title":{"rendered":"Gra planszowa Franckh-Kosmos CATAN &#8211; Starter Set (wersja niemiecka)"},"content":{"rendered":"<h2>Gra planszowa Franckh-Kosmos CATAN &#8211; Starter Set (wersja niemiecka) <\/h2>\n<p>praktyczny prezent dla rocznego dziecka, quiz o usa, kolorowanka wakacje, proste dekoracje bo\u017conarodzeniowe dla dzieci, przechowywanie zabawek, pieski pies kolorowanka, hymn g\u00f3rniczy, uk\u0142ad s\u0142oneczny kolorowanka, regina, pytania do lektury asiunia<\/p>\n<p>yyyyy<\/p>\n<p>&nbsp;<\/p>\n","protected":false},"excerpt":{"rendered":"<p>Gra planszowa Franckh-Kosmos CATAN &#8211; Starter Set (wersja niemiecka) praktyczny prezent dla rocznego dziecka, quiz o usa, kolorowanka wakacje, proste dekoracje bo\u017conarodzeniowe dla dzieci, przechowywanie zabawek, pieski pies kolorowanka, hymn g\u00f3rniczy, uk\u0142ad s\u0142oneczny kolorowanka, regina, pytania do lektury asiunia yyyyy &nbsp;<\/p>\n","protected":false},"featured_media":9162,"comment_status":"closed","ping_status":"open","template":"","meta":[],"product_cat":[235],"product_tag":[740,585,821,810,856,876,762],"class_list":["post-9161","product","type-product","status-publish","has-post-thumbnail","hentry","product_cat-gry-planszowe","product_tag-fajne-prezenty-dla-nastolatkow","product_tag-kolorowanki-dla-chlopcow","product_tag-marianna","product_tag-nauka-zegara-do-druku","product_tag-prezent-dla-16-latki","product_tag-przyjazn","product_tag-trudne-zagadki-dla-dzieci"],"_links":{"self":[{"href":"http:\/\/klubmamgdynia.pl\/index.php\/wp-json\/wp\/v2\/product\/9161","targetHints":{"allow":["GET"]}}],"collection":[{"href":"http:\/\/klubmamgdynia.pl\/index.php\/wp-json\/wp\/v2\/product"}],"about":[{"href":"http:\/\/klubmamgdynia.pl\/index.php\/wp-json\/wp\/v2\/types\/product"}],"replies":[{"embeddable":true,"href":"http:\/\/klubmamgdynia.pl\/index.php\/wp-json\/wp\/v2\/comments?post=9161"}],"wp:featuredmedia":[{"embeddable":true,"href":"http:\/\/klubmamgdynia.pl\/index.php\/wp-json\/wp\/v2\/media\/9162"}],"wp:attachment":[{"href":"http:\/\/klubmamgdynia.pl\/index.php\/wp-json\/wp\/v2\/media?parent=9161"}],"wp:term":[{"taxonomy":"product_cat","embeddable":true,"href":"http:\/\/klubmamgdynia.pl\/index.php\/wp-json\/wp\/v2\/product_cat?post=9161"},{"taxonomy":"product_tag","embeddable":true,"href":"http:\/\/klubmamgdynia.pl\/index.php\/wp-json\/wp\/v2\/product_tag?post=9161"}],"curies":[{"name":"wp","href":"https:\/\/api.w.org\/{rel}","templated":true}]}}