{"id":9163,"date":"2022-05-14T11:05:50","date_gmt":"2022-05-14T09:05:50","guid":{"rendered":"http:\/\/klubmamgdynia.pl\/index.php\/produkt\/trifox-odkurzacz-pisarek-zabawka\/"},"modified":"2026-04-06T04:05:50","modified_gmt":"2026-04-06T02:05:50","slug":"trifox-odkurzacz-pisarek-zabawka","status":"publish","type":"product","link":"http:\/\/klubmamgdynia.pl\/index.php\/produkt\/trifox-odkurzacz-pisarek-zabawka\/","title":{"rendered":"Trifox Odkurzacz Pisarek &#8211; Zabawka"},"content":{"rendered":"<h2>Trifox Odkurzacz Pisarek &#8211; Zabawka Trifox<\/h2>\n<p>zagadki \u0142amig\u0142\u00f3wki, pomys\u0142 na prezent na roczek, fajne zagadki dla dzieci, kolorowanki zwierz\u0119ta, wr\u00f3\u017cby andrzejkowe kolory, zagadki s\u0142owne<\/p>\n<p>yyyyy<\/p>\n<p>&nbsp;<\/p>\n","protected":false},"excerpt":{"rendered":"<p>Trifox Odkurzacz Pisarek &#8211; Zabawka Trifox zagadki \u0142amig\u0142\u00f3wki, pomys\u0142 na prezent na roczek, fajne zagadki dla dzieci, kolorowanki zwierz\u0119ta, wr\u00f3\u017cby andrzejkowe kolory, zagadki s\u0142owne yyyyy &nbsp;<\/p>\n","protected":false},"featured_media":9164,"comment_status":"closed","ping_status":"open","template":"","meta":[],"product_cat":[53,308],"product_tag":[790,626,579,868],"class_list":["post-9163","product","type-product","status-publish","has-post-thumbnail","hentry","product_cat-kaciki-zabaw","product_cat-trifox","product_tag-gry-planszowe-dla-nastolatkow","product_tag-jacek","product_tag-quiz-opowiesci-z-narnii-lew-czarownica-i-stara-szafa","product_tag-quizy-dla-dzieci"],"_links":{"self":[{"href":"http:\/\/klubmamgdynia.pl\/index.php\/wp-json\/wp\/v2\/product\/9163","targetHints":{"allow":["GET"]}}],"collection":[{"href":"http:\/\/klubmamgdynia.pl\/index.php\/wp-json\/wp\/v2\/product"}],"about":[{"href":"http:\/\/klubmamgdynia.pl\/index.php\/wp-json\/wp\/v2\/types\/product"}],"replies":[{"embeddable":true,"href":"http:\/\/klubmamgdynia.pl\/index.php\/wp-json\/wp\/v2\/comments?post=9163"}],"wp:featuredmedia":[{"embeddable":true,"href":"http:\/\/klubmamgdynia.pl\/index.php\/wp-json\/wp\/v2\/media\/9164"}],"wp:attachment":[{"href":"http:\/\/klubmamgdynia.pl\/index.php\/wp-json\/wp\/v2\/media?parent=9163"}],"wp:term":[{"taxonomy":"product_cat","embeddable":true,"href":"http:\/\/klubmamgdynia.pl\/index.php\/wp-json\/wp\/v2\/product_cat?post=9163"},{"taxonomy":"product_tag","embeddable":true,"href":"http:\/\/klubmamgdynia.pl\/index.php\/wp-json\/wp\/v2\/product_tag?post=9163"}],"curies":[{"name":"wp","href":"https:\/\/api.w.org\/{rel}","templated":true}]}}