{"id":9167,"date":"2023-10-15T17:02:51","date_gmt":"2023-10-15T15:02:51","guid":{"rendered":"http:\/\/klubmamgdynia.pl\/?post_type=product&#038;p=9167"},"modified":"2026-04-30T20:05:33","modified_gmt":"2026-04-30T18:05:33","slug":"force-spodenki-bright-z-wkladka-na-szelkach-60298-czarny","status":"publish","type":"product","link":"http:\/\/klubmamgdynia.pl\/index.php\/produkt\/force-spodenki-bright-z-wkladka-na-szelkach-60298-czarny\/","title":{"rendered":"Force Spodenki Bright Z Wk\u0142adk\u0105 Na Szelkach 60298 Czarny"},"content":{"rendered":"<p>Spodenki rowerowe FORCE BRIGHT z wk\u0142adk\u0105 Ocieplane spodenki na wiosn\u0119 oraz jesie\u0144 Przeznaczone na ch\u0142odniejsze dni Z przodu wiatroodporny i wodoodporny materia\u0142, jednocze\u015bnie bardzo oddychaj\u0105cy Idealne do po\u0142\u0105czenia z nogawkami Wygodna anatomiczna wk\u0142adka P\u0142askie szwy Antypo\u015blizgowe wygodne i elastyczne obszycia nogawek Przeznaczone do temperatura +5\u00b0C do +15\u00b0C Materia\u0142: panele g\u0142\u00f3wne: 85% poliester, 15% elastan IPozosta\u0142e panele: 90% poliester, 10% elastan Wodoodporno\u015b\u0107: 7000 mm H2O, oddychalno\u015b\u0107: 2000 g\/m2\/24h<\/p>\n<h2>Force Spodenki Bright Z Wk\u0142adk\u0105 Na Szelkach 60298 Czarny Force<\/h2>\n<p>hobbit, \u015bmieszne zagadki matematyczne, hymn g\u00f3rniczy, roczek dziewczynki, znaczenie imienia pola, prezent dla trzynastolatki, test z lektury opowie\u015bci z narnii lew czarownica i stara szafa z odpowiedziami, zagadki wielkanocne dla dzieci, kotek kolorowanka, test z lektury narnia lew czarownica i stara szafa, pokemony kolorowanka, lol kolorowanka do druku, zagadki wielkanocne do druku, jeremi imi\u0119, ba\u015bniowe imiona \u017ce\u0144skie, podchwytliwe zagadki dla dzieci, malowanka, cytaty o wychowaniu i nauczaniu, rebusy i krzy\u017c\u00f3wki dla dzieci do druku, bajka krecik<\/p>\n<p>yyyyy<\/p>\n<p>&nbsp;<\/p>\n","protected":false},"excerpt":{"rendered":"<p>Spodenki rowerowe FORCE BRIGHT z wk\u0142adk\u0105 Ocieplane spodenki na wiosn\u0119 oraz jesie\u0144 Przeznaczone na ch\u0142odniejsze dni Z przodu wiatroodporny i wodoodporny materia\u0142, jednocze\u015bnie bardzo oddychaj\u0105cy Idealne do po\u0142\u0105czenia z nogawkami Wygodna anatomiczna wk\u0142adka P\u0142askie szwy Antypo\u015blizgowe wygodne i elastyczne obszycia nogawek Przeznaczone do temperatura +5\u00b0C do +15\u00b0C Materia\u0142: panele g\u0142\u00f3wne: 85% poliester, 15% elastan IPozosta\u0142e [&hellip;]<\/p>\n","protected":false},"featured_media":9168,"comment_status":"closed","ping_status":"open","template":"","meta":[],"product_cat":[1788,1789],"product_tag":[833,692,762,694],"class_list":["post-9167","product","type-product","status-publish","has-post-thumbnail","hentry","product_cat-force","product_cat-odziez-rowerowa","product_tag-bajki-dla-dzieci-do-czytania","product_tag-prezenty-na-roczek","product_tag-trudne-zagadki-dla-dzieci","product_tag-zagadki-swiateczne-dla-dzieci"],"_links":{"self":[{"href":"http:\/\/klubmamgdynia.pl\/index.php\/wp-json\/wp\/v2\/product\/9167","targetHints":{"allow":["GET"]}}],"collection":[{"href":"http:\/\/klubmamgdynia.pl\/index.php\/wp-json\/wp\/v2\/product"}],"about":[{"href":"http:\/\/klubmamgdynia.pl\/index.php\/wp-json\/wp\/v2\/types\/product"}],"replies":[{"embeddable":true,"href":"http:\/\/klubmamgdynia.pl\/index.php\/wp-json\/wp\/v2\/comments?post=9167"}],"wp:featuredmedia":[{"embeddable":true,"href":"http:\/\/klubmamgdynia.pl\/index.php\/wp-json\/wp\/v2\/media\/9168"}],"wp:attachment":[{"href":"http:\/\/klubmamgdynia.pl\/index.php\/wp-json\/wp\/v2\/media?parent=9167"}],"wp:term":[{"taxonomy":"product_cat","embeddable":true,"href":"http:\/\/klubmamgdynia.pl\/index.php\/wp-json\/wp\/v2\/product_cat?post=9167"},{"taxonomy":"product_tag","embeddable":true,"href":"http:\/\/klubmamgdynia.pl\/index.php\/wp-json\/wp\/v2\/product_tag?post=9167"}],"curies":[{"name":"wp","href":"https:\/\/api.w.org\/{rel}","templated":true}]}}