{"id":9169,"date":"2023-12-14T13:05:13","date_gmt":"2023-12-14T12:05:13","guid":{"rendered":"http:\/\/klubmamgdynia.pl\/?post_type=product&#038;p=9169"},"modified":"2026-05-01T14:30:08","modified_gmt":"2026-05-01T12:30:08","slug":"nike-guard-lock-elite-sleeve-se0173-103","status":"publish","type":"product","link":"http:\/\/klubmamgdynia.pl\/index.php\/produkt\/nike-guard-lock-elite-sleeve-se0173-103\/","title":{"rendered":"Nike Guard Lock Elite Sleeve (Se0173-103)"},"content":{"rendered":"<p>Nike Guard Lock Elite Football SleeveOchronny r\u0119kaw pi\u0142karski Nike Guard Lock Elite jest elastyczny i zapewnia lekko\u015b\u0107 oraz naturalne dopasowanie. Jest wy\u015bcie\u0142any poliuretanowym materia\u0142em, kt\u00f3ry gwarantuje dodatkow\u0105 przyczepno\u015b\u0107 oraz doskona\u0142e dopasowanie umo\u017cliwiaj\u0105ce pe\u0142n\u0105 koncentracj\u0119 na grze.Elastyczny materia\u0142 odpowiada za idealne dopasowanie.Anatomiczny kr\u00f3j zapewnia wygod\u0119.Elastyczny mankiet jest wy\u015bcie\u0142any silikonem, kt\u00f3ry zwi\u0119ksza przyczepno\u015b\u0107.Wewn\u0119trzny materia\u0142 poliuretanowy zapewnia dodatkow\u0105 przyczepno\u015b\u0107.59% POLIESTER25% GUMA13% SPANDEX3% POLIURETAN<\/p>\n<h2>Nike Guard Lock Elite Sleeve (Se0173-103) Nike<\/h2>\n<p>prezenty dla nastolatek, prezent dla jedenastolatki, kotek kolorowanka do druku, literki dla dzieci, historia andrzejek dla dzieci, kolorowanka do druku lol, kiedy dzieci chodza na halloween, literki, dinozaury kolorowanki, bajki dla dzieci na dobranoc do czytania, jakie prezenty na roczek, quiz dzieci z bullerbyn, mi\u0142osz imi\u0119, cytaty przyja\u017a\u0144<\/p>\n<p>yyyyy<\/p>\n<p>&nbsp;<\/p>\n","protected":false},"excerpt":{"rendered":"<p>Nike Guard Lock Elite Football SleeveOchronny r\u0119kaw pi\u0142karski Nike Guard Lock Elite jest elastyczny i zapewnia lekko\u015b\u0107 oraz naturalne dopasowanie. Jest wy\u015bcie\u0142any poliuretanowym materia\u0142em, kt\u00f3ry gwarantuje dodatkow\u0105 przyczepno\u015b\u0107 oraz doskona\u0142e dopasowanie umo\u017cliwiaj\u0105ce pe\u0142n\u0105 koncentracj\u0119 na grze.Elastyczny materia\u0142 odpowiada za idealne dopasowanie.Anatomiczny kr\u00f3j zapewnia wygod\u0119.Elastyczny mankiet jest wy\u015bcie\u0142any silikonem, kt\u00f3ry zwi\u0119ksza przyczepno\u015b\u0107.Wewn\u0119trzny materia\u0142 poliuretanowy zapewnia dodatkow\u0105 [&hellip;]<\/p>\n","protected":false},"featured_media":9170,"comment_status":"closed","ping_status":"open","template":"","meta":[],"product_cat":[1266,1795],"product_tag":[668,723,742,814,872],"class_list":["post-9169","product","type-product","status-publish","has-post-thumbnail","hentry","product_cat-nike","product_cat-ochraniacze-pilkarskie","product_tag-atrakcje-dla-dzieci-wroclaw","product_tag-krotkie-bajki-do-czytania-na-dobranoc","product_tag-piosenki-dla-dzieci-tekst","product_tag-prezenty-dla-nastolatek","product_tag-zagadki-dla-dzieci-6-lat"],"_links":{"self":[{"href":"http:\/\/klubmamgdynia.pl\/index.php\/wp-json\/wp\/v2\/product\/9169","targetHints":{"allow":["GET"]}}],"collection":[{"href":"http:\/\/klubmamgdynia.pl\/index.php\/wp-json\/wp\/v2\/product"}],"about":[{"href":"http:\/\/klubmamgdynia.pl\/index.php\/wp-json\/wp\/v2\/types\/product"}],"replies":[{"embeddable":true,"href":"http:\/\/klubmamgdynia.pl\/index.php\/wp-json\/wp\/v2\/comments?post=9169"}],"wp:featuredmedia":[{"embeddable":true,"href":"http:\/\/klubmamgdynia.pl\/index.php\/wp-json\/wp\/v2\/media\/9170"}],"wp:attachment":[{"href":"http:\/\/klubmamgdynia.pl\/index.php\/wp-json\/wp\/v2\/media?parent=9169"}],"wp:term":[{"taxonomy":"product_cat","embeddable":true,"href":"http:\/\/klubmamgdynia.pl\/index.php\/wp-json\/wp\/v2\/product_cat?post=9169"},{"taxonomy":"product_tag","embeddable":true,"href":"http:\/\/klubmamgdynia.pl\/index.php\/wp-json\/wp\/v2\/product_tag?post=9169"}],"curies":[{"name":"wp","href":"https:\/\/api.w.org\/{rel}","templated":true}]}}