{"id":9171,"date":"2025-04-17T03:32:09","date_gmt":"2025-04-17T01:32:09","guid":{"rendered":"http:\/\/klubmamgdynia.pl\/?post_type=product&#038;p=9171"},"modified":"2026-04-28T13:57:23","modified_gmt":"2026-04-28T11:57:23","slug":"gra-planszowa-galakta-samuraj","status":"publish","type":"product","link":"http:\/\/klubmamgdynia.pl\/index.php\/produkt\/gra-planszowa-galakta-samuraj\/","title":{"rendered":"Gra planszowa Galakta Samuraj"},"content":{"rendered":"<p>Samuraj to nowa gra planszowa dla 2-4 graczy, autorstwa znanego projektanta gier Reinera Knizi. Gracze wcielaj\u0105 si\u0119 w role daimyo, kt\u00f3rzy walcz\u0105 o wp\u0142ywy i dominacj\u0119 w feudalnej Japonii. Lojalno\u015b\u0107 pomniejszych pan\u00f3w feudalnych, kontrola nad najwa\u017cniejszymi uprawami ry\u017cu oraz przychylno\u015b\u0107 mnich\u00f3w pozwol\u0105 graczom na rozszerzanie swoich wp\u0142yw\u00f3w i przekonanie samuraj\u00f3w do swojej sprawy.Jest rok 1336. Pr\u00f3ba odzyskania cesarskiego tronu poprzez restauracj\u0119 Kenmu zako\u0144czy\u0142a si\u0119 fiaskiem. Rodzina cesarska straci\u0142a ca\u0142\u0105 w\u0142adz\u0119 i sta\u0142a si\u0119 zaledwie marionetkami. Rol\u0119 szoguna a zarazem w\u0142adz\u0119 nad Japoni\u0105 obj\u0119\u0142a g\u0142owa klanu Ashikaga, ale i to mo\u017ce si\u0119 nied\u0142ugo zmieni\u0107. W ca\u0142ym kraju wp\u0142ywowi panowie feudalni, zwani daimyo, buntuj\u0105 si\u0119, roszcz\u0105c sobie prawo do panowania nad swoimi ziemiami i zasobami. Ich dzia\u0142ania przykuwaj\u0105 uwag\u0119 samuraj\u00f3w, kt\u00f3rzy stopniowo przy\u0142\u0105czaj\u0105 si\u0119 do walki o spraw\u0119.Samuraj to nowa gra planszowa dla 2-4 graczy, autorstwa znanego projektanta gier Reinera Knizi. Gracze wcielaj\u0105 si\u0119 w role daimyo, kt\u00f3rzy walcz\u0105 o wp\u0142ywy i dominacj\u0119 w feudalnej Japonii. Lojalno\u015b\u0107 pomniejszych pan\u00f3w feudalnych, kontrola nad najwa\u017cniejszymi uprawami ry\u017cu oraz przychylno\u015b\u0107 mnich\u00f3w pozwol\u0105 graczom na rozszerzanie swoich wp\u0142yw\u00f3w i przekonanie samuraj\u00f3w do swojej sprawy.Nar\u00f3d podzielonyCztery wyspy Japonii s\u0105 w Samuraju przedstawione za pomoc\u0105 szczeg\u00f3\u0142owej, sk\u0142adanej z pi\u0119ciu cz\u0119\u015bci planszy. Podstawowo plansza podzielona jest na 3 wi\u0119ksze sektory, za\u015b w grze dwuosobowej gracze walcz\u0105 o dominacj\u0119 na wyspie Honshu. Plansza ro\u015bnie z ka\u017cdym graczem, kt\u00f3ry bierze udzia\u0142 w grze, za\u015b ka\u017cda wyspa sk\u0142ada si\u0119 z trzech rodzaj\u00f3w p\u00f3l: wiosek, l\u0105d\u00f3w i m\u00f3rz.Na pocz\u0105tku gry ka\u017cdy gracz dysponuje kilkoma figurkami kast. Gracze przygotowuj\u0105 plansz\u0119 \u201ezaludniaj\u0105c\u201d j\u0105 r\u00f3\u017cnymi kastami. W efekcie na ka\u017cdym polu miasta znajd\u0105 si\u0119 po dwie (r\u00f3\u017cne lub takie same) figurki, reprezentuj\u0105ce kast\u0119 religijn\u0105, rolnicz\u0105 i militarn\u0105.Gracze walcz\u0105 o dominacj\u0119 nad kastami. Celem gry jest zostanie liderem jak najwi\u0119kszej liczby kast, co mo\u017cna osi\u0105gn\u0105\u0107 w\u0142a\u015bnie przez zdobywanie figurek na planszy. Aby zdoby\u0107 figurk\u0119, gracz musi otoczy\u0107 jej pole swoimi kafelkami.Os\u0142o\u0144 wra\u017cliwe punkty i uderzaj celnieZasady gry w Samuraja s\u0105 niezwykle proste, ale wypracowanie dobrej strategii mo\u017ce zaj\u0105\u0107 du\u017co wi\u0119cej czasu.Liczba graczy: 2-4 os\u00f3bWiek: od 10 latCzas gry: ok. 30 -60 minutWydawca: GalaktaProjektant: Reiner KniziaWydanie: polskie<\/p>\n<h2>Gra planszowa Galakta Samuraj Galakta<\/h2>\n<p>traktor do druku, atrakcje do 30 km od wroc\u0142awia, stare piosenki, gad\u017cety dla nastolatk\u00f3w 2021, kolorowanka peppa, quiz stolice europy<\/p>\n<p>yyyyy<\/p>\n<p>&nbsp;<\/p>\n","protected":false},"excerpt":{"rendered":"<p>Samuraj to nowa gra planszowa dla 2-4 graczy, autorstwa znanego projektanta gier Reinera Knizi. Gracze wcielaj\u0105 si\u0119 w role daimyo, kt\u00f3rzy walcz\u0105 o wp\u0142ywy i dominacj\u0119 w feudalnej Japonii. Lojalno\u015b\u0107 pomniejszych pan\u00f3w feudalnych, kontrola nad najwa\u017cniejszymi uprawami ry\u017cu oraz przychylno\u015b\u0107 mnich\u00f3w pozwol\u0105 graczom na rozszerzanie swoich wp\u0142yw\u00f3w i przekonanie samuraj\u00f3w do swojej sprawy.Jest rok 1336. [&hellip;]<\/p>\n","protected":false},"featured_media":9172,"comment_status":"closed","ping_status":"open","template":"","meta":[],"product_cat":[414,235],"product_tag":[666,686,808,780,689,736],"class_list":["post-9171","product","type-product","status-publish","has-post-thumbnail","hentry","product_cat-galakta","product_cat-gry-planszowe","product_tag-afrykanskie-imiona","product_tag-co-na-roczek-dla-chlopca","product_tag-imie-mia","product_tag-krecik-bajka","product_tag-linda","product_tag-zabawki-na-roczek"],"_links":{"self":[{"href":"http:\/\/klubmamgdynia.pl\/index.php\/wp-json\/wp\/v2\/product\/9171","targetHints":{"allow":["GET"]}}],"collection":[{"href":"http:\/\/klubmamgdynia.pl\/index.php\/wp-json\/wp\/v2\/product"}],"about":[{"href":"http:\/\/klubmamgdynia.pl\/index.php\/wp-json\/wp\/v2\/types\/product"}],"replies":[{"embeddable":true,"href":"http:\/\/klubmamgdynia.pl\/index.php\/wp-json\/wp\/v2\/comments?post=9171"}],"wp:featuredmedia":[{"embeddable":true,"href":"http:\/\/klubmamgdynia.pl\/index.php\/wp-json\/wp\/v2\/media\/9172"}],"wp:attachment":[{"href":"http:\/\/klubmamgdynia.pl\/index.php\/wp-json\/wp\/v2\/media?parent=9171"}],"wp:term":[{"taxonomy":"product_cat","embeddable":true,"href":"http:\/\/klubmamgdynia.pl\/index.php\/wp-json\/wp\/v2\/product_cat?post=9171"},{"taxonomy":"product_tag","embeddable":true,"href":"http:\/\/klubmamgdynia.pl\/index.php\/wp-json\/wp\/v2\/product_tag?post=9171"}],"curies":[{"name":"wp","href":"https:\/\/api.w.org\/{rel}","templated":true}]}}