{"id":9173,"date":"2011-07-23T08:19:48","date_gmt":"2011-07-23T06:19:48","guid":{"rendered":"http:\/\/klubmamgdynia.pl\/index.php\/produkt\/hi-tec-altitude-lite-3-mid-wp-m000150274\/"},"modified":"2026-04-05T21:35:12","modified_gmt":"2026-04-05T19:35:12","slug":"hi-tec-altitude-lite-3-mid-wp-m000150274","status":"publish","type":"product","link":"http:\/\/klubmamgdynia.pl\/index.php\/produkt\/hi-tec-altitude-lite-3-mid-wp-m000150274\/","title":{"rendered":"Hi Tec Altitude Lite 3 Mid Wp M000150274"},"content":{"rendered":"<p>BUTY TURYSTYCZNE ROZMIAR: 41-46 SK\u0141AD MATERIA\u0141OWY: CHOLEWKA: SK\u00d3RA POWLECZONA, MATERIA\u0141 TEKSTYLNY, PU WY\u015aCI\u00d3\u0141KA: SIATECZKA MESH, MATERIA\u0141 TEKSTYLNY WK\u0141ADKA: PIANKA EVA, SIATECZKA MESH PODESZWA: GUMA MD, EVA PHYLON, TPU SPECYFIKACJA: TECHNOLOGIA DRI-TEC PODESZWA M-D TRACTION<\/p>\n<h2>Hi Tec Altitude Lite 3 Mid Wp M000150274 Hi-Tec<\/h2>\n<p>sandra imie, warszawa z dzieckiem, mia imie, jesienne piosenki dla dzieci, zagadki dla 6 latka, miriam imi\u0119, kolorowanka sky<\/p>\n<p>yyyyy<\/p>\n<p>&nbsp;<\/p>\n","protected":false},"excerpt":{"rendered":"<p>BUTY TURYSTYCZNE ROZMIAR: 41-46 SK\u0141AD MATERIA\u0141OWY: CHOLEWKA: SK\u00d3RA POWLECZONA, MATERIA\u0141 TEKSTYLNY, PU WY\u015aCI\u00d3\u0141KA: SIATECZKA MESH, MATERIA\u0141 TEKSTYLNY WK\u0141ADKA: PIANKA EVA, SIATECZKA MESH PODESZWA: GUMA MD, EVA PHYLON, TPU SPECYFIKACJA: TECHNOLOGIA DRI-TEC PODESZWA M-D TRACTION Hi Tec Altitude Lite 3 Mid Wp M000150274 Hi-Tec sandra imie, warszawa z dzieckiem, mia imie, jesienne piosenki dla dzieci, zagadki [&hellip;]<\/p>\n","protected":false},"featured_media":9174,"comment_status":"closed","ping_status":"open","template":"","meta":[],"product_cat":[277,1796],"product_tag":[871,740,626,785,830],"class_list":["post-9173","product","type-product","status-publish","has-post-thumbnail","hentry","product_cat-buty-trekkingowe","product_cat-hi-tec","product_tag-bajka-o-smoku-wawelskim","product_tag-fajne-prezenty-dla-nastolatkow","product_tag-jacek","product_tag-prezent-dla-nastolatkow","product_tag-rodzina-cytaty"],"_links":{"self":[{"href":"http:\/\/klubmamgdynia.pl\/index.php\/wp-json\/wp\/v2\/product\/9173","targetHints":{"allow":["GET"]}}],"collection":[{"href":"http:\/\/klubmamgdynia.pl\/index.php\/wp-json\/wp\/v2\/product"}],"about":[{"href":"http:\/\/klubmamgdynia.pl\/index.php\/wp-json\/wp\/v2\/types\/product"}],"replies":[{"embeddable":true,"href":"http:\/\/klubmamgdynia.pl\/index.php\/wp-json\/wp\/v2\/comments?post=9173"}],"wp:featuredmedia":[{"embeddable":true,"href":"http:\/\/klubmamgdynia.pl\/index.php\/wp-json\/wp\/v2\/media\/9174"}],"wp:attachment":[{"href":"http:\/\/klubmamgdynia.pl\/index.php\/wp-json\/wp\/v2\/media?parent=9173"}],"wp:term":[{"taxonomy":"product_cat","embeddable":true,"href":"http:\/\/klubmamgdynia.pl\/index.php\/wp-json\/wp\/v2\/product_cat?post=9173"},{"taxonomy":"product_tag","embeddable":true,"href":"http:\/\/klubmamgdynia.pl\/index.php\/wp-json\/wp\/v2\/product_tag?post=9173"}],"curies":[{"name":"wp","href":"https:\/\/api.w.org\/{rel}","templated":true}]}}