{"id":9175,"date":"2013-04-22T22:53:14","date_gmt":"2013-04-22T20:53:14","guid":{"rendered":"http:\/\/klubmamgdynia.pl\/index.php\/produkt\/olimp-chitosan-chrom-30-kaps\/"},"modified":"2026-04-06T13:59:10","modified_gmt":"2026-04-06T11:59:10","slug":"olimp-chitosan-chrom-30-kaps","status":"publish","type":"product","link":"http:\/\/klubmamgdynia.pl\/index.php\/produkt\/olimp-chitosan-chrom-30-kaps\/","title":{"rendered":"Olimp Chitosan + chrom 30 kaps."},"content":{"rendered":"<p>CHITOSAN + CHROM 30 KAPSU\u0141EKChitosan + chrom to suplement diety, kt\u00f3ry polecany jest przede wszystkim osobom aktywnym fizycznie, odchudzaj\u0105cym si\u0119, d\u0105\u017c\u0105cym do redukcji tkanki t\u0142uszczowej, pragn\u0105cym utrzyma\u0107 obecn\u0105 wag\u0119.Dlaczego warto si\u0119gn\u0105\u0107 po suplement diety Chitosan + chrom?pomaga blokowa\u0107 wch\u0142anianie t\u0142uszczuwspiera prawid\u0142owy metabolizm makrosk\u0142adnik\u00f3w od\u017cywczychpomaga utrzyma\u0107 odpowiedni poziom glukozy we krwipomaga hamowa\u0107 apetyt i ogranicza\u0107 podjadanie pomi\u0119dzy posi\u0142kamisk\u0142ada si\u0119 z wy\u0142\u0105cznie naturalnych sk\u0142adnik\u00f3wChitosan to w\u0142\u00f3kno wyodr\u0119bniane z pancerzy skorupiak\u00f3w, posiadaj\u0105ce w\u0142a\u015bciwo\u015bci \u017celuj\u0105ce i absorpcyjne. Jego g\u0142\u00f3wn\u0105 funkcj\u0105 jest blokowanie wch\u0142aniania t\u0142uszczu, dzi\u0119ki czemu nie odk\u0142ada si\u0119 on w organizmie. Dzia\u0142anie chitosanu nie wp\u0142ywa na przyspieszenie spalenia tkanki t\u0142uszczowej, a eliminacj\u0119 t\u0142uszczu z uk\u0142adu pokarmowego.Chitosan w po\u0142\u0105czeniu z chromem, kt\u00f3ry pomaga ogranicza\u0107 \u0142aknienie, stanowi\u0105 zgrany duet w walce o szczup\u0142\u0105 sylwetk\u0119. Dodatek wspomnianego chromu stanowi cenne wsparcie w procesie odchudzania. Pierwiastek ten m.in. wspomaga metabolizm makrosk\u0142adnik\u00f3w od\u017cywczych, a tak\u017ce pomaga utrzyma\u0107 odpowiedni poziom glukozy we krwi, co skutkuje ograniczeniem podjadania mi\u0119dzy posi\u0142kami.Sk\u0142adniki zawarte w preparacie Chitosan + chrom w formie \u0142atwych do po\u0142kni\u0119cia kapsu\u0142ek zosta\u0142y wielokrotnie przebadane pod k\u0105tem czysto\u015bci przy u\u017cyciu innowacyjnej technologii. To sprawia, \u017ce suplement diety \u0142\u0105czy w sobie farmaceutyczn\u0105 jako\u015b\u0107 sk\u0142adnik\u00f3w oraz bezpiecze\u0144stwo ich stosowania. Produkt doskonale wi\u0119c spe\u0142nia swoj\u0105 rol\u0119 w czasie kuracji odchudzaj\u0105cej. Przyjmowany zgodnie z zaleceniami producenta &#8211; Olimp Laboratories &#8211; nie powoduje uszczerbk\u00f3w na zdrowiu. Nale\u017cy jednak pami\u0119ta\u0107, \u017ce suplementu nie mo\u017cna traktowa\u0107 jako zamiennika zbilansowanej diety, a jedynie jej cenny dodatek.Sk\u0142adniki: chitosan (sproszkowane muszle skorupiak\u00f3w morskich), substancja wype\u0142niaj\u0105ca &#8211; celuloza mikrokrystaliczna, substancje przeciwzbrylaj\u0105ce \u2013 sole magnezowe kwas\u00f3w t\u0142uszczowych, dwutlenek krzemu; pikolinian chromu, kapsu\u0142ka (sk\u0142adnik otoczki &#8211; \u017celatyna, barwnik: E 171).Uwaga: Produkt zawiera sk\u0142adniki pochodz\u0105ce ze skorupiak\u00f3w.Informacja \u017cywieniowa3 kapsu\u0142kiChitosan 1200 mgchrom 100 \u00b5g (250%*)*RWS &#8211; referencyjna warto\u015b\u0107 spo\u017cycia.Chitosan + chrom to suplement diety przeznaczony dla os\u00f3b doros\u0142ych, aktywnych fizycznie i dbaj\u0105cych o kondycj\u0119, d\u0105\u017c\u0105cych do utrzymania prawid\u0142owej wagi cia\u0142a, odchudzaj\u0105cych si\u0119, ch\u0105cych pozby\u0107 si\u0119 nadmiaru tkanki t\u0142uszczowej.Zalecana dzienna porcja: 1 kapsu\u0142ka 3 razy dziennie, na ok. 20 min. przed posi\u0142kiem, popijaj\u0105c minimum 1 szklank\u0105 wody.Nie nale\u017cy przekracza\u0107 zalecanej porcji do spo\u017cycia w ci\u0105gu dnia. Suplement diety nie mo\u017ce by\u0107 stosowany jako substytut zr\u00f3\u017cnicowanej diety. Zalecany jest zr\u00f3wnowa\u017cony spos\u00f3b \u017cywienia i zdrowy tryb \u017cycia.Uwaga: W okresie stosowania preparatu wskazane jest dodatkowe uzupe\u0142nianie diety w witaminy lipofilne: A, D i E, gdy\u017c produkt mo\u017ce powodowa\u0107 zmniejszone wch\u0142anianie t\u0142uszczy z pokarmu. Preparaty witaminowe nale\u017cy przyjmowa\u0107 na ok. 2 godz. przed lub po spo\u017cyciu chitosanu.<\/p>\n<h2>Olimp Chitosan + chrom 30 kaps. Olimp<\/h2>\n<p>znaki drogowe do druku, na wyspach bergamutach tekst, s\u0142oneczko, kolorowe ciasto, quiz o dinozaurach, podchwytliwe zagadki, kolorowanki dla ch\u0142opc\u00f3w, list do \u015bw miko\u0142aja &#8212; wz\u00f3r, atrakcje dla dzieci wielkopolska, adriana znaczenie imienia, ciekawe zagadki i odpowiedzi, prezenty na roczek dla ch\u0142opca, j\u0119zyk polski dla dzieci z ukrainy, zagadki o bo\u017cym narodzeniu, quiz o zwierz\u0119tach domowych<\/p>\n<p>yyyyy<\/p>\n<p>&nbsp;<\/p>\n","protected":false},"excerpt":{"rendered":"<p>CHITOSAN + CHROM 30 KAPSU\u0141EKChitosan + chrom to suplement diety, kt\u00f3ry polecany jest przede wszystkim osobom aktywnym fizycznie, odchudzaj\u0105cym si\u0119, d\u0105\u017c\u0105cym do redukcji tkanki t\u0142uszczowej, pragn\u0105cym utrzyma\u0107 obecn\u0105 wag\u0119.Dlaczego warto si\u0119gn\u0105\u0107 po suplement diety Chitosan + chrom?pomaga blokowa\u0107 wch\u0142anianie t\u0142uszczuwspiera prawid\u0142owy metabolizm makrosk\u0142adnik\u00f3w od\u017cywczychpomaga utrzyma\u0107 odpowiedni poziom glukozy we krwipomaga hamowa\u0107 apetyt i ogranicza\u0107 podjadanie [&hellip;]<\/p>\n","protected":false},"featured_media":9176,"comment_status":"closed","ping_status":"open","template":"","meta":[],"product_cat":[1797,1776],"product_tag":[839,784,699],"class_list":["post-9175","product","type-product","status-publish","has-post-thumbnail","hentry","product_cat-olimp","product_cat-suplementy-na-odchudzanie","product_tag-bajki-na-dobranoc-do-czytania","product_tag-hymn-gorniczy","product_tag-kolorowanki-do-druku-dla-dziewczyn"],"_links":{"self":[{"href":"http:\/\/klubmamgdynia.pl\/index.php\/wp-json\/wp\/v2\/product\/9175","targetHints":{"allow":["GET"]}}],"collection":[{"href":"http:\/\/klubmamgdynia.pl\/index.php\/wp-json\/wp\/v2\/product"}],"about":[{"href":"http:\/\/klubmamgdynia.pl\/index.php\/wp-json\/wp\/v2\/types\/product"}],"replies":[{"embeddable":true,"href":"http:\/\/klubmamgdynia.pl\/index.php\/wp-json\/wp\/v2\/comments?post=9175"}],"wp:featuredmedia":[{"embeddable":true,"href":"http:\/\/klubmamgdynia.pl\/index.php\/wp-json\/wp\/v2\/media\/9176"}],"wp:attachment":[{"href":"http:\/\/klubmamgdynia.pl\/index.php\/wp-json\/wp\/v2\/media?parent=9175"}],"wp:term":[{"taxonomy":"product_cat","embeddable":true,"href":"http:\/\/klubmamgdynia.pl\/index.php\/wp-json\/wp\/v2\/product_cat?post=9175"},{"taxonomy":"product_tag","embeddable":true,"href":"http:\/\/klubmamgdynia.pl\/index.php\/wp-json\/wp\/v2\/product_tag?post=9175"}],"curies":[{"name":"wp","href":"https:\/\/api.w.org\/{rel}","templated":true}]}}