{"id":9177,"date":"2015-06-03T16:05:07","date_gmt":"2015-06-03T14:05:07","guid":{"rendered":"http:\/\/klubmamgdynia.pl\/index.php\/produkt\/gra-planszowa-kosmos-spiele-kodama-die-baumgeister-wersja-niemiecka\/"},"modified":"2026-04-06T01:34:37","modified_gmt":"2026-04-05T23:34:37","slug":"gra-planszowa-kosmos-spiele-kodama-die-baumgeister-wersja-niemiecka","status":"publish","type":"product","link":"http:\/\/klubmamgdynia.pl\/index.php\/produkt\/gra-planszowa-kosmos-spiele-kodama-die-baumgeister-wersja-niemiecka\/","title":{"rendered":"Gra planszowa Kosmos Spiele Kodama Die Baumgeister (wersja niemiecka)"},"content":{"rendered":"<p>Das Legespiel mit einfachen Regeln. Einzigartige m\u00e4rchenhafte Japan-Optik.Die Spieler sind die H\u00fcter der B\u00e4ume und tragen ihren Teil dazu bei, dass der Wald ein gesundes und \u00fcppiges Heim f\u00fcr die Kodamas &#8211; die japanischen Baumgeister &#8211; ist. Jeder Zug l\u00e4sst die B\u00e4ume wachsen und bev\u00f6lkert sie mit einer Mischung aus Blumen, Insekten, Pilzen und anderen Dingen. Je nachdem welche Elemente auf dem neu gewachsenen Ast sind, werden Punkte vergeben. Die Spieler versuchen ihren Baum m\u00f6glichst attraktiv f\u00fcr einen Kodama zu gestalten. Denn am Ende jeder Jahreszeit suchen sich die Kodamas ein neues Heim. Und je zufriedener sie mit dem Baum sind, desto \u00fcppiger ist die Belohnung f\u00fcr die Baumhirten. Wen werden die Kodamas am Ende zum neuen H\u00fcter des Waldes bestimmen?F\u00fcr 2 &#8211; 5 Spieler ab 8 Jahren. Spieldauer ca. 30 Minuten.<\/p>\n<h2>Gra planszowa Kosmos Spiele Kodama Die Baumgeister (wersja niemiecka) <\/h2>\n<p>\u015bmieszne zagadki dla dzieci, zabawka na roczek dla ch\u0142opca, karyna, imi\u0119 kuba, smoki rysunek<\/p>\n<p>yyyyy<\/p>\n<p>&nbsp;<\/p>\n","protected":false},"excerpt":{"rendered":"<p>Das Legespiel mit einfachen Regeln. Einzigartige m\u00e4rchenhafte Japan-Optik.Die Spieler sind die H\u00fcter der B\u00e4ume und tragen ihren Teil dazu bei, dass der Wald ein gesundes und \u00fcppiges Heim f\u00fcr die Kodamas &#8211; die japanischen Baumgeister &#8211; ist. Jeder Zug l\u00e4sst die B\u00e4ume wachsen und bev\u00f6lkert sie mit einer Mischung aus Blumen, Insekten, Pilzen und anderen [&hellip;]<\/p>\n","protected":false},"featured_media":9178,"comment_status":"closed","ping_status":"open","template":"","meta":[],"product_cat":[235],"product_tag":[831,617,855,735,606,595],"class_list":["post-9177","product","type-product","status-publish","has-post-thumbnail","hentry","product_cat-gry-planszowe","product_tag-bruno","product_tag-keyword","product_tag-nietypowe-imiona-zenskie","product_tag-prezent-na-roczek-dziewczynka","product_tag-stala-pod-sniegiem","product_tag-zagadki-dla-6-latka"],"_links":{"self":[{"href":"http:\/\/klubmamgdynia.pl\/index.php\/wp-json\/wp\/v2\/product\/9177","targetHints":{"allow":["GET"]}}],"collection":[{"href":"http:\/\/klubmamgdynia.pl\/index.php\/wp-json\/wp\/v2\/product"}],"about":[{"href":"http:\/\/klubmamgdynia.pl\/index.php\/wp-json\/wp\/v2\/types\/product"}],"replies":[{"embeddable":true,"href":"http:\/\/klubmamgdynia.pl\/index.php\/wp-json\/wp\/v2\/comments?post=9177"}],"wp:featuredmedia":[{"embeddable":true,"href":"http:\/\/klubmamgdynia.pl\/index.php\/wp-json\/wp\/v2\/media\/9178"}],"wp:attachment":[{"href":"http:\/\/klubmamgdynia.pl\/index.php\/wp-json\/wp\/v2\/media?parent=9177"}],"wp:term":[{"taxonomy":"product_cat","embeddable":true,"href":"http:\/\/klubmamgdynia.pl\/index.php\/wp-json\/wp\/v2\/product_cat?post=9177"},{"taxonomy":"product_tag","embeddable":true,"href":"http:\/\/klubmamgdynia.pl\/index.php\/wp-json\/wp\/v2\/product_tag?post=9177"}],"curies":[{"name":"wp","href":"https:\/\/api.w.org\/{rel}","templated":true}]}}