{"id":9179,"date":"2021-08-09T02:31:59","date_gmt":"2021-08-09T00:31:59","guid":{"rendered":"http:\/\/klubmamgdynia.pl\/index.php\/produkt\/philips-avent-kubek-200-ml-6m-scf551-03-rozowy\/"},"modified":"2026-05-01T04:36:41","modified_gmt":"2026-05-01T02:36:41","slug":"philips-avent-kubek-200-ml-6m-scf551-03-rozowy","status":"publish","type":"product","link":"http:\/\/klubmamgdynia.pl\/index.php\/produkt\/philips-avent-kubek-200-ml-6m-scf551-03-rozowy\/","title":{"rendered":"PHILIPS AVENT Kubek 200 ml 6M+ SCF551\/03 r\u00f3\u017cowy"},"content":{"rendered":"<p>Philips Avent\u00a0Kubek z ustnikiem\u0141atwe picieTen kubek z ustnikiem Philips AVENT to wspania\u0142y produkt zar\u00f3wno dla dzieci, jak i ich rodzic\u00f3w. Mi\u0119kki, silikonowy ustnik u\u0142atwia picie, a niewielka liczba cz\u0119\u015bci umo\u017cliwia \u0142atwe czyszczenie kubka.                            <\/p>\n<p>Nasze kubki pod\u0105\u017caj\u0105 za rozwojem Twojego dzieckaWspieramy proces nauki samodzielnego picia, umo\u017cliwiaj\u0105c \u0142atwe przej\u015bcie z karmienia piersi\u0105 lub butelk\u0105 na otwarty kubek. Uczymy si\u0119 od lekarzy i proponujemy r\u00f3\u017cne rozwi\u0105zania ze smoczkami, mi\u0119kkimi i twardymi ustnikami, s\u0142omkami i kraw\u0119dzi\u0105 360\u00b0, kt\u00f3re pod\u0105\u017caj\u0105 za rozwojem Twojego dziecka i stymuluj\u0105 nowo nabyte umiej\u0119tno\u015bci picia oraz zdolno\u015bci motoryczne.                            <\/p>\n<p>Mi\u0119kki silikonowy ustnik u\u0142atwiaj\u0105cy picieJednocz\u0119\u015bciowy silikonowy ustnik u\u0142atwia picie: zawarto\u015b\u0107 zaczyna wyp\u0142ywa\u0107 po \u015bci\u015bni\u0119ciu ustnika.                            <\/p>\n<p>Ten kubek zosta\u0142 wykonany z materia\u0142u niezawieraj\u0105cego bisfenolu AKubek Philips Avent zosta\u0142 wykonany z materia\u0142u niezawieraj\u0105cego bisfenolu A.                            <\/p>\n<p>Mo\u017cliwo\u015b\u0107 mycia w zmywarceCz\u0119\u015bci tego kubka mo\u017cna wygodnie my\u0107 w zmywarce. Roz\u0142\u00f3\u017c kubek i umie\u015b\u0107 go w zmywarce lub umyj r\u0119cznie w wodzie z myd\u0142em.<\/p>\n<h2>PHILIPS AVENT Kubek 200 ml 6M+ SCF551\/03 r\u00f3\u017cowy Philips<\/h2>\n<p>prezent na dzie\u0144 dziecka dla nastolatk\u00f3w, podchwytliwe zagadki na inteligencj\u0119, piosenka na dzie\u0144 nauczyciela przedszkole, cytaty o nauczycielach<\/p>\n<p>yyyyy<\/p>\n<p>&nbsp;<\/p>\n","protected":false},"excerpt":{"rendered":"<p>Philips Avent\u00a0Kubek z ustnikiem\u0141atwe picieTen kubek z ustnikiem Philips AVENT to wspania\u0142y produkt zar\u00f3wno dla dzieci, jak i ich rodzic\u00f3w. Mi\u0119kki, silikonowy ustnik u\u0142atwia picie, a niewielka liczba cz\u0119\u015bci umo\u017cliwia \u0142atwe czyszczenie kubka. Nasze kubki pod\u0105\u017caj\u0105 za rozwojem Twojego dzieckaWspieramy proces nauki samodzielnego picia, umo\u017cliwiaj\u0105c \u0142atwe przej\u015bcie z karmienia piersi\u0105 lub butelk\u0105 na otwarty kubek. [&hellip;]<\/p>\n","protected":false},"featured_media":9180,"comment_status":"closed","ping_status":"open","template":"","meta":[],"product_cat":[215,261],"product_tag":[845,844,852,857],"class_list":["post-9179","product","type-product","status-publish","has-post-thumbnail","hentry","product_cat-naczynia-i-sztucce-dla-dzieci","product_cat-philips","product_tag-ach-spij-kochanie-tekst","product_tag-co-kupic-na-roczek","product_tag-jak-zrobic-samolot-z-papieru","product_tag-zagadki-dla-dzieci-7-8-lat"],"_links":{"self":[{"href":"http:\/\/klubmamgdynia.pl\/index.php\/wp-json\/wp\/v2\/product\/9179","targetHints":{"allow":["GET"]}}],"collection":[{"href":"http:\/\/klubmamgdynia.pl\/index.php\/wp-json\/wp\/v2\/product"}],"about":[{"href":"http:\/\/klubmamgdynia.pl\/index.php\/wp-json\/wp\/v2\/types\/product"}],"replies":[{"embeddable":true,"href":"http:\/\/klubmamgdynia.pl\/index.php\/wp-json\/wp\/v2\/comments?post=9179"}],"wp:featuredmedia":[{"embeddable":true,"href":"http:\/\/klubmamgdynia.pl\/index.php\/wp-json\/wp\/v2\/media\/9180"}],"wp:attachment":[{"href":"http:\/\/klubmamgdynia.pl\/index.php\/wp-json\/wp\/v2\/media?parent=9179"}],"wp:term":[{"taxonomy":"product_cat","embeddable":true,"href":"http:\/\/klubmamgdynia.pl\/index.php\/wp-json\/wp\/v2\/product_cat?post=9179"},{"taxonomy":"product_tag","embeddable":true,"href":"http:\/\/klubmamgdynia.pl\/index.php\/wp-json\/wp\/v2\/product_tag?post=9179"}],"curies":[{"name":"wp","href":"https:\/\/api.w.org\/{rel}","templated":true}]}}