{"id":9183,"date":"2019-02-20T23:02:35","date_gmt":"2019-02-20T22:02:35","guid":{"rendered":"http:\/\/klubmamgdynia.pl\/index.php\/produkt\/trefl-puzzle-bystrzaka-4w1-peppa-pig-91801\/"},"modified":"2026-04-29T11:45:05","modified_gmt":"2026-04-29T09:45:05","slug":"trefl-puzzle-bystrzaka-4w1-peppa-pig-91801","status":"publish","type":"product","link":"http:\/\/klubmamgdynia.pl\/index.php\/produkt\/trefl-puzzle-bystrzaka-4w1-peppa-pig-91801\/","title":{"rendered":"Trefl Puzzle Bystrzaka 4W1 Peppa Pig 91801"},"content":{"rendered":"<p>Trefl Puzzle Bystrzaka 4W1 Peppa Pig 91801Puzzle bystrzaka o motywie bohater\u00f3w bajki PEPPA PIG to zestaw czterech, pe\u0142nych wyzwa\u0144, uk\u0142adanek dla dzieci.Poziom trudno\u015bci wzrasta wraz ze zwi\u0119kszaj\u0105c\u0105 si\u0119 liczb\u0105 element\u00f3w. Na uk\u0142adance o najwi\u0119kszej liczbie puzzli kryje si\u0119 10 szczeg\u00f3\u0142\u00f3w, kt\u00f3rych nie wida\u0107 na tym samym obrazku na opakowaniu.                            <\/p>\n<p>Wiemy, jak wa\u017cne jest bezpiecze\u0144stwo Twojego dziecka. Dok\u0142adamy wszelkich stara\u0144, aby nasze puzzle by\u0142y nie tylko atrakcyjne i stymuluj\u0105ce rozw\u00f3j na ka\u017cdym etapie jego edukacji, lecz tak\u017ce spe\u0142nia\u0142y najwy\u017csze normy bezpiecze\u0144stwa.\u00a0                            <\/p>\n<p>Uk\u0142adanie puzzli niesie za sob\u0105 wiele korzy\u015bci. To skuteczny spos\u00f3b na \u0107wiczenie pami\u0119ci, koncentracji, a tak\u017ce logicznego my\u015blenia. Puzzle ucz\u0105 r\u00f3wnie\u017c cierpliwo\u015bci, rozwijaj\u0105c tym samym kreatywno\u015b\u0107 i wyobra\u017ani\u0119 przestrzenn\u0105. Wspieraj\u0105 dodatkowo rozw\u00f3j zdolno\u015bci manualnych dziecka. Uk\u0142adaj\u0105c poszczeg\u00f3lne elementy, trenuje precyzj\u0119 ruch\u00f3w i koordynacj\u0119 oko-r\u0119ka.\u00a0                            <\/p>\n<p>                    Sprawd\u017a inne puzzle Trefl:<\/p>\n<p>            Trefl Puzzle 20el. Pojazdy 21069<\/p>\n<p>                        od<br \/>\n                            4,79<br \/>\n                            z\u0142<\/p>\n<p>                    Zobacz<\/p>\n<p>            Trefl Puzzle Mini Maxi 20el. Kicia Kocia Bawi Si\u0119 Klockami 21110<\/p>\n<p>                        od<br \/>\n                            3,39<br \/>\n                            z\u0142<\/p>\n<p>                    Zobacz<\/p>\n<p>            Trefl Puzzle miniMaxi 20el. Beztroski dzie\u0144 Peppy 1 11245<\/p>\n<p>                        od<br \/>\n                            3,97<br \/>\n                            z\u0142<\/p>\n<p>                    Zobacz<\/p>\n<p>            Trefl Puzzle 20el. Psi Patrol 21068<\/p>\n<p>                        od<br \/>\n                            4,44<br \/>\n                            z\u0142<\/p>\n<p>                    Zobacz<\/p>\n<p>            Trefl Puzzle 20el. Stra\u017cak Sam Zawsze Na S\u0142u\u017cbie 1 21006<\/p>\n<p>                        od<br \/>\n                            4,19<br \/>\n                            z\u0142<\/p>\n<p>                    Zobacz<\/p>\n<p>            Trefl Puzzle 20el. Psi Patrol Marshall Pojazd 21070<\/p>\n<p>                        od<br \/>\n                            4,44<br \/>\n                            z\u0142<\/p>\n<p>                    Zobacz<\/p>\n<p>            Trefl Puzzle 20el. Zabawy \u015awinki Peppy 4 21003<\/p>\n<p>                        od<br \/>\n                            2,99<br \/>\n                            z\u0142<\/p>\n<p>                    Zobacz<\/p>\n<p>            Trefl Puzzle 20el. Rodzina Treflik\u00f3w Dzie\u0144 Z Cioci\u0105 21064<\/p>\n<p>                        od<br \/>\n                            4,83<br \/>\n                            z\u0142<\/p>\n<p>                    Zobacz<\/p>\n<p>            Trefl Puzzle 20el. Psi Patrol Chase pojazd 21071<\/p>\n<p>                        od<br \/>\n                            4,44<br \/>\n                            z\u0142<\/p>\n<p>                    Zobacz<\/p>\n<p>            Trefl Puzzle 20el. Kicia Kocia w kosmosie 21108<\/p>\n<p>                        od<br \/>\n                            5,39<br \/>\n                            z\u0142<\/p>\n<p>                    Zobacz<\/p>\n<p>            Trefl Puzzle 20el. Zabawy \u015awinki Peppy 1 21001<\/p>\n<p>                        od<br \/>\n                            4,00<br \/>\n                            z\u0142<\/p>\n<p>                    Zobacz<\/p>\n<p>            Trefl Puzzle 20el. Zabawy \u015awinki Peppy 2 21002<\/p>\n<p>                        od<br \/>\n                            5,99<br \/>\n                            z\u0142<\/p>\n<p>                    Zobacz<\/p>\n<p>            Trefl Puzzle 20el. miniMaxi Niesamowity Spidey 1 21132<\/p>\n<p>                        od<br \/>\n                            3,97<br \/>\n                            z\u0142<\/p>\n<p>                    Zobacz<\/p>\n<p>            Trefl Puzzle 20el. miniMaxi Niesamowity Spidey 4 21133<\/p>\n<p>                        od<br \/>\n                            3,97<br \/>\n                            z\u0142<\/p>\n<p>                    Zobacz<\/p>\n<p>            Trefl Puzzle 20el. Pid\u017camersi 21040<\/p>\n<p>                        od<br \/>\n                            4,40<br \/>\n                            z\u0142<\/p>\n<p>                    Zobacz<\/p>\n<p>            Trefl Puzzle 20el. W Krainie Lodu 1 56002<\/p>\n<p>                        od<br \/>\n                            3,97<br \/>\n                            z\u0142<\/p>\n<p>                    Zobacz<\/p>\n<p>            Trefl Puzzle 20el. Przyja\u017a\u0144 W Krainie Lodu 21082<\/p>\n<p>                        od<br \/>\n                            3,97<br \/>\n                            z\u0142<\/p>\n<p>                    Zobacz<\/p>\n<p>            Trefl Puzzle 20el. Zabawy \u015awinki Peppy 3 21000<\/p>\n<p>                        od<br \/>\n                            4,90<br \/>\n                            z\u0142<\/p>\n<p>                    Zobacz<\/p>\n<p>            Trefl Puzzle 20el. Przyja\u017a\u0144 W Krainie Lodu 4<\/p>\n<p>                        od<br \/>\n                            3,97<br \/>\n                            z\u0142<\/p>\n<p>                    Zobacz<\/p>\n<p>            Trefl Puzzle 20el. Przyja\u017a\u0144 W Krainie Lodu 21083<\/p>\n<p>                        od<br \/>\n                            3,97<br \/>\n                            z\u0142<\/p>\n<p>                    Zobacz<\/p>\n<p>            Trefl Puzzle 20el. miniMaxi Niesamowity Spidey 3 21135<\/p>\n<p>                        od<br \/>\n                            3,97<br \/>\n                            z\u0142<\/p>\n<p>                    Zobacz<\/p>\n<p>            Trefl Puzzle 20el. Pid\u017camersi Gekson 21042<\/p>\n<p>                        od<br \/>\n                            4,40<br \/>\n                            z\u0142<\/p>\n<p>                    Zobacz<\/p>\n<p>            Trefl Puzzle 20el. Minimaxi Przyjaciele Binga 4 11306<\/p>\n<p>                        od<br \/>\n                            3,97<br \/>\n                            z\u0142<\/p>\n<p>                    Zobacz<\/p>\n<p>            Trefl Puzzle miniMaxi 20el. Beztroski dzie\u0144 Peppy 2 11252<\/p>\n<p>                        od<br \/>\n                            3,97<br \/>\n                            z\u0142<\/p>\n<p>                    Zobacz<\/p>\n<p>            Trefl Puzzle miniMaxi 20el. Beztroski dzie\u0144 Peppy 4 11276<\/p>\n<p>                        od<br \/>\n                            3,97<br \/>\n                            z\u0142<\/p>\n<p>                    Zobacz<\/p>\n<p>            Trefl Puzzle 20el. Minimaxi Przyjaciele Binga 2 11313<\/p>\n<p>                        od<br \/>\n                            3,97<br \/>\n                            z\u0142<\/p>\n<p>                    Zobacz<\/p>\n<p>            Trefl Puzzle miniMaxi 20el. Beztroski dzie\u0144 Peppy 3 11269<\/p>\n<p>                        od<br \/>\n                            3,97<br \/>\n                            z\u0142<\/p>\n<p>                    Zobacz<\/p>\n<p>            Trefl Puzzle 20el. Minimaxi Przyjaciele Binga 1 11290<\/p>\n<p>                        od<br \/>\n                            5,41<br \/>\n                            z\u0142<\/p>\n<p>                    Zobacz<\/p>\n<p>            Trefl Puzzle 20el. Disney Kraina Lodu Anna 56022<\/p>\n<p>                        od<br \/>\n                            3,39<br \/>\n                            z\u0142<\/p>\n<p>                    Zobacz<\/p>\n<p>            Trefl Puzzle 20el. miniMaxi Niesamowity Spidey 2 21134<\/p>\n<p>                        od<br \/>\n                            3,97<br \/>\n                            z\u0142<\/p>\n<p>                    Zobacz<\/p>\n<h2>Trefl Puzzle Bystrzaka 4W1 Peppa Pig 91801 Trefl<\/h2>\n<p>co dla rocznego dziecka, zagadki wiosna, pranki na prima aprilis dla rodzic\u00f3w, imi\u0119 mira, dobranoc zimowo, tajemniczy ogr\u00f3d test z odpowiedziami, maska karnawa\u0142owa pdf, zagadki na inteligencje, wiersz o marzannie, prezent dla 7 latki, zagadki dla 6 latka, prezent na \u015bwi\u0119ta dla nastolatka, nauka zegara do druku, atrakcje dla dzieci wielkopolska<\/p>\n<p>yyyyy<\/p>\n<p>&nbsp;<\/p>\n","protected":false},"excerpt":{"rendered":"<p>Trefl Puzzle Bystrzaka 4W1 Peppa Pig 91801Puzzle bystrzaka o motywie bohater\u00f3w bajki PEPPA PIG to zestaw czterech, pe\u0142nych wyzwa\u0144, uk\u0142adanek dla dzieci.Poziom trudno\u015bci wzrasta wraz ze zwi\u0119kszaj\u0105c\u0105 si\u0119 liczb\u0105 element\u00f3w. Na uk\u0142adance o najwi\u0119kszej liczbie puzzli kryje si\u0119 10 szczeg\u00f3\u0142\u00f3w, kt\u00f3rych nie wida\u0107 na tym samym obrazku na opakowaniu. Wiemy, jak wa\u017cne jest bezpiecze\u0144stwo Twojego [&hellip;]<\/p>\n","protected":false},"featured_media":9184,"comment_status":"closed","ping_status":"open","template":"","meta":[],"product_cat":[90,104],"product_tag":[650,626,730,749,705,840],"class_list":["post-9183","product","type-product","status-publish","has-post-thumbnail","hentry","product_cat-puzzle","product_cat-trefl","product_tag-choinka-z-bibuly","product_tag-jacek","product_tag-karyna","product_tag-najlepsze-zarty-na-prima-aprilis","product_tag-prezent-na-roczek-dla-chlopca","product_tag-stare-bajki"],"_links":{"self":[{"href":"http:\/\/klubmamgdynia.pl\/index.php\/wp-json\/wp\/v2\/product\/9183","targetHints":{"allow":["GET"]}}],"collection":[{"href":"http:\/\/klubmamgdynia.pl\/index.php\/wp-json\/wp\/v2\/product"}],"about":[{"href":"http:\/\/klubmamgdynia.pl\/index.php\/wp-json\/wp\/v2\/types\/product"}],"replies":[{"embeddable":true,"href":"http:\/\/klubmamgdynia.pl\/index.php\/wp-json\/wp\/v2\/comments?post=9183"}],"wp:featuredmedia":[{"embeddable":true,"href":"http:\/\/klubmamgdynia.pl\/index.php\/wp-json\/wp\/v2\/media\/9184"}],"wp:attachment":[{"href":"http:\/\/klubmamgdynia.pl\/index.php\/wp-json\/wp\/v2\/media?parent=9183"}],"wp:term":[{"taxonomy":"product_cat","embeddable":true,"href":"http:\/\/klubmamgdynia.pl\/index.php\/wp-json\/wp\/v2\/product_cat?post=9183"},{"taxonomy":"product_tag","embeddable":true,"href":"http:\/\/klubmamgdynia.pl\/index.php\/wp-json\/wp\/v2\/product_tag?post=9183"}],"curies":[{"name":"wp","href":"https:\/\/api.w.org\/{rel}","templated":true}]}}