{"id":9185,"date":"2011-01-07T04:32:06","date_gmt":"2011-01-07T03:32:06","guid":{"rendered":"http:\/\/klubmamgdynia.pl\/index.php\/produkt\/trefl-puzzle-3000el-chatka-w-lesie-33074\/"},"modified":"2026-04-04T02:14:24","modified_gmt":"2026-04-04T00:14:24","slug":"trefl-puzzle-3000el-chatka-w-lesie-33074","status":"publish","type":"product","link":"http:\/\/klubmamgdynia.pl\/index.php\/produkt\/trefl-puzzle-3000el-chatka-w-lesie-33074\/","title":{"rendered":"Trefl Puzzle 3000el. Chatka W Lesie 33074"},"content":{"rendered":"<p>Trefl Puzzle Chatka W Lesie 3000El.Puzzle 3000 element\u00f3w przedstawiaj\u0105ce obrazek chatki w lesie. Po u\u0142o\u017ceniu powstanie plakat o wymiarach 116x85cm.Wysok\u0105 jako\u015b\u0107, nasycenie kolor\u00f3w i bezpiecze\u0144stwo uk\u0142adania zapewnia kalandrowany papier odbijaj\u0105cy \u015bwiat\u0142o, pokryty ekologicznymi farbami spo\u017cywczymi.                            <\/p>\n<p>                    Sprawd\u017a inne puzzle Trefl:<\/p>\n<p>            Trefl Puzzle 2000el. Koci Raj 27113<\/p>\n<p>                        od<br \/>\n                            25,58<br \/>\n                            z\u0142<\/p>\n<p>                    Zobacz<\/p>\n<p>            Trefl Puzzle 3000el. Misa Buddy 33077<\/p>\n<p>                        od<br \/>\n                            44,89<br \/>\n                            z\u0142<\/p>\n<p>                    Zobacz<\/p>\n<p>            Trefl Puzzle 1000el. Wiktoria\u0144ski Dom 10355<\/p>\n<p>                        od<br \/>\n                            18,44<br \/>\n                            z\u0142<\/p>\n<p>                    Zobacz<\/p>\n<p>            Trefl Puzzle 1000el. Uroczy Zak\u0105tek 10297<\/p>\n<p>                        od<br \/>\n                            19,06<br \/>\n                            z\u0142<\/p>\n<p>                    Zobacz<\/p>\n<p>            Trefl Puzzle 2000el. Wakacyjna przysta\u0144 27124<\/p>\n<p>                        od<br \/>\n                            25,65<br \/>\n                            z\u0142<\/p>\n<p>                    Zobacz<\/p>\n<p>            Trefl Puzzle 3000el. Paryski pa\u0142ac 33078<\/p>\n<p>                        od<br \/>\n                            42,17<br \/>\n                            z\u0142<\/p>\n<p>                    Zobacz<\/p>\n<p>            Trefl Puzzle 1000el. W Odleg\u0142ej Galaktyce 10625<\/p>\n<p>                        od<br \/>\n                            18,34<br \/>\n                            z\u0142<\/p>\n<p>                    Zobacz<\/p>\n<p>            Trefl Puzzle 2000el. Polityczna Mapa \u015awiata 27099<\/p>\n<p>                        od<br \/>\n                            24,78<br \/>\n                            z\u0142<\/p>\n<p>                    Zobacz<\/p>\n<p>            Trefl Puzzle 1000el. Bajkowa Kraina 10496<\/p>\n<p>                        od<br \/>\n                            18,57<br \/>\n                            z\u0142<\/p>\n<p>                    Zobacz<\/p>\n<p>            Trefl Puzzle 1000el. Niebieski Bukiet 10466<\/p>\n<p>                        od<br \/>\n                            17,59<br \/>\n                            z\u0142<\/p>\n<p>                    Zobacz<\/p>\n<p>            Trefl Puzzle 1000el. Czas Prezent\u00f3w 10495<\/p>\n<p>                        od<br \/>\n                            19,99<br \/>\n                            z\u0142<\/p>\n<p>                    Zobacz<\/p>\n<p>            Trefl Puzzle drewniane 1000el. Antyczna mapa \u015bwiata 20144<\/p>\n<p>                        od<br \/>\n                            96,20<br \/>\n                            z\u0142<\/p>\n<p>                    Zobacz<\/p>\n<p>            Trefl Puzzle 1000el. Insygnia \u015amierci 10717<\/p>\n<p>                        od<br \/>\n                            19,84<br \/>\n                            z\u0142<\/p>\n<p>                    Zobacz<\/p>\n<p>            Trefl Puzzle 1000el. Na tropie dinozaur\u00f3w Jurassic Park 10727<\/p>\n<p>                        od<br \/>\n                            18,60<br \/>\n                            z\u0142<\/p>\n<p>                    Zobacz<\/p>\n<p>            Trefl Puzzle 1000el. Stworzenie Adama 10590<\/p>\n<p>                        od<br \/>\n                            18,48<br \/>\n                            z\u0142<\/p>\n<p>                    Zobacz<\/p>\n<p>            Trefl Puzzle Mata Do Uk\u0142adania Puzzli 500-3000el. 60986<\/p>\n<p>                        od<br \/>\n                            41,08<br \/>\n                            z\u0142<\/p>\n<p>                    Zobacz<\/p>\n<p>            Trefl Puzzle 2000el. Alpy Latem 27089<\/p>\n<p>                        od<br \/>\n                            25,64<br \/>\n                            z\u0142<\/p>\n<p>                    Zobacz<\/p>\n<p>            Trefl Puzzle 2000el. Galopuj\u0105ce Stado Koni 27098<\/p>\n<p>                        od<br \/>\n                            24,79<br \/>\n                            z\u0142<\/p>\n<p>                    Zobacz<\/p>\n<p>            Trefl Puzzle Unlimited Fit Technology 1000el. Pa\u0142ac Most Rialto Wenecja W\u0142ochy 10692<\/p>\n<p>                        od<br \/>\n                            35,99<br \/>\n                            z\u0142<\/p>\n<p>                    Zobacz<\/p>\n<p>            Trefl Puzzle 1000el. Gwia\u017adzista Noc Van Gogh 10465<\/p>\n<p>                        od<br \/>\n                            19,67<br \/>\n                            z\u0142<\/p>\n<p>                    Zobacz<\/p>\n<p>            Trefl Puzzle 1000el. Titanic 10080<\/p>\n<p>                        od<br \/>\n                            18,59<br \/>\n                            z\u0142<\/p>\n<p>                    Zobacz<\/p>\n<p>            Trefl Puzzle Drewniane 1000el. Psia przyja\u017a\u0144 20149<\/p>\n<p>                        od<br \/>\n                            96,20<br \/>\n                            z\u0142<\/p>\n<p>                    Zobacz<\/p>\n<p>            Trefl Puzzle Unlimited Fit Technology 1000el. Pa\u0142ac Westminsterski Londyn Anglia 10705<\/p>\n<p>                        od<br \/>\n                            37,99<br \/>\n                            z\u0142<\/p>\n<p>                    Zobacz<\/p>\n<p>            Trefl Puzzle Drewniane 1000el. \u015awi\u0105teczna aleja 20151<\/p>\n<p>                        od<br \/>\n                            98,84<br \/>\n                            z\u0142<\/p>\n<p>                    Zobacz<\/p>\n<p>            Trefl Puzzle Drewniane 1000el. Kolorowe balony 20143<\/p>\n<p>                        od<br \/>\n                            96,20<br \/>\n                            z\u0142<\/p>\n<p>                    Zobacz<\/p>\n<p>            Trefl Puzzle 1000el. Minionki 29049<\/p>\n<p>                        od<br \/>\n                            12,95<br \/>\n                            z\u0142<\/p>\n<p>                    Zobacz<\/p>\n<p>            Trefl Puzzle 2000el. Wyspa Murano Wenecja 27110<\/p>\n<p>                        od<br \/>\n                            23,85<br \/>\n                            z\u0142<\/p>\n<p>                    Zobacz<\/p>\n<p>            Trefl Puzzle drewniane 1000el. Kolorowy kot 20148<\/p>\n<p>                        od<br \/>\n                            100,36<br \/>\n                            z\u0142<\/p>\n<p>                    Zobacz<\/p>\n<p>            Trefl Puzzle Mata Do Uk\u0142adania Puzzli 500-1500el. 60985<\/p>\n<p>                        od<br \/>\n                            28,09<br \/>\n                            z\u0142<\/p>\n<p>                    Zobacz<\/p>\n<p>            Trefl Puzzle 3000el. Starole\u015bnia\u0144ski Staw Tatry S\u0142owacja 33031<\/p>\n<p>                        od<br \/>\n                            44,18<br \/>\n                            z\u0142<\/p>\n<p>                    Zobacz<\/p>\n<h2>Trefl Puzzle 3000el. Chatka W Lesie 33074 Trefl<\/h2>\n<p>postacie z bajek, maski karnawa\u0142owe do druku, co kupi\u0107 dziewczynce na roczek, kuba imie, pierwsze urodziny prezent na roczek dla ch\u0142opca, jak narysowa\u0107 sanie miko\u0142aja, zagadki dla dziewczyny<\/p>\n<p>yyyyy<\/p>\n<p>&nbsp;<\/p>\n","protected":false},"excerpt":{"rendered":"<p>Trefl Puzzle Chatka W Lesie 3000El.Puzzle 3000 element\u00f3w przedstawiaj\u0105ce obrazek chatki w lesie. Po u\u0142o\u017ceniu powstanie plakat o wymiarach 116x85cm.Wysok\u0105 jako\u015b\u0107, nasycenie kolor\u00f3w i bezpiecze\u0144stwo uk\u0142adania zapewnia kalandrowany papier odbijaj\u0105cy \u015bwiat\u0142o, pokryty ekologicznymi farbami spo\u017cywczymi. Sprawd\u017a inne puzzle Trefl: Trefl Puzzle 2000el. Koci Raj 27113 od 25,58 z\u0142 Zobacz Trefl Puzzle 3000el. Misa Buddy 33077 [&hellip;]<\/p>\n","protected":false},"featured_media":9186,"comment_status":"closed","ping_status":"open","template":"","meta":[],"product_cat":[90,104],"product_tag":[772,854,706,787,601],"class_list":["post-9185","product","type-product","status-publish","has-post-thumbnail","hentry","product_cat-puzzle","product_cat-trefl","product_tag-45-panstw-europy-i-ich-stolice-quiz","product_tag-cytaty-rodzina","product_tag-imie-kuba","product_tag-nauka-pisania-wyrazow-dla-dzieci-do-druku-pdf","product_tag-zagadki-co-to-jest"],"_links":{"self":[{"href":"http:\/\/klubmamgdynia.pl\/index.php\/wp-json\/wp\/v2\/product\/9185","targetHints":{"allow":["GET"]}}],"collection":[{"href":"http:\/\/klubmamgdynia.pl\/index.php\/wp-json\/wp\/v2\/product"}],"about":[{"href":"http:\/\/klubmamgdynia.pl\/index.php\/wp-json\/wp\/v2\/types\/product"}],"replies":[{"embeddable":true,"href":"http:\/\/klubmamgdynia.pl\/index.php\/wp-json\/wp\/v2\/comments?post=9185"}],"wp:featuredmedia":[{"embeddable":true,"href":"http:\/\/klubmamgdynia.pl\/index.php\/wp-json\/wp\/v2\/media\/9186"}],"wp:attachment":[{"href":"http:\/\/klubmamgdynia.pl\/index.php\/wp-json\/wp\/v2\/media?parent=9185"}],"wp:term":[{"taxonomy":"product_cat","embeddable":true,"href":"http:\/\/klubmamgdynia.pl\/index.php\/wp-json\/wp\/v2\/product_cat?post=9185"},{"taxonomy":"product_tag","embeddable":true,"href":"http:\/\/klubmamgdynia.pl\/index.php\/wp-json\/wp\/v2\/product_tag?post=9185"}],"curies":[{"name":"wp","href":"https:\/\/api.w.org\/{rel}","templated":true}]}}