{"id":9189,"date":"2020-12-02T12:27:10","date_gmt":"2020-12-02T11:27:10","guid":{"rendered":"http:\/\/klubmamgdynia.pl\/index.php\/produkt\/trefl-puzzle-3000el-lauterbrunnen-szwajcaria-33076\/"},"modified":"2026-04-05T19:37:33","modified_gmt":"2026-04-05T17:37:33","slug":"trefl-puzzle-3000el-lauterbrunnen-szwajcaria-33076","status":"publish","type":"product","link":"http:\/\/klubmamgdynia.pl\/index.php\/produkt\/trefl-puzzle-3000el-lauterbrunnen-szwajcaria-33076\/","title":{"rendered":"Trefl Puzzle 3000el. Lauterbrunnen Szwajcaria 33076"},"content":{"rendered":"<p>Trefl Puzzle 3000el. Lauterbrunnen Szwajcaria 33076Produkt zosta\u0142 wykonany z wysokiej jako\u015bci materia\u0142\u00f3w, z zastosowaniem specjalnego kalandrowanego papieru odbijaj\u0105cego \u015bwiat\u0142o, co u\u0142atwia uk\u0142adanie. Puzzle wykonano w Polsce, a do produkcji zosta\u0142y u\u017cyte materia\u0142y ekologiczne.Uk\u0142adanie puzzli wspomaga koncentracj\u0119, uczy spostrzegawczo\u015bci i cierpliwo\u015bci, nie pozostaje te\u017c bez wp\u0142ywu na zdolno\u015bci motoryczne. To tak\u017ce wspania\u0142a aktywno\u015b\u0107 dla du\u017cych i ma\u0142ych i okazja do wsp\u00f3lnego sp\u0119dzenia czasu.                            <\/p>\n<p>                    Sprawd\u017a inne puzzle Trefl:<\/p>\n<p>            Trefl Puzzle 1000el. Wiktoria\u0144ski Dom 10355<\/p>\n<p>                        od<br \/>\n                            18,44<br \/>\n                            z\u0142<\/p>\n<p>                    Zobacz<\/p>\n<p>            Trefl Puzzle 1000el. Uroczy Zak\u0105tek 10297<\/p>\n<p>                        od<br \/>\n                            19,06<br \/>\n                            z\u0142<\/p>\n<p>                    Zobacz<\/p>\n<p>            Trefl Puzzle 2000el. Wakacyjna przysta\u0144 27124<\/p>\n<p>                        od<br \/>\n                            25,65<br \/>\n                            z\u0142<\/p>\n<p>                    Zobacz<\/p>\n<p>            Trefl Puzzle 1000el. Bajkowa Kraina 10496<\/p>\n<p>                        od<br \/>\n                            18,57<br \/>\n                            z\u0142<\/p>\n<p>                    Zobacz<\/p>\n<p>            Trefl Puzzle 2000el. Alpy Latem 27089<\/p>\n<p>                        od<br \/>\n                            25,64<br \/>\n                            z\u0142<\/p>\n<p>                    Zobacz<\/p>\n<p>            Trefl Puzzle Unlimited Fit Technology 1000el. Pa\u0142ac Most Rialto Wenecja W\u0142ochy 10692<\/p>\n<p>                        od<br \/>\n                            35,99<br \/>\n                            z\u0142<\/p>\n<p>                    Zobacz<\/p>\n<p>            Trefl Puzzle Drewniane 1000el. Kolorowe balony 20143<\/p>\n<p>                        od<br \/>\n                            96,20<br \/>\n                            z\u0142<\/p>\n<p>                    Zobacz<\/p>\n<p>            Trefl Puzzle 2000el. Wyspa Murano Wenecja 27110<\/p>\n<p>                        od<br \/>\n                            23,85<br \/>\n                            z\u0142<\/p>\n<p>                    Zobacz<\/p>\n<p>            Trefl Puzzle 4000el. Popo\u0142udniowa Sielanka 45005<\/p>\n<p>                        od<br \/>\n                            48,10<br \/>\n                            z\u0142<\/p>\n<p>                    Zobacz<\/p>\n<p>            Trefl Puzzle 3000el. Starole\u015bnia\u0144ski Staw Tatry S\u0142owacja 33031<\/p>\n<p>                        od<br \/>\n                            44,18<br \/>\n                            z\u0142<\/p>\n<p>                    Zobacz<\/p>\n<p>            Trefl Puzzle Spiralne 1040el. Magiczna Zatoka 40016<\/p>\n<p>                        od<br \/>\n                            18,52<br \/>\n                            z\u0142<\/p>\n<p>                    Zobacz<\/p>\n<p>            Trefl Puzzle Spiralne 1040el. Uk\u0142ad s\u0142oneczny 40013<\/p>\n<p>                        od<br \/>\n                            18,59<br \/>\n                            z\u0142<\/p>\n<p>                    Zobacz<\/p>\n<p>            Trefl Puzzle 3000el. Balony Nad Kapadocj\u0105 33059<\/p>\n<p>                        od<br \/>\n                            43,51<br \/>\n                            z\u0142<\/p>\n<p>                    Zobacz<\/p>\n<p>            Trefl Puzzle 1000el. Bia\u0142e \u015awi\u0119ta 10602<\/p>\n<p>                        od<br \/>\n                            18,60<br \/>\n                            z\u0142<\/p>\n<p>                    Zobacz<\/p>\n<p>            Trefl Puzzle 3000el. Dachy Jerozolimy 33032<\/p>\n<p>                        od<br \/>\n                            44,89<br \/>\n                            z\u0142<\/p>\n<p>                    Zobacz<\/p>\n<p>            Trefl Puzzle 3000el. Lauterbrunnen Szwajcaria 33076<\/p>\n<p>                        od<br \/>\n                            42,83<br \/>\n                            z\u0142<\/p>\n<p>                    Zobacz<\/p>\n<p>            Trefl Puzzle 1500el. Park Guel Barcelona 26147<\/p>\n<p>                        od<br \/>\n                            21,13<br \/>\n                            z\u0142<\/p>\n<p>                    Zobacz<\/p>\n<p>            Trefl Puzzle 1500el. Chatka Nad Jeziorem 26136<\/p>\n<p>                        od<br \/>\n                            20,54<br \/>\n                            z\u0142<\/p>\n<p>                    Zobacz<\/p>\n<p>            Trefl Puzzle 1000el. Zimowy Krajobraz 10439<\/p>\n<p>                        od<br \/>\n                            21,90<br \/>\n                            z\u0142<\/p>\n<p>                    Zobacz<\/p>\n<p>            Trefl Puzzle 1500el. Jezioro Morskie Oko Tatry 26167<\/p>\n<p>                        od<br \/>\n                            21,05<br \/>\n                            z\u0142<\/p>\n<p>                    Zobacz<\/p>\n<p>            Trefl Puzzle 1000el. W\u0142oskie Wakacje 10585<\/p>\n<p>                        od<br \/>\n                            15,00<br \/>\n                            z\u0142<\/p>\n<p>                    Zobacz<\/p>\n<p>            Trefl Puzzle 2000el. Tygrysie Gniazdo Bhutan 27092<\/p>\n<p>                        od<br \/>\n                            27,39<br \/>\n                            z\u0142<\/p>\n<p>                    Zobacz<\/p>\n<p>            Trefl Puzzle 2000el. Wodospad Haifoss Islandia 27091<\/p>\n<p>                        od<br \/>\n                            25,64<br \/>\n                            z\u0142<\/p>\n<p>                    Zobacz<\/p>\n<p>            Trefl Puzzle 3000el. Zimowy Zamek Neuschwanstein 33025<\/p>\n<p>                        od<br \/>\n                            44,90<br \/>\n                            z\u0142<\/p>\n<p>                    Zobacz<\/p>\n<p>            Trefl Puzzle 1000el. Miami O Zmroku 29027<\/p>\n<p>                        od<br \/>\n                            17,88<br \/>\n                            z\u0142<\/p>\n<p>                    Zobacz<\/p>\n<p>            Trefl Puzzle 1500el. Alpy Bawarskie 26133<\/p>\n<p>                        od<br \/>\n                            21,12<br \/>\n                            z\u0142<\/p>\n<p>                    Zobacz<\/p>\n<p>            Trefl Puzzle 3000el. Chatka W Lesie 33074<\/p>\n<p>                        od<br \/>\n                            42,74<br \/>\n                            z\u0142<\/p>\n<p>                    Zobacz<\/p>\n<p>            Trefl Puzzle 1000el. Spokojna Przysta\u0144 10582<\/p>\n<p>                        od<br \/>\n                            13,11<br \/>\n                            z\u0142<\/p>\n<p>                    Zobacz<\/p>\n<p>            Trefl Puzzle 2000el. Sielskie \u017bycie 27106<\/p>\n<p>                        od<br \/>\n                            25,64<br \/>\n                            z\u0142<\/p>\n<p>                    Zobacz<\/p>\n<p>            Trefl Puzzle 6000el. \u0141api\u0105c Sny 65005<\/p>\n<p>                        od<br \/>\n                            56,71<br \/>\n                            z\u0142<\/p>\n<p>                    Zobacz<\/p>\n<h2>Trefl Puzzle 3000el. Lauterbrunnen Szwajcaria 33076 Trefl<\/h2>\n<p>kartka walentynkow\u0105 przedszkole, bajki dla niemowl\u0105t, prezent na pierwsze urodziny, trudne zagadki na inteligencj\u0119, nadia imie, kolorowanki do wydruku postacie z bajek, zaczarowana zagroda &#8211; test, prezent na roczek dla chlopca, zagadki logiczne, quiz o miko\u0142ajku, co oznacza jordan, walentynka dla c\u00f3rki, malowanki dla dzieci do druku, zagadki dla 8 latk\u00f3w, prezent dla 14 letniej dziewczyny, ko\u0142ysanki dla dzieci + tekst, ma\u0142y ksi\u0105\u017c\u0119 cytaty o mi\u0142o\u015bci, kubu\u015b puchatek cytaty, origami dla dzieci<\/p>\n<p>yyyyy<\/p>\n<p>&nbsp;<\/p>\n","protected":false},"excerpt":{"rendered":"<p>Trefl Puzzle 3000el. Lauterbrunnen Szwajcaria 33076Produkt zosta\u0142 wykonany z wysokiej jako\u015bci materia\u0142\u00f3w, z zastosowaniem specjalnego kalandrowanego papieru odbijaj\u0105cego \u015bwiat\u0142o, co u\u0142atwia uk\u0142adanie. Puzzle wykonano w Polsce, a do produkcji zosta\u0142y u\u017cyte materia\u0142y ekologiczne.Uk\u0142adanie puzzli wspomaga koncentracj\u0119, uczy spostrzegawczo\u015bci i cierpliwo\u015bci, nie pozostaje te\u017c bez wp\u0142ywu na zdolno\u015bci motoryczne. To tak\u017ce wspania\u0142a aktywno\u015b\u0107 dla du\u017cych i [&hellip;]<\/p>\n","protected":false},"featured_media":9190,"comment_status":"closed","ping_status":"open","template":"","meta":[],"product_cat":[90,104],"product_tag":[761,596,672,873],"class_list":["post-9189","product","type-product","status-publish","has-post-thumbnail","hentry","product_cat-puzzle","product_cat-trefl","product_tag-choinko-piekna-jak-las-tekst","product_tag-pomysly-na-prima-aprilis","product_tag-trudne-zagadki-z-odpowiedziami","product_tag-zagadki-z-odpowiedziami-dla-dzieci"],"_links":{"self":[{"href":"http:\/\/klubmamgdynia.pl\/index.php\/wp-json\/wp\/v2\/product\/9189","targetHints":{"allow":["GET"]}}],"collection":[{"href":"http:\/\/klubmamgdynia.pl\/index.php\/wp-json\/wp\/v2\/product"}],"about":[{"href":"http:\/\/klubmamgdynia.pl\/index.php\/wp-json\/wp\/v2\/types\/product"}],"replies":[{"embeddable":true,"href":"http:\/\/klubmamgdynia.pl\/index.php\/wp-json\/wp\/v2\/comments?post=9189"}],"wp:featuredmedia":[{"embeddable":true,"href":"http:\/\/klubmamgdynia.pl\/index.php\/wp-json\/wp\/v2\/media\/9190"}],"wp:attachment":[{"href":"http:\/\/klubmamgdynia.pl\/index.php\/wp-json\/wp\/v2\/media?parent=9189"}],"wp:term":[{"taxonomy":"product_cat","embeddable":true,"href":"http:\/\/klubmamgdynia.pl\/index.php\/wp-json\/wp\/v2\/product_cat?post=9189"},{"taxonomy":"product_tag","embeddable":true,"href":"http:\/\/klubmamgdynia.pl\/index.php\/wp-json\/wp\/v2\/product_tag?post=9189"}],"curies":[{"name":"wp","href":"https:\/\/api.w.org\/{rel}","templated":true}]}}