{"id":9191,"date":"2017-10-20T22:02:50","date_gmt":"2017-10-20T20:02:50","guid":{"rendered":"http:\/\/klubmamgdynia.pl\/index.php\/produkt\/ogry-games-nieustraszeni-normandia\/"},"modified":"2026-04-28T21:30:22","modified_gmt":"2026-04-28T19:30:22","slug":"ogry-games-nieustraszeni-normandia","status":"publish","type":"product","link":"http:\/\/klubmamgdynia.pl\/index.php\/produkt\/ogry-games-nieustraszeni-normandia\/","title":{"rendered":"Ogry Games Nieustraszeni Normandia"},"content":{"rendered":"<p>Nieustraszeni Normandia &#8211; przygotuj si\u0119 na dzia\u0142ania w bardzo trudnym terenie&#8230;                            <\/p>\n<p>Nieustraszeni Normandia Jest czerwiec roku 1944. Dzi\u0119ki najwi\u0119kszej w historii operacji desantowej podczas D-Day alianci zdobyli przycz\u00f3\u0142ek na pla\u017cach Normandii. Teraz musisz poprowadzi\u0107 sw\u00f3j pluton w g\u0142\u0105b Francji, odpychaj\u0105c si\u0142y niemieckie jak najdalej od brzegu. Przygotuj si\u0119 na dzia\u0142ania w bardzo trudnym terenie, pod ci\u0105g\u0142ym ogniem maszynowym i morderczym ostrza\u0142em mo\u017adzierzy. Pami\u0119taj, \u017ce dobry dow\u00f3dca w ka\u017cdej sytuacji potrafi znale\u017a\u0107 spos\u00f3b, by osi\u0105gn\u0105\u0107 sw\u00f3j cel. Manewruj sprawnie w bitewnym chaosie, zachowaj spok\u00f3j w obliczu wroga, b\u0105d\u017a zawsze nieustraszony.\u00a0\u00a0Autor:Trevor Benjamin, David Thompson (I)<br \/>\n\u00a0Wydawca:Ogry Games<br \/>\n\u00a0Ilustracje:Roland MacDonald                            <\/p>\n<p>Nieustraszeni: Normandia to gra, w kt\u00f3rej przeciwnicy buduj\u0105 swoje talie i przy ich pomocy rozgrywaj\u0105 kampani\u0119 wojenn\u0105 w realiach II Wojny \u015awiatowej. U\u017cyj kart, by przej\u0105\u0107 inicjatyw\u0119, wzmocni\u0107 swoje si\u0142y, manewrowa\u0107 nimi na polu bitwy i dokonywa\u0107 bohaterskich czyn\u00f3w, ale pami\u0119taj: ka\u017cda strata w polu oznacza usuni\u0119cie karty z talii, a to ogranicza mo\u017cliwo\u015bci taktyczne i mo\u017ce sprawi\u0107, \u017ce b\u0119dziesz bezbronny podczas kolejnego starcia!<br \/>\n\u00a0Gra zawiera zbi\u00f3r 12 scenariuszy wzorowanych na prawdziwych wydarzeniach maj\u0105cych miejsce po l\u0105dowaniu aliant\u00f3w w Normandii. Mo\u017cna rozgrywa\u0107 je jako oddzielne potyczki, albo po\u0142\u0105czy\u0107 w dynamiczn\u0105 kampani\u0119.                            <\/p>\n<p>Zawarto\u015b\u0107 pude\u0142ka:ksi\u0105\u017cka zasadksi\u0105\u017cka scenariuszy108 kart18 kafli mapy4 ko\u015bci85 \u017ceton\u00f3w<\/p>\n<h2>Ogry Games Nieustraszeni Normandia Ogry Games<\/h2>\n<p>prezent dla nastolatk\u00f3w na \u015bwi\u0119ta, karty pracy dla dzieci z ukrainy, bajki do czytania dla 6 latka, zagadki rymowane, imiona z bajek, zabawka na roczek dla ch\u0142opca, wzruszaj\u0105ce s\u0142owa dla przyjaciela, quiz o \u015bwi\u0119tach, imi\u0119 nela, krok jak narysowa\u0107 konia, imie lilianna, samoch\u00f3d kolorowanka do druku, atrakcje do 30 km od wroc\u0142awia, rysowanie po \u015bladzie pdf, walentynka dla syna, kielich z hosti\u0105 do druku, spiderman kolorowanka, zabawka na roczek dla ch\u0142opca, prezent roczek, bajka krecik, trudne zagadki na inteligencj\u0119<\/p>\n<p>yyyyy<\/p>\n<p>&nbsp;<\/p>\n","protected":false},"excerpt":{"rendered":"<p>Nieustraszeni Normandia &#8211; przygotuj si\u0119 na dzia\u0142ania w bardzo trudnym terenie&#8230; Nieustraszeni Normandia Jest czerwiec roku 1944. Dzi\u0119ki najwi\u0119kszej w historii operacji desantowej podczas D-Day alianci zdobyli przycz\u00f3\u0142ek na pla\u017cach Normandii. Teraz musisz poprowadzi\u0107 sw\u00f3j pluton w g\u0142\u0105b Francji, odpychaj\u0105c si\u0142y niemieckie jak najdalej od brzegu. Przygotuj si\u0119 na dzia\u0142ania w bardzo trudnym terenie, pod [&hellip;]<\/p>\n","protected":false},"featured_media":9192,"comment_status":"closed","ping_status":"open","template":"","meta":[],"product_cat":[220,1798],"product_tag":[851,620,576],"class_list":["post-9191","product","type-product","status-publish","has-post-thumbnail","hentry","product_cat-gry-karciane","product_cat-ogry-games","product_tag-jak-narysowac-kota","product_tag-quiz-opowiesci-z-narnii","product_tag-trudne-zagadki"],"_links":{"self":[{"href":"http:\/\/klubmamgdynia.pl\/index.php\/wp-json\/wp\/v2\/product\/9191","targetHints":{"allow":["GET"]}}],"collection":[{"href":"http:\/\/klubmamgdynia.pl\/index.php\/wp-json\/wp\/v2\/product"}],"about":[{"href":"http:\/\/klubmamgdynia.pl\/index.php\/wp-json\/wp\/v2\/types\/product"}],"replies":[{"embeddable":true,"href":"http:\/\/klubmamgdynia.pl\/index.php\/wp-json\/wp\/v2\/comments?post=9191"}],"wp:featuredmedia":[{"embeddable":true,"href":"http:\/\/klubmamgdynia.pl\/index.php\/wp-json\/wp\/v2\/media\/9192"}],"wp:attachment":[{"href":"http:\/\/klubmamgdynia.pl\/index.php\/wp-json\/wp\/v2\/media?parent=9191"}],"wp:term":[{"taxonomy":"product_cat","embeddable":true,"href":"http:\/\/klubmamgdynia.pl\/index.php\/wp-json\/wp\/v2\/product_cat?post=9191"},{"taxonomy":"product_tag","embeddable":true,"href":"http:\/\/klubmamgdynia.pl\/index.php\/wp-json\/wp\/v2\/product_tag?post=9191"}],"curies":[{"name":"wp","href":"https:\/\/api.w.org\/{rel}","templated":true}]}}