{"id":9195,"date":"2021-12-17T01:33:50","date_gmt":"2021-12-17T00:33:50","guid":{"rendered":"http:\/\/klubmamgdynia.pl\/index.php\/produkt\/foxgames-komiks-paragrafowy-sherlock-holmes-cien-kuby-rozpruwacza\/"},"modified":"2026-04-06T04:23:14","modified_gmt":"2026-04-06T02:23:14","slug":"foxgames-komiks-paragrafowy-sherlock-holmes-cien-kuby-rozpruwacza","status":"publish","type":"product","link":"http:\/\/klubmamgdynia.pl\/index.php\/produkt\/foxgames-komiks-paragrafowy-sherlock-holmes-cien-kuby-rozpruwacza\/","title":{"rendered":"Foxgames Komiks paragrafowy Sherlock Holmes. Cie\u0144 Kuby Rozpruwacza"},"content":{"rendered":"<p>Na poz\u00f3r zwyk\u0142a podr\u00f3\u017c poci\u0105giem mi\u0119dzy Londynem a Liverpoolem okazuje si\u0119 by\u0107 szans\u0105 na zaprezentowanie niezwyk\u0142ych umiej\u0119tno\u015bci \u015bledczych&#8230; Wciel si\u0119 w Holmesa, Watsona lub Moriartyego i rozwi\u0105\u017c sprawy skradzionych diament\u00f3w, porwania ksi\u0119\u017cniczki i tajemniczej \u015bmierci. Przepytuj podejrzanych, zwracaj uwag\u0119 na wskaz\u00f3wki i doprowad\u017a do pomy\u015blnego zako\u0144czenia \u015bledztwa. Postaraj si\u0119 by\u0107 jak najlepszym detektywem, bo tutaj bohaterem jeste\u015b Ty!<\/p>\n<h2>Foxgames Komiks paragrafowy Sherlock Holmes. Cie\u0144 Kuby Rozpruwacza Foxgames<\/h2>\n<p>\u015bw przemys\u0142aw, test szatan z si\u00f3dmej klasy, zagadki nie do rozwi\u0105zania, jesienne piosenki dla dzieci, bajka o biedronce, podchwytliwe zagadki dla dzieci, kolorowanki patriotyczne symbole narodowe kolorowanka, bajka o emocjach, pierniki na bo\u017ce narodzenie, quizy flagi, test opowie\u015bci z narnii lew czarownica i stara szafa do druku, quiz o psie kt\u00f3ry je\u017adzi\u0142 kolej\u0105, europa stolice quiz, prezent dla rocznego dziecka<\/p>\n<p>yyyyy<\/p>\n<p>&nbsp;<\/p>\n","protected":false},"excerpt":{"rendered":"<p>Na poz\u00f3r zwyk\u0142a podr\u00f3\u017c poci\u0105giem mi\u0119dzy Londynem a Liverpoolem okazuje si\u0119 by\u0107 szans\u0105 na zaprezentowanie niezwyk\u0142ych umiej\u0119tno\u015bci \u015bledczych&#8230; Wciel si\u0119 w Holmesa, Watsona lub Moriartyego i rozwi\u0105\u017c sprawy skradzionych diament\u00f3w, porwania ksi\u0119\u017cniczki i tajemniczej \u015bmierci. Przepytuj podejrzanych, zwracaj uwag\u0119 na wskaz\u00f3wki i doprowad\u017a do pomy\u015blnego zako\u0144czenia \u015bledztwa. Postaraj si\u0119 by\u0107 jak najlepszym detektywem, bo tutaj [&hellip;]<\/p>\n","protected":false},"featured_media":9196,"comment_status":"closed","ping_status":"open","template":"","meta":[],"product_cat":[1089,1090],"product_tag":[758,748,621,751,608,746],"class_list":["post-9195","product","type-product","status-publish","has-post-thumbnail","hentry","product_cat-foxgames","product_cat-gry-fabularne-rpg","product_tag-julian","product_tag-okolice-wroclawia-atrakcje","product_tag-prezenty-roczek","product_tag-psi-patrol-kolorowanka","product_tag-zagadki-i-odpowiedzi","product_tag-zagadki-typu-co-to-jest"],"_links":{"self":[{"href":"http:\/\/klubmamgdynia.pl\/index.php\/wp-json\/wp\/v2\/product\/9195","targetHints":{"allow":["GET"]}}],"collection":[{"href":"http:\/\/klubmamgdynia.pl\/index.php\/wp-json\/wp\/v2\/product"}],"about":[{"href":"http:\/\/klubmamgdynia.pl\/index.php\/wp-json\/wp\/v2\/types\/product"}],"replies":[{"embeddable":true,"href":"http:\/\/klubmamgdynia.pl\/index.php\/wp-json\/wp\/v2\/comments?post=9195"}],"wp:featuredmedia":[{"embeddable":true,"href":"http:\/\/klubmamgdynia.pl\/index.php\/wp-json\/wp\/v2\/media\/9196"}],"wp:attachment":[{"href":"http:\/\/klubmamgdynia.pl\/index.php\/wp-json\/wp\/v2\/media?parent=9195"}],"wp:term":[{"taxonomy":"product_cat","embeddable":true,"href":"http:\/\/klubmamgdynia.pl\/index.php\/wp-json\/wp\/v2\/product_cat?post=9195"},{"taxonomy":"product_tag","embeddable":true,"href":"http:\/\/klubmamgdynia.pl\/index.php\/wp-json\/wp\/v2\/product_tag?post=9195"}],"curies":[{"name":"wp","href":"https:\/\/api.w.org\/{rel}","templated":true}]}}