{"id":9197,"date":"2018-07-17T23:33:10","date_gmt":"2018-07-17T21:33:10","guid":{"rendered":"http:\/\/klubmamgdynia.pl\/index.php\/produkt\/gra-planszowa-spin-master-kostka-rubika-brelok-3x3\/"},"modified":"2026-05-17T22:21:13","modified_gmt":"2026-05-17T20:21:13","slug":"gra-planszowa-spin-master-kostka-rubika-brelok-3x3","status":"publish","type":"product","link":"http:\/\/klubmamgdynia.pl\/index.php\/produkt\/gra-planszowa-spin-master-kostka-rubika-brelok-3x3\/","title":{"rendered":"Gra planszowa Spin Master Kostka Rubika Brelok 3&#215;3"},"content":{"rendered":"<p>Spin Master Kostka Rubika Brelok 3&#215;3<\/p>\n<h2>Gra planszowa Spin Master Kostka Rubika Brelok 3&#215;3 Spin Master<\/h2>\n<p>domowe syropy na zim\u0119, quiz bo\u017ce narodzenie, quiz spos\u00f3b na alcybiadesa, lol kolorowanki do druku, ciekawostki o je\u017cach, prezent dla pi\u0119tnastolatka, quizy hobbit, s\u0142oneczko, dla nastolatk\u00f3w prezenty, imi\u0119 r\u00f3\u017ca, zagadki logiczne na inteligencj\u0119, szlaczki<\/p>\n<p>yyyyy<\/p>\n<p>&nbsp;<\/p>\n","protected":false},"excerpt":{"rendered":"<p>Spin Master Kostka Rubika Brelok 3&#215;3 Gra planszowa Spin Master Kostka Rubika Brelok 3&#215;3 Spin Master domowe syropy na zim\u0119, quiz bo\u017ce narodzenie, quiz spos\u00f3b na alcybiadesa, lol kolorowanki do druku, ciekawostki o je\u017cach, prezent dla pi\u0119tnastolatka, quizy hobbit, s\u0142oneczko, dla nastolatk\u00f3w prezenty, imi\u0119 r\u00f3\u017ca, zagadki logiczne na inteligencj\u0119, szlaczki yyyyy &nbsp;<\/p>\n","protected":false},"featured_media":9198,"comment_status":"closed","ping_status":"open","template":"","meta":[],"product_cat":[235,94],"product_tag":[668,598,619,665],"class_list":["post-9197","product","type-product","status-publish","has-post-thumbnail","hentry","product_cat-gry-planszowe","product_cat-spin-master","product_tag-atrakcje-dla-dzieci-wroclaw","product_tag-co-na-roczek-dla-dziewczynki","product_tag-iwo-imie","product_tag-proste-zagadki"],"_links":{"self":[{"href":"http:\/\/klubmamgdynia.pl\/index.php\/wp-json\/wp\/v2\/product\/9197","targetHints":{"allow":["GET"]}}],"collection":[{"href":"http:\/\/klubmamgdynia.pl\/index.php\/wp-json\/wp\/v2\/product"}],"about":[{"href":"http:\/\/klubmamgdynia.pl\/index.php\/wp-json\/wp\/v2\/types\/product"}],"replies":[{"embeddable":true,"href":"http:\/\/klubmamgdynia.pl\/index.php\/wp-json\/wp\/v2\/comments?post=9197"}],"wp:featuredmedia":[{"embeddable":true,"href":"http:\/\/klubmamgdynia.pl\/index.php\/wp-json\/wp\/v2\/media\/9198"}],"wp:attachment":[{"href":"http:\/\/klubmamgdynia.pl\/index.php\/wp-json\/wp\/v2\/media?parent=9197"}],"wp:term":[{"taxonomy":"product_cat","embeddable":true,"href":"http:\/\/klubmamgdynia.pl\/index.php\/wp-json\/wp\/v2\/product_cat?post=9197"},{"taxonomy":"product_tag","embeddable":true,"href":"http:\/\/klubmamgdynia.pl\/index.php\/wp-json\/wp\/v2\/product_tag?post=9197"}],"curies":[{"name":"wp","href":"https:\/\/api.w.org\/{rel}","templated":true}]}}