{"id":920,"date":"2016-05-28T18:49:36","date_gmt":"2016-05-28T16:49:36","guid":{"rendered":"http:\/\/klubmamgdynia.pl\/index.php\/produkt\/canpol-babies-silikonowe-oslonki-piersi-2szt-s-wyrob-medyczny-easystart-18-602med\/"},"modified":"2026-04-04T01:01:14","modified_gmt":"2026-04-03T23:01:14","slug":"canpol-babies-silikonowe-oslonki-piersi-2szt-s-wyrob-medyczny-easystart-18-602med","status":"publish","type":"product","link":"http:\/\/klubmamgdynia.pl\/index.php\/produkt\/canpol-babies-silikonowe-oslonki-piersi-2szt-s-wyrob-medyczny-easystart-18-602med\/","title":{"rendered":"CANPOL BABIES SILIKONOWE OS\u0141ONKI PIERSI 2SZT S WYR\u00d3B MEDYCZNY EASYSTART (18\/602MED)"},"content":{"rendered":"<p>Wykonane z mi\u0119kkiego silikonu os\u0142onki piersi, chroni\u0105 obola\u0142e i pop\u0119kane brodawki oraz przyspieszaj\u0105 gojenie, umo\u017cliwiaj\u0105c bezbolesne karmienie.<\/p>\n<p>W wersji EasyStart w\u0119\u017csza g\u00f3rna kraw\u0119d\u017a os\u0142onki sprawia, \u017ce dziecko jedz\u0105c mo\u017ce si\u0119 przytula\u0107 do piersi matki, poczu\u0107 ciep\u0142o i zapach jej sk\u00f3ry.<\/p>\n<p>Silikon nie posiada smaku ani zapachu, dlatego nie wp\u0142ywa na smak pokarmu.<br \/>\nOs\u0142onki piersi EasyStart s\u0105 dodatkowo pakowane w plastikowe pude\u0142eczko, u\u0142atwiaj\u0105ce utrzymanie os\u0142onek w czysto\u015bci.<\/p>\n<h2>CANPOL BABIES SILIKONOWE OS\u0141ONKI PIERSI 2SZT S WYR\u00d3B MEDYCZNY EASYSTART (18\/602MED) Canpol babies<\/h2>\n<p>miasto dzieci, kolorowanki do druku super zings, pytania do lektury asiunia, kr\u00f3tkie bajki do czytania na dobranoc, irma, filmy rodzinne na halloween, bajka o \u017cabie, zabawy dla 5-6 latk\u00f3w, gwiazdka do druku, opis do zdj\u0119cia z dzieckiem, quiz o stolicach europy, co na prezent dla 7 latki, literki do nauki pisania do druku, pia imi\u0119, imie pola, mariola, gdzie strumyk p\u0142ynie z wolna tekst<\/p>\n<p>yyyyy<\/p>\n<p>&nbsp;<\/p>\n","protected":false},"excerpt":{"rendered":"<p>Wykonane z mi\u0119kkiego silikonu os\u0142onki piersi, chroni\u0105 obola\u0142e i pop\u0119kane brodawki oraz przyspieszaj\u0105 gojenie, umo\u017cliwiaj\u0105c bezbolesne karmienie. W wersji EasyStart w\u0119\u017csza g\u00f3rna kraw\u0119d\u017a os\u0142onki sprawia, \u017ce dziecko jedz\u0105c mo\u017ce si\u0119 przytula\u0107 do piersi matki, poczu\u0107 ciep\u0142o i zapach jej sk\u00f3ry. Silikon nie posiada smaku ani zapachu, dlatego nie wp\u0142ywa na smak pokarmu. Os\u0142onki piersi EasyStart [&hellip;]<\/p>\n","protected":false},"featured_media":921,"comment_status":"closed","ping_status":"open","template":"","meta":[],"product_cat":[68,238],"product_tag":[722,648,696,649,724],"class_list":["post-920","product","type-product","status-publish","has-post-thumbnail","hentry","product_cat-canpol-babies","product_cat-oslonki-na-piersi","product_tag-cytaty-o-przyjazni","product_tag-dobrej-nocy-i-sza","product_tag-film-rodzinny-o-swietach","product_tag-zagadki-dla-nastolatkow","product_tag-zagadki-podchwytliwe"],"_links":{"self":[{"href":"http:\/\/klubmamgdynia.pl\/index.php\/wp-json\/wp\/v2\/product\/920","targetHints":{"allow":["GET"]}}],"collection":[{"href":"http:\/\/klubmamgdynia.pl\/index.php\/wp-json\/wp\/v2\/product"}],"about":[{"href":"http:\/\/klubmamgdynia.pl\/index.php\/wp-json\/wp\/v2\/types\/product"}],"replies":[{"embeddable":true,"href":"http:\/\/klubmamgdynia.pl\/index.php\/wp-json\/wp\/v2\/comments?post=920"}],"wp:featuredmedia":[{"embeddable":true,"href":"http:\/\/klubmamgdynia.pl\/index.php\/wp-json\/wp\/v2\/media\/921"}],"wp:attachment":[{"href":"http:\/\/klubmamgdynia.pl\/index.php\/wp-json\/wp\/v2\/media?parent=920"}],"wp:term":[{"taxonomy":"product_cat","embeddable":true,"href":"http:\/\/klubmamgdynia.pl\/index.php\/wp-json\/wp\/v2\/product_cat?post=920"},{"taxonomy":"product_tag","embeddable":true,"href":"http:\/\/klubmamgdynia.pl\/index.php\/wp-json\/wp\/v2\/product_tag?post=920"}],"curies":[{"name":"wp","href":"https:\/\/api.w.org\/{rel}","templated":true}]}}