{"id":9205,"date":"2018-11-01T21:41:17","date_gmt":"2018-11-01T20:41:17","guid":{"rendered":"http:\/\/klubmamgdynia.pl\/index.php\/produkt\/oleofarm-d-vitum-forte-max-4000j-m-k2-120kaps\/"},"modified":"2026-04-07T12:37:14","modified_gmt":"2026-04-07T10:37:14","slug":"oleofarm-d-vitum-forte-max-4000j-m-k2-120kaps","status":"publish","type":"product","link":"http:\/\/klubmamgdynia.pl\/index.php\/produkt\/oleofarm-d-vitum-forte-max-4000j-m-k2-120kaps\/","title":{"rendered":"OLEOFARM D-VITUM FORTE MAX 4000J.M. K2 120KAPS"},"content":{"rendered":"<p>OLEOFARM D-VITUM FORTE MAX 4000J.M. K2 120KAPSD-Vitum Forte Max 4000 j.m to suplement diety o wysokiej zawarto\u015bci witaminy D w postaci cholekalcyferolu, przeznaczony dla oty\u0142ych os\u00f3b doros\u0142ych o wska\u017aniku BMI \u2265 30 kg\/ m2. Ka\u017cda kapsu\u0142ka preparatu dostarcza witamin\u0119 D w dawce 100 \u00b5g co odpowiada 4000 j.m. Dodatkowo w suplemencie znalaz\u0142a si\u0119 witamina K2 Mk-7.\u00a0                            <\/p>\n<p>Dzia\u0142anie:Witamina D pomaga w utrzymaniu zdrowych ko\u015bci, z\u0119b\u00f3w oraz prawid\u0142owego poziomu wapnia we krwi. Wspomaga prawid\u0142owe funkcjonowanie mi\u0119\u015bni i uk\u0142adu odporno\u015bciowego. Pomaga w prawid\u0142owym wch\u0142aniania\/wykorzystywaniu wapnia i fosforu, a tak\u017ce bierze udzia\u0142 w procesie podzia\u0142u kom\u00f3rek. Szczeg\u00f3ln\u0105 grup\u0105 os\u00f3b nara\u017conych na niedob\u00f3r witaminy D s\u0105 oty\u0142e osoby doros\u0142e, u kt\u00f3rych g\u0142\u00f3wn\u0105 przyczyna niedoboru witaminy jest niedostateczna synteza sk\u00f3rna odpowiadaj\u0105ca za oko\u0142o 80% zaopatrzenia organizmu cz\u0142owieka w t\u0119 witamin\u0119. U os\u00f3b oty\u0142ych wyst\u0119puje r\u00f3wnie\u017c zmniejszona biodost\u0119pno\u015b\u0107 witaminy D wskutek magazynowania jej w tkance t\u0142uszczowej, dlatego tak wa\u017cne jest dostarczenie odpowiedniej jej ilo\u015bci wraz z diet\u0105.Witamina K, podobnie jak witamina D, pomaga w utrzymaniu zdrowych ko\u015bci. Organizm cz\u0142owieka nie jest w stanie samodzielnie syntetyzowa\u0107 witaminy K2, w zwi\u0105zku z czym zapotrzebowanie na t\u0119 witamin\u0119 pokrywane jest g\u0142\u00f3wnie z diet\u0105 oraz w mniejszym stopniu dzi\u0119ki syntezie prowadzonej przez bakterie jelitowe. D-Vitum Forte Max 4000 j.m. K2 zawiera w swoim sk\u0142adzie witamin\u0119 K2-menachinon-7 (MK-7). Ma to istotne znaczenie, poniewa\u017c w\u0142a\u015bnie ta forma chemiczna witaminy K bierze udzia\u0142 w metabolizmie kostnym.D-Vitum K2 Forte Max 4000 j.m. zawiera olej lniany o wysokiej zawarto\u015bci kwas\u00f3w t\u0142uszczowych omega-3, do kt\u00f3rych nale\u017cy kwas alfa-linolenowy (ALA). Kwas alfa-linolenowy pomaga w utrzymaniu prawid\u0142owego poziomu cholesterolu we krwi. Korzystne dzia\u0142anie wyst\u0119puje w przypadku spo\u017cywania 2 g ALA dziennie.                            <\/p>\n<p>Zalecane spo\u017cycie:osoby doros\u0142e \u2013 1 kapsu\u0142ka dziennie po posi\u0142ku.\u00a0                            <\/p>\n<p>Sk\u0142ad:Wysokolinolenowy olej z nasion lnu (Linum usitatissimum) t\u0142oczony na zimno, \u017celatyna (sk\u0142adnik otoczki), substancja utrzymuj\u0105ca wilgo\u0107: glicerol, cholekalcyferol (witamina D3).                            <\/p>\n<p>***Suplement diety nie mo\u017ce by\u0107 stosowany jak substytut (zamiennik) zr\u00f3\u017cnicowanej diety. Nie nale\u017cy przekracza\u0107 zalecanej dziennej porcji. Zr\u00f3wnowa\u017cony spos\u00f3b \u017cywienia i prawid\u0142owy tryb \u017cycia jest wa\u017cny dla funkcjonowania organizmu cz\u0142owieka. Przechowywa\u0107 w miejscu niedost\u0119pnym dla dzieci. Nie nale\u017cy stosowa\u0107 preparatu w przypadku nadwra\u017cliwo\u015bci na kt\u00f3rykolwiek sk\u0142adnik preparatu.<\/p>\n<h2>OLEOFARM D-VITUM FORTE MAX 4000J.M. K2 120KAPS Oleofarm<\/h2>\n<p>jak zrobi\u0107 wulkan, wydarzenia dla dzieci warszawa, doros\u0142ych kolorowanki dziewczyny, aron, motyl kolorowanka, jak narysowa\u0107 anio\u0142ka<\/p>\n<p>yyyyy<\/p>\n<p>&nbsp;<\/p>\n","protected":false},"excerpt":{"rendered":"<p>OLEOFARM D-VITUM FORTE MAX 4000J.M. K2 120KAPSD-Vitum Forte Max 4000 j.m to suplement diety o wysokiej zawarto\u015bci witaminy D w postaci cholekalcyferolu, przeznaczony dla oty\u0142ych os\u00f3b doros\u0142ych o wska\u017aniku BMI \u2265 30 kg\/ m2. Ka\u017cda kapsu\u0142ka preparatu dostarcza witamin\u0119 D w dawce 100 \u00b5g co odpowiada 4000 j.m. Dodatkowo w suplemencie znalaz\u0142a si\u0119 witamina K2 [&hellip;]<\/p>\n","protected":false},"featured_media":9206,"comment_status":"closed","ping_status":"open","template":"","meta":[],"product_cat":[187,1187],"product_tag":[856,841,601,600],"class_list":["post-9205","product","type-product","status-publish","has-post-thumbnail","hentry","product_cat-mineraly-i-witaminy","product_cat-oleofarm","product_tag-prezent-dla-16-latki","product_tag-quiz-o-flagach","product_tag-zagadki-co-to-jest","product_tag-zaproszenia-na-urodziny-do-druku"],"_links":{"self":[{"href":"http:\/\/klubmamgdynia.pl\/index.php\/wp-json\/wp\/v2\/product\/9205","targetHints":{"allow":["GET"]}}],"collection":[{"href":"http:\/\/klubmamgdynia.pl\/index.php\/wp-json\/wp\/v2\/product"}],"about":[{"href":"http:\/\/klubmamgdynia.pl\/index.php\/wp-json\/wp\/v2\/types\/product"}],"replies":[{"embeddable":true,"href":"http:\/\/klubmamgdynia.pl\/index.php\/wp-json\/wp\/v2\/comments?post=9205"}],"wp:featuredmedia":[{"embeddable":true,"href":"http:\/\/klubmamgdynia.pl\/index.php\/wp-json\/wp\/v2\/media\/9206"}],"wp:attachment":[{"href":"http:\/\/klubmamgdynia.pl\/index.php\/wp-json\/wp\/v2\/media?parent=9205"}],"wp:term":[{"taxonomy":"product_cat","embeddable":true,"href":"http:\/\/klubmamgdynia.pl\/index.php\/wp-json\/wp\/v2\/product_cat?post=9205"},{"taxonomy":"product_tag","embeddable":true,"href":"http:\/\/klubmamgdynia.pl\/index.php\/wp-json\/wp\/v2\/product_tag?post=9205"}],"curies":[{"name":"wp","href":"https:\/\/api.w.org\/{rel}","templated":true}]}}