{"id":9207,"date":"2019-05-01T05:18:01","date_gmt":"2019-05-01T03:18:01","guid":{"rendered":"http:\/\/klubmamgdynia.pl\/index.php\/produkt\/motus-8-5-pro-czarna\/"},"modified":"2026-04-04T11:43:43","modified_gmt":"2026-04-04T09:43:43","slug":"motus-8-5-pro-czarna","status":"publish","type":"product","link":"http:\/\/klubmamgdynia.pl\/index.php\/produkt\/motus-8-5-pro-czarna\/","title":{"rendered":"Motus 8.5 Pro Czarna"},"content":{"rendered":"<h2>Motus 8.5 Pro Czarna Motus<\/h2>\n<p>plan lekcji do druku, zagadki matematyczne dla przedszkolak\u00f3w, kolorowanki uk\u0142ad s\u0142oneczny, test magiczne drzewo czerwone krzes\u0142o, aron, opis do zdj\u0119cia dziecka na fb, chase psi patrol kolorowanka, quizy ma\u0142y ksi\u0105\u017c\u0119, zagadki logiczne i odpowiedzi, jakie prezenty na roczek, zagadki logiczne z odpowiedziami, zabawka dla rocznej dziewczynki<\/p>\n<p>yyyyy<\/p>\n<p>&nbsp;<\/p>\n","protected":false},"excerpt":{"rendered":"<p>Motus 8.5 Pro Czarna Motus plan lekcji do druku, zagadki matematyczne dla przedszkolak\u00f3w, kolorowanki uk\u0142ad s\u0142oneczny, test magiczne drzewo czerwone krzes\u0142o, aron, opis do zdj\u0119cia dziecka na fb, chase psi patrol kolorowanka, quizy ma\u0142y ksi\u0105\u017c\u0119, zagadki logiczne i odpowiedzi, jakie prezenty na roczek, zagadki logiczne z odpowiedziami, zabawka dla rocznej dziewczynki yyyyy &nbsp;<\/p>\n","protected":false},"featured_media":9208,"comment_status":"closed","ping_status":"open","template":"","meta":[],"product_cat":[1801,1800],"product_tag":[650,823,857],"class_list":["post-9207","product","type-product","status-publish","has-post-thumbnail","hentry","product_cat-hulajnogi-elektryczne","product_cat-motus","product_tag-choinka-z-bibuly","product_tag-zagadki-dla-dzieci-7-lat","product_tag-zagadki-dla-dzieci-7-8-lat"],"_links":{"self":[{"href":"http:\/\/klubmamgdynia.pl\/index.php\/wp-json\/wp\/v2\/product\/9207","targetHints":{"allow":["GET"]}}],"collection":[{"href":"http:\/\/klubmamgdynia.pl\/index.php\/wp-json\/wp\/v2\/product"}],"about":[{"href":"http:\/\/klubmamgdynia.pl\/index.php\/wp-json\/wp\/v2\/types\/product"}],"replies":[{"embeddable":true,"href":"http:\/\/klubmamgdynia.pl\/index.php\/wp-json\/wp\/v2\/comments?post=9207"}],"wp:featuredmedia":[{"embeddable":true,"href":"http:\/\/klubmamgdynia.pl\/index.php\/wp-json\/wp\/v2\/media\/9208"}],"wp:attachment":[{"href":"http:\/\/klubmamgdynia.pl\/index.php\/wp-json\/wp\/v2\/media?parent=9207"}],"wp:term":[{"taxonomy":"product_cat","embeddable":true,"href":"http:\/\/klubmamgdynia.pl\/index.php\/wp-json\/wp\/v2\/product_cat?post=9207"},{"taxonomy":"product_tag","embeddable":true,"href":"http:\/\/klubmamgdynia.pl\/index.php\/wp-json\/wp\/v2\/product_tag?post=9207"}],"curies":[{"name":"wp","href":"https:\/\/api.w.org\/{rel}","templated":true}]}}