{"id":9209,"date":"2024-10-28T12:25:26","date_gmt":"2024-10-28T11:25:26","guid":{"rendered":"http:\/\/klubmamgdynia.pl\/?post_type=product&#038;p=9209"},"modified":"2026-05-17T22:45:48","modified_gmt":"2026-05-17T20:45:48","slug":"doudou-compagnie-chusta-przytulanka-0","status":"publish","type":"product","link":"http:\/\/klubmamgdynia.pl\/index.php\/produkt\/doudou-compagnie-chusta-przytulanka-0\/","title":{"rendered":"Doudou &amp; Compagnie Chusta Przytulanka 0+"},"content":{"rendered":"<p>Limango.pl to internetowy klub zakupowy dla kobiet i m\u0142odych rodzin, w kt\u00f3rym mog\u0105 kupowa\u0107 wy\u0142\u0105cznie cz\u0142onkowie. W naszej ofercie znajdziecie produkty renomowanych marek &#8211; czasami nawet do 80% taniej.Organizujemy trwaj\u0105ce 3 do 7 dni kampanie sprzeda\u017cowe dla naszych cz\u0142onk\u00f3w w \u015bcis\u0142ej wsp\u00f3\u0142pracy ze znanymi markami z ca\u0142ej Europy.W limango, ze wzgl\u0119du na ograniczenie ilo\u015bciowe produkt\u00f3w obowi\u0105zuje zasada: &#8222;kto pierwszy, ten lepszy!&#8221;. Aby nie przeoczy\u0107 po\u017c\u0105danych produkt\u00f3w, odwiedzaj nas codziennie. Informacje o kampaniach otrzymujesz od nas rano przed ich rozpocz\u0119ciem poprzez rozsy\u0142any newsletter.W limango znajdziecie nie tylko produkty \u015bwiatowych marek, promujemy r\u00f3wnie\u017c uznanych i niszowych polskich producent\u00f3w oraz designer\u00f3w, kt\u00f3rzy tworz\u0105 \u015bwietne i wysokiej jako\u015bci produkty z takich obszar\u00f3w jak: moda, dodatki, odzie\u017c dzieci\u0119ca, obuwie, zdrowie &amp; uroda, sport, trendy &amp; gad\u017cety oraz styl \u017cycia.Wsp\u00f3\u0142pracuj\u0105c bezpo\u015brednio z producentami znanych marek, mo\u017cemy oferowa\u0107 Wam tak korzystne ceny.Opis produktu:- mi\u0119kki welur- por\u0119czny design, idealny do ma\u0142ych r\u0105czek- do przytulania i zabawy- przesy\u0142ka w opakowaniu prezentowym- zalecenia wiekowe: od urodzeniaUwaga: Oferta nie obejmuje widocznych na zdj\u0119ciu dekoracji.<\/p>\n<h2>Doudou &amp; Compagnie Chusta Przytulanka 0+ <\/h2>\n<p>test z lektury opowie\u015bci z narnii lew czarownica i stara szafa, zagadka, zagadki na inteligencj\u0119, kolorowanki do druku kotki, po\u0142\u0105cz kropki, zagadki o bo\u017cym narodzeniu, kolorowanki do druku dla dziewczyn, kolorowanka kotki, cytat matka, quiz stolice europy, zagadki rymowanki dla dzieci, zagadki o zawodach, imi\u0119 gaja, ch\u0142opcy z placu broni &#8211; test z odpowiedziami, filmy disneya, jak si\u0119 rysuje psa, bajki do czytania, \u0142\u0105czenie kropek, quiz online<\/p>\n<p>yyyyy<\/p>\n<p>&nbsp;<\/p>\n","protected":false},"excerpt":{"rendered":"<p>Limango.pl to internetowy klub zakupowy dla kobiet i m\u0142odych rodzin, w kt\u00f3rym mog\u0105 kupowa\u0107 wy\u0142\u0105cznie cz\u0142onkowie. W naszej ofercie znajdziecie produkty renomowanych marek &#8211; czasami nawet do 80% taniej.Organizujemy trwaj\u0105ce 3 do 7 dni kampanie sprzeda\u017cowe dla naszych cz\u0142onk\u00f3w w \u015bcis\u0142ej wsp\u00f3\u0142pracy ze znanymi markami z ca\u0142ej Europy.W limango, ze wzgl\u0119du na ograniczenie ilo\u015bciowe produkt\u00f3w [&hellip;]<\/p>\n","protected":false},"featured_media":9210,"comment_status":"closed","ping_status":"open","template":"","meta":[],"product_cat":[42],"product_tag":[598,744,591,746],"class_list":["post-9209","product","type-product","status-publish","has-post-thumbnail","hentry","product_cat-maskotki","product_tag-co-na-roczek-dla-dziewczynki","product_tag-kolorowanki-swiateczne-do-wydruku","product_tag-quiz-o-minecraft","product_tag-zagadki-typu-co-to-jest"],"_links":{"self":[{"href":"http:\/\/klubmamgdynia.pl\/index.php\/wp-json\/wp\/v2\/product\/9209","targetHints":{"allow":["GET"]}}],"collection":[{"href":"http:\/\/klubmamgdynia.pl\/index.php\/wp-json\/wp\/v2\/product"}],"about":[{"href":"http:\/\/klubmamgdynia.pl\/index.php\/wp-json\/wp\/v2\/types\/product"}],"replies":[{"embeddable":true,"href":"http:\/\/klubmamgdynia.pl\/index.php\/wp-json\/wp\/v2\/comments?post=9209"}],"wp:featuredmedia":[{"embeddable":true,"href":"http:\/\/klubmamgdynia.pl\/index.php\/wp-json\/wp\/v2\/media\/9210"}],"wp:attachment":[{"href":"http:\/\/klubmamgdynia.pl\/index.php\/wp-json\/wp\/v2\/media?parent=9209"}],"wp:term":[{"taxonomy":"product_cat","embeddable":true,"href":"http:\/\/klubmamgdynia.pl\/index.php\/wp-json\/wp\/v2\/product_cat?post=9209"},{"taxonomy":"product_tag","embeddable":true,"href":"http:\/\/klubmamgdynia.pl\/index.php\/wp-json\/wp\/v2\/product_tag?post=9209"}],"curies":[{"name":"wp","href":"https:\/\/api.w.org\/{rel}","templated":true}]}}