{"id":9211,"date":"2013-05-26T10:34:07","date_gmt":"2013-05-26T08:34:07","guid":{"rendered":"http:\/\/klubmamgdynia.pl\/index.php\/produkt\/hitec-materac-trekkingowy-hi-tec-airmat-190x60cm-zielony\/"},"modified":"2026-04-04T01:32:52","modified_gmt":"2026-04-03T23:32:52","slug":"hitec-materac-trekkingowy-hi-tec-airmat-190x60cm-zielony","status":"publish","type":"product","link":"http:\/\/klubmamgdynia.pl\/index.php\/produkt\/hitec-materac-trekkingowy-hi-tec-airmat-190x60cm-zielony\/","title":{"rendered":"Hitec Materac trekkingowy Hi-Tec Airmat 190x60cm zielony"},"content":{"rendered":"<p>Hi-Tec Airmat<\/p>\n<p>Materac trekkingowy Hi-Tec stanowi obowi\u0105zkowe wyposa\u017cenie ka\u017cdej osoby, kt\u00f3ra uwielbia sp\u0119dza\u0107 czas pod go\u0142ym niebem. Wybieraj\u0105c si\u0119 pod namiot lub po prostu, by sp\u0119dzi\u0107 dzie\u0144 na \u0142onie natury ka\u017cdy powinien mie\u0107 ze sob\u0105 akcesoria umilaj\u0105ce wypoczynek.W napompowaniu pomaga dwustopniowy zaw\u00f3r powietrza. Pierwsza cz\u0119\u015b\u0107 zwrotna przepuszcza powietrze tylko do \u015brodka, dzi\u0119ki temu nic nie b\u0119dzie ucieka\u0107 gdy na chwil\u0119 przerwiemy pompowanie. Druga cz\u0119\u015b\u0107 to zaw\u00f3r w pe\u0142ni otwarty s\u0142u\u017c\u0105cy do wypuszczania powietrza z materaca                            <\/p>\n<p>Dzi\u0119ki strukturze po\u0142\u0105czonych wielok\u0105t\u00f3w, do pe\u0142nego napompowania materaca wystarczy od 10 do 12 wydech\u00f3w. Materace Airmat od Hi-Teca maj\u0105 a\u017c 4 cm grubo\u015bci. Na obrze\u017cach zamontowano zatrzaski, pozwalaj\u0105ce na po\u0142\u0105czenie dw\u00f3ch lub wi\u0119cej materacy, co ogranicza ryzyko przemieszczania si\u0119 w nocy kt\u00f3rego\u015b z nich. Zatrzaski przydadz\u0105 si\u0119 tak\u017ce przy sk\u0142adaniu materaca, wielko\u015b\u0107 materaca po z\u0142o\u017ceniu to 10 x 23cm. Si\u0119gaj\u0105c po materac Hi-Tec mo\u017cesz by\u0107 pewien wysokiego komfortu.                            <\/p>\n<p>Rozmiar\u00a0 190 x 60 x 4cmPo z\u0142o\u017ceniu materac ma wymiary 10 x 23cmMaterac wykonany w 100% z NylonuCa\u0142o\u015b\u0107 ma mas\u0119 530g                            <\/p>\n<p>Posiada dwu-stopniowy zaw\u00f3r: pierwszy zwrotny zapobiega uciekaniu powietrza gdy przerwiemy na chwil\u0119 nadmuchiwanie, drugi w pe\u0142ni otwarty s\u0142u\u017cy do opr\u00f3\u017cniania materaca z powietrza.Materac zapewnia wysoki komfort snuZatrzaski na obrze\u017cach pozwalaj\u0105 po\u0142\u0105czy\u0107 materace ze sob\u0105, tworz\u0105c sp\u00f3jny nocleg dla dw\u00f3ch lub wi\u0119cej os\u00f3b<\/p>\n<h2>Hitec Materac trekkingowy Hi-Tec Airmat 190x60cm zielony Hi-Tec<\/h2>\n<p>kolorowanka wr\u00f3\u017cka, \u015bwinka peppa bajka do czytania, swinka peppa do czytania, trudne zagadki matematyczne<\/p>\n<p>yyyyy<\/p>\n<p>&nbsp;<\/p>\n","protected":false},"excerpt":{"rendered":"<p>Hi-Tec Airmat Materac trekkingowy Hi-Tec stanowi obowi\u0105zkowe wyposa\u017cenie ka\u017cdej osoby, kt\u00f3ra uwielbia sp\u0119dza\u0107 czas pod go\u0142ym niebem. Wybieraj\u0105c si\u0119 pod namiot lub po prostu, by sp\u0119dzi\u0107 dzie\u0144 na \u0142onie natury ka\u017cdy powinien mie\u0107 ze sob\u0105 akcesoria umilaj\u0105ce wypoczynek.W napompowaniu pomaga dwustopniowy zaw\u00f3r powietrza. Pierwsza cz\u0119\u015b\u0107 zwrotna przepuszcza powietrze tylko do \u015brodka, dzi\u0119ki temu nic nie [&hellip;]<\/p>\n","protected":false},"featured_media":9212,"comment_status":"closed","ping_status":"open","template":"","meta":[],"product_cat":[1796,1802],"product_tag":[610,716,816,849,701],"class_list":["post-9211","product","type-product","status-publish","has-post-thumbnail","hentry","product_cat-hi-tec","product_cat-materace-turystyczne","product_tag-co-na-prezent-dla-nastolatkow","product_tag-filmy-animowane-o-swietach","product_tag-place-zabaw-warszawa","product_tag-zagadki-matematyczne-dla-dzieci","product_tag-zgadywanki-dla-dzieci"],"_links":{"self":[{"href":"http:\/\/klubmamgdynia.pl\/index.php\/wp-json\/wp\/v2\/product\/9211","targetHints":{"allow":["GET"]}}],"collection":[{"href":"http:\/\/klubmamgdynia.pl\/index.php\/wp-json\/wp\/v2\/product"}],"about":[{"href":"http:\/\/klubmamgdynia.pl\/index.php\/wp-json\/wp\/v2\/types\/product"}],"replies":[{"embeddable":true,"href":"http:\/\/klubmamgdynia.pl\/index.php\/wp-json\/wp\/v2\/comments?post=9211"}],"wp:featuredmedia":[{"embeddable":true,"href":"http:\/\/klubmamgdynia.pl\/index.php\/wp-json\/wp\/v2\/media\/9212"}],"wp:attachment":[{"href":"http:\/\/klubmamgdynia.pl\/index.php\/wp-json\/wp\/v2\/media?parent=9211"}],"wp:term":[{"taxonomy":"product_cat","embeddable":true,"href":"http:\/\/klubmamgdynia.pl\/index.php\/wp-json\/wp\/v2\/product_cat?post=9211"},{"taxonomy":"product_tag","embeddable":true,"href":"http:\/\/klubmamgdynia.pl\/index.php\/wp-json\/wp\/v2\/product_tag?post=9211"}],"curies":[{"name":"wp","href":"https:\/\/api.w.org\/{rel}","templated":true}]}}