{"id":9213,"date":"2012-07-16T09:26:35","date_gmt":"2012-07-16T07:26:35","guid":{"rendered":"http:\/\/klubmamgdynia.pl\/index.php\/produkt\/calominal-60-tabl\/"},"modified":"2026-04-30T13:05:10","modified_gmt":"2026-04-30T11:05:10","slug":"calominal-60-tabl","status":"publish","type":"product","link":"http:\/\/klubmamgdynia.pl\/index.php\/produkt\/calominal-60-tabl\/","title":{"rendered":"Calominal 60 tabl."},"content":{"rendered":"<p>CALOMINAL 60 TABLETEK<\/p>\n<p>Zawarty w preparacie, chitozan posiada zdolno\u015b\u0107 do wi\u0105zania du\u017cych ilo\u015bci lipid\u00f3w. Nie ulega on stwardnieniu i razem z zwi\u0105zkami t\u0142uszczowymi zostaje wydalony z organizmu. Dzi\u0119ki swoim w\u0142a\u015bciwo\u015bciom Calominal zmniejsza ilo\u015b\u0107 t\u0142uszcz\u00f3w wch\u0142anianych z po\u017cywienia, a tym samym ilo\u015b\u0107 dostarczanych do organizmu kalorii. Dodatkowo wyr\u00f3b ogranicza r\u00f3wnie\u017c ilo\u015b\u0107 przyswajanego z po\u017cywienia cholesterolu. Ponadto wspomaga redukcj\u0119 i kontrol\u0119 masy cia\u0142a.                            <\/p>\n<p>            WSKAZANIA:<\/p>\n<p>wspomagaj\u0105co w leczeniu nadwagi, kontrolowaniu wagi cia\u0142a, zmniejsza przyswajanie cholesterolu.                            <\/p>\n<p>            DAWKOWANIE:<\/p>\n<p>Tabletki przyjmowa\u0107 w trakcie g\u0142\u00f3wnych posi\u0142k\u00f3w, popijaj\u0105c przynajmniej 250ml wody:redukcja wagi cia\u0142a: przyjmowa\u0107 2 tabletki 2 razy dziennie;kontrola wagi cia\u0142a: przyjmowa\u0107 1 tabletk\u0119 2 razy dziennie.W czasie stosowania wyrobu medycznego zaleca si\u0119 spo\u017cywa\u0107 przynajmniej 2-3 litry p\u0142yn\u00f3w dziennie.                            <\/p>\n<p>            SK\u0141AD:<\/p>\n<p>celuloza, chitozan, poliwinylopirolidon, sole magnezowe kwas\u00f3w t\u0142uszczowych, dwutlenek krzemu.<\/p>\n<h2>Calominal 60 tabl. Aflofarm<\/h2>\n<p>imie aron, trudne zagadki, prezent dla 13 latki na \u015bwi\u0119ta, co \u0142apie ale nie rzuca, prezenty na roczek<\/p>\n<p>yyyyy<\/p>\n<p>&nbsp;<\/p>\n","protected":false},"excerpt":{"rendered":"<p>CALOMINAL 60 TABLETEK Zawarty w preparacie, chitozan posiada zdolno\u015b\u0107 do wi\u0105zania du\u017cych ilo\u015bci lipid\u00f3w. Nie ulega on stwardnieniu i razem z zwi\u0105zkami t\u0142uszczowymi zostaje wydalony z organizmu. Dzi\u0119ki swoim w\u0142a\u015bciwo\u015bciom Calominal zmniejsza ilo\u015b\u0107 t\u0142uszcz\u00f3w wch\u0142anianych z po\u017cywienia, a tym samym ilo\u015b\u0107 dostarczanych do organizmu kalorii. Dodatkowo wyr\u00f3b ogranicza r\u00f3wnie\u017c ilo\u015b\u0107 przyswajanego z po\u017cywienia cholesterolu. Ponadto [&hellip;]<\/p>\n","protected":false},"featured_media":9214,"comment_status":"closed","ping_status":"open","template":"","meta":[],"product_cat":[201,1776],"product_tag":[834,853,747,737,869],"class_list":["post-9213","product","type-product","status-publish","has-post-thumbnail","hentry","product_cat-aflofarm","product_cat-suplementy-na-odchudzanie","product_tag-bajka-do-czytania-na-dobranoc","product_tag-kolorowanki-do-druku-dla-doroslych","product_tag-malowanki-do-druku","product_tag-test-z-lektury-felix-net-i-nika-oraz-gang-niewidzialnych-ludzi","product_tag-zagadki-na-logike"],"_links":{"self":[{"href":"http:\/\/klubmamgdynia.pl\/index.php\/wp-json\/wp\/v2\/product\/9213","targetHints":{"allow":["GET"]}}],"collection":[{"href":"http:\/\/klubmamgdynia.pl\/index.php\/wp-json\/wp\/v2\/product"}],"about":[{"href":"http:\/\/klubmamgdynia.pl\/index.php\/wp-json\/wp\/v2\/types\/product"}],"replies":[{"embeddable":true,"href":"http:\/\/klubmamgdynia.pl\/index.php\/wp-json\/wp\/v2\/comments?post=9213"}],"wp:featuredmedia":[{"embeddable":true,"href":"http:\/\/klubmamgdynia.pl\/index.php\/wp-json\/wp\/v2\/media\/9214"}],"wp:attachment":[{"href":"http:\/\/klubmamgdynia.pl\/index.php\/wp-json\/wp\/v2\/media?parent=9213"}],"wp:term":[{"taxonomy":"product_cat","embeddable":true,"href":"http:\/\/klubmamgdynia.pl\/index.php\/wp-json\/wp\/v2\/product_cat?post=9213"},{"taxonomy":"product_tag","embeddable":true,"href":"http:\/\/klubmamgdynia.pl\/index.php\/wp-json\/wp\/v2\/product_tag?post=9213"}],"curies":[{"name":"wp","href":"https:\/\/api.w.org\/{rel}","templated":true}]}}