{"id":9217,"date":"2020-06-05T20:41:20","date_gmt":"2020-06-05T18:41:20","guid":{"rendered":"http:\/\/klubmamgdynia.pl\/index.php\/produkt\/aflofarm-slimperfect-60tabl\/"},"modified":"2026-04-03T23:39:09","modified_gmt":"2026-04-03T21:39:09","slug":"aflofarm-slimperfect-60tabl","status":"publish","type":"product","link":"http:\/\/klubmamgdynia.pl\/index.php\/produkt\/aflofarm-slimperfect-60tabl\/","title":{"rendered":"Aflofarm Slimperfect 60Tabl."},"content":{"rendered":"<p>Slimperfect to suplement diety \u0142\u0105cz\u0105cy naturalne ekstrakty ro\u015blinne, biotyn\u0119, koenzym Q10, kwas hialuronowy i hydrolizat bia\u0142ek kolagenowych. Zawarta w preparacie opuncja figowa (Opuntia ficus-indica) wspomaga odchudzanie i zmniejsza apatyt. Pomaga kontrolowa\u0107 poziom glukozy oraz wspomaga prawid\u0142owy metabolizm t\u0142uszcz\u00f3w.                            <\/p>\n<p>            G\u0142\u00f3wne sk\u0142adniki<\/p>\n<p>Wyci\u0105g z li\u015bci Gymnema Sylvestre:wspomaga utrzymanie prawid\u0142owego poziomu glukozy we krwi,pomaga kontrolowa\u0107 prawid\u0142ow\u0105 mas\u0119 cia\u0142a, zmniejsza apetyt,blokuje smak cukru,zmniejsza ch\u0119\u0107 na spo\u017cycie cukru.Wyci\u0105g z owoc\u00f3w gorzkiej pomara\u0144czy (Citrus aurantium):wspiera prawid\u0142owy metabolizm t\u0142uszcz\u00f3w i w\u0119glowodan\u00f3w,wspiera kontrol\u0119 prawid\u0142owej masy cia\u0142a.Wyci\u0105g z alg brunatnych (Ascophyllum nodosum):piel\u0119gnuje w\u0142osy, poprawia ich struktur\u0119 i wzmacnia paznokcie,wspomaga utrzymanie zdrowej sk\u00f3ry oraz wspiera utrzymanie prawid\u0142owego nawil\u017cenia sk\u00f3ry.Ekstrakt z ziela skrzypu polnego (Equisetum arvense):wspiera prawid\u0142ow\u0105 kondycj\u0119 w\u0142os\u00f3w, sk\u00f3ry i paznokci oraz wspomaga wzrost w\u0142os\u00f3w.                            <\/p>\n<p>Wyci\u0105g z nasion winogron (Vitis vinifera):pomaga poprawi\u0107 og\u00f3lny wygl\u0105d i zdrowie sk\u00f3ry. Wspiera ochron\u0119 kom\u00f3rek przed wolnymi rodnikami.Wyci\u0105g z ziela lucerny siewnej (Medicago sativa):wspomaga utrzymanie zdrowia oraz prawid\u0142owego wygl\u0105du zar\u00f3wno struktury w\u0142os\u00f3w jak i paznokci,wspomaga witalno\u015b\u0107 w\u0142os\u00f3w. Pomaga w utrzymaniu zdrowia w\u0142os\u00f3w i paznokci.Chrom:pomaga w utrzymaniu prawid\u0142owego poziomu glukozy we krwi.Biotyna:pomaga zachowa\u0107 zdrowe w\u0142osy i sk\u00f3r\u0119, pomaga w utrzymaniu prawid\u0142owego stanu b\u0142on \u015bluzowych.                            <\/p>\n<p>            Sk\u0142ad<\/p>\n<p>Substancja wype\u0142niaj\u0105ca: celuloza, ekstrakt z ziela skrzypu, proszek z owocu opuncji figowej, substancja glazuruj\u0105ca: hydroksypropylometyloceluloza, wyci\u0105g z li\u015bci Gymnema Sylvestre, wyci\u0105g z gorzkiej pomara\u0144czy, wyci\u0105g z lucerny siewnej, substancja wype\u0142niaj\u0105ca: s\u00f3l sodowa karboksymetylocelulozy usieciowiona, hydrolizat bia\u0142ek kolagenowych, substancja przeciwzbrylaj\u0105ca dwutlenek krzemu, substancja glazuruj\u0105ca: sole magnezowe kwas\u00f3w t\u0142uszczowych, kwas hialuronowy, kompleks wyci\u0105gu z pestek winogron Vitis vinifera, koenzym Q10, barwnik: dwutlenek tytanu, D-biotyna, substancje glazuruj\u0105ce: hydroksypropyloceluloza, talk oraz kwasy t\u0142uszczowe, chlorek chromu, substancje glazuruj\u0105ce: wosk pszczeli bia\u0142y oraz wosk carnauba.<\/p>\n<h2>Aflofarm Slimperfect 60Tabl. Aflofarm<\/h2>\n<p>przyja\u017a\u0144, bajki na dobranoc do czytania, posz\u0142a ola na spacerek, opis do zdj\u0119cia z dzieckiem, pia imi\u0119, super zings kolorowanka, wierszyk o choince, literki do pisania do druku, mariola, mia imie, milena, zagadki dla dzieci, kolorowanka uk\u0142ad s\u0142oneczny dla dzieci do druku<\/p>\n<p>yyyyy<\/p>\n<p>&nbsp;<\/p>\n","protected":false},"excerpt":{"rendered":"<p>Slimperfect to suplement diety \u0142\u0105cz\u0105cy naturalne ekstrakty ro\u015blinne, biotyn\u0119, koenzym Q10, kwas hialuronowy i hydrolizat bia\u0142ek kolagenowych. Zawarta w preparacie opuncja figowa (Opuntia ficus-indica) wspomaga odchudzanie i zmniejsza apatyt. Pomaga kontrolowa\u0107 poziom glukozy oraz wspomaga prawid\u0142owy metabolizm t\u0142uszcz\u00f3w. G\u0142\u00f3wne sk\u0142adniki Wyci\u0105g z li\u015bci Gymnema Sylvestre:wspomaga utrzymanie prawid\u0142owego poziomu glukozy we krwi,pomaga kontrolowa\u0107 prawid\u0142ow\u0105 mas\u0119 cia\u0142a, [&hellip;]<\/p>\n","protected":false},"featured_media":9218,"comment_status":"closed","ping_status":"open","template":"","meta":[],"product_cat":[201,1776],"product_tag":[700,578,684,786,641,800],"class_list":["post-9217","product","type-product","status-publish","has-post-thumbnail","hentry","product_cat-aflofarm","product_cat-suplementy-na-odchudzanie","product_tag-bajki-do-czytania-dla-dzieci","product_tag-fajne-zarty-na-prima-aprilis","product_tag-prezent-dla-dziewczynki-na-roczek","product_tag-prezent-na-1-urodziny","product_tag-trudne-zagadki-logiczne","product_tag-zagadki-smieszne"],"_links":{"self":[{"href":"http:\/\/klubmamgdynia.pl\/index.php\/wp-json\/wp\/v2\/product\/9217","targetHints":{"allow":["GET"]}}],"collection":[{"href":"http:\/\/klubmamgdynia.pl\/index.php\/wp-json\/wp\/v2\/product"}],"about":[{"href":"http:\/\/klubmamgdynia.pl\/index.php\/wp-json\/wp\/v2\/types\/product"}],"replies":[{"embeddable":true,"href":"http:\/\/klubmamgdynia.pl\/index.php\/wp-json\/wp\/v2\/comments?post=9217"}],"wp:featuredmedia":[{"embeddable":true,"href":"http:\/\/klubmamgdynia.pl\/index.php\/wp-json\/wp\/v2\/media\/9218"}],"wp:attachment":[{"href":"http:\/\/klubmamgdynia.pl\/index.php\/wp-json\/wp\/v2\/media?parent=9217"}],"wp:term":[{"taxonomy":"product_cat","embeddable":true,"href":"http:\/\/klubmamgdynia.pl\/index.php\/wp-json\/wp\/v2\/product_cat?post=9217"},{"taxonomy":"product_tag","embeddable":true,"href":"http:\/\/klubmamgdynia.pl\/index.php\/wp-json\/wp\/v2\/product_tag?post=9217"}],"curies":[{"name":"wp","href":"https:\/\/api.w.org\/{rel}","templated":true}]}}