{"id":9219,"date":"2015-07-18T16:10:53","date_gmt":"2015-07-18T14:10:53","guid":{"rendered":"http:\/\/klubmamgdynia.pl\/index.php\/produkt\/gorjuss-plecak-szkolny-up-and-away-fioletowy-31-5x40x22-5cm\/"},"modified":"2026-04-20T20:37:58","modified_gmt":"2026-04-20T18:37:58","slug":"gorjuss-plecak-szkolny-up-and-away-fioletowy-31-5x40x22-5cm","status":"publish","type":"product","link":"http:\/\/klubmamgdynia.pl\/index.php\/produkt\/gorjuss-plecak-szkolny-up-and-away-fioletowy-31-5x40x22-5cm\/","title":{"rendered":"Gorjuss Plecak Szkolny Up And Away Fioletowy 31.5X40X22.5Cm"},"content":{"rendered":"<p>Dzieci zas\u0142uguj\u0105 na to co najlepsze, dlatego przedstawiamy Ci Plecak szkolny Gorjuss Up and away Fioletowy (31.5 x 40 x 22.5 cm), idealny dla tych, kt\u00f3rzy szukaj\u0105 produkt\u00f3w wysokiej jako\u015bci dla dzieci! Zdob\u0105d\u017a Gorjuss i inne produkty markowe i licencyjne w najlepszych cenach!Kolor: FioletowyMateria\u0142: PoliesterW\u0142a\u015bciwo\u015bci: Wy\u015bcie\u0142ane ramionaPodk\u0142adka ergonomicznaUchwyt u g\u00f3ryRodzaj zapi\u0119cia: Zamek b\u0142yskawicznyDesign: BrokatPrzegr\u00f3dki: Przednia kiesze\u0144 zamykana na suwakWn\u0119trze: OprawianeWymiary ok.: 31.5 x 40 x 22.5 cmStyl: SchoolZalecane stosowanie: M\u0142odzie\u017c&#8230;<\/p>\n<h2>Gorjuss Plecak Szkolny Up And Away Fioletowy 31.5X40X22.5Cm Gorjuss<\/h2>\n<p>zagadki dla dzieci 7 lat, adrian imie, prezent na urodziny dla nastolatk\u00f3w, jak rozmawia\u0107 z dzie\u0107mi o wojnie, imie gaja, m\u0105dre prezenty dla 7 latki, andrzejki dekoracje do druku, bombki do kolorowania, bajki dla dziewczynek, zaproszenie na urodziny dziecka tekst do druku, zagadki na logik\u0119, asiunia pytania do lektury, prezent dla 7 latka na urodziny, cytaty o macierzy\u0144stwie<\/p>\n<p>yyyyy<\/p>\n<p>&nbsp;<\/p>\n","protected":false},"excerpt":{"rendered":"<p>Dzieci zas\u0142uguj\u0105 na to co najlepsze, dlatego przedstawiamy Ci Plecak szkolny Gorjuss Up and away Fioletowy (31.5 x 40 x 22.5 cm), idealny dla tych, kt\u00f3rzy szukaj\u0105 produkt\u00f3w wysokiej jako\u015bci dla dzieci! Zdob\u0105d\u017a Gorjuss i inne produkty markowe i licencyjne w najlepszych cenach!Kolor: FioletowyMateria\u0142: PoliesterW\u0142a\u015bciwo\u015bci: Wy\u015bcie\u0142ane ramionaPodk\u0142adka ergonomicznaUchwyt u g\u00f3ryRodzaj zapi\u0119cia: Zamek b\u0142yskawicznyDesign: BrokatPrzegr\u00f3dki: Przednia [&hellip;]<\/p>\n","protected":false},"featured_media":9220,"comment_status":"closed","ping_status":"open","template":"","meta":[],"product_cat":[1384,329],"product_tag":[614,732,679,873],"class_list":["post-9219","product","type-product","status-publish","has-post-thumbnail","hentry","product_cat-gorjuss","product_cat-plecaki-szkolne","product_tag-pia","product_tag-prezent-dla-rocznego-chlopca","product_tag-zabawki-na-roczek-dla-dziewczynki","product_tag-zagadki-z-odpowiedziami-dla-dzieci"],"_links":{"self":[{"href":"http:\/\/klubmamgdynia.pl\/index.php\/wp-json\/wp\/v2\/product\/9219","targetHints":{"allow":["GET"]}}],"collection":[{"href":"http:\/\/klubmamgdynia.pl\/index.php\/wp-json\/wp\/v2\/product"}],"about":[{"href":"http:\/\/klubmamgdynia.pl\/index.php\/wp-json\/wp\/v2\/types\/product"}],"replies":[{"embeddable":true,"href":"http:\/\/klubmamgdynia.pl\/index.php\/wp-json\/wp\/v2\/comments?post=9219"}],"wp:featuredmedia":[{"embeddable":true,"href":"http:\/\/klubmamgdynia.pl\/index.php\/wp-json\/wp\/v2\/media\/9220"}],"wp:attachment":[{"href":"http:\/\/klubmamgdynia.pl\/index.php\/wp-json\/wp\/v2\/media?parent=9219"}],"wp:term":[{"taxonomy":"product_cat","embeddable":true,"href":"http:\/\/klubmamgdynia.pl\/index.php\/wp-json\/wp\/v2\/product_cat?post=9219"},{"taxonomy":"product_tag","embeddable":true,"href":"http:\/\/klubmamgdynia.pl\/index.php\/wp-json\/wp\/v2\/product_tag?post=9219"}],"curies":[{"name":"wp","href":"https:\/\/api.w.org\/{rel}","templated":true}]}}