{"id":922,"date":"2024-08-28T13:48:03","date_gmt":"2024-08-28T11:48:03","guid":{"rendered":"http:\/\/klubmamgdynia.pl\/?post_type=product&#038;p=922"},"modified":"2026-05-17T22:06:23","modified_gmt":"2026-05-17T20:06:23","slug":"leantoys-lalka-szmacianka-przytulanka-25-cm","status":"publish","type":"product","link":"http:\/\/klubmamgdynia.pl\/index.php\/produkt\/leantoys-lalka-szmacianka-przytulanka-25-cm\/","title":{"rendered":"Leantoys Lalka Szmacianka Przytulanka 25 Cm"},"content":{"rendered":"<p>Lalka Szmacianka Przytulanka 25 cmSzmaciana laleczka do tulenia, g\u0142askania, mo\u017ce zosta\u0107 najlepsz\u0105 przyjaci\u00f3\u0142k\u0105 ka\u017cdej dziewczynki. Laleczka zapewne zachwyci ka\u017cde dziecko, kt\u00f3re uwielbia bawi\u0107 si\u0119 swoimi przytulankami. Jest mi\u0119ciutka i bardzo przyjemna w dotyku, idealna do przytulania. Ka\u017cda ma\u0142a dziewczynka marzy o w\u0142asnej lali, a ta szmaciana b\u0119dzie idealnym prezentem. Laleczka pozwoli umili\u0107 tak\u017ce sen naszej pociechy. Lalka szmacianka dziewczynka, to idealna towarzyszka spacer\u00f3w dla ma\u0142ej opiekunki. W\u0142\u00f3\u017c j\u0105 do w\u00f3zka, zabierz na spacer, zapro\u015b na herbatk\u0119. Lalka uszyta jest z mi\u0119kkiego materia\u0142u, przyjemnego w dotyku. Ma w\u0142\u00f3czkowe w\u0142osy zawi\u0105zane w warkocze. Lalka ma wyszywan\u0105 bu\u017ak\u0119, jej twarz jest mi\u0142a i pogodna, co na pewno spodoba si\u0119 ka\u017cdej dziewczynce. Jest bardzo mi\u0119ciutka &#8211; tu\u0142\u00f3w wype\u0142niony jest watolin\u0105. Ubrana jest w r\u00f3\u017cowo-\u017c\u00f3\u0142t\u0105 sukienk\u0119, a na g\u0142owie za\u0142o\u017cony ma kapelusz. Lalka wykonana w motywie truskawki.D\u0142ugo\u015b\u0107 lalki: 25 cmLaleczka przeznaczona jest dla dzieci powy\u017cej 6. miesi\u0105ca \u017cycia. Posiada certyfikat CE i jest zgodna z norm\u0105 EN 71.EAN: 1818712677040Kod Producenta: 6757<\/p>\n<h2>Leantoys Lalka Szmacianka Przytulanka 25 Cm Lean Toys<\/h2>\n<p>prezenty dla 7 latki, szlaczki literopodobne do wydruku, motyl kolorowanka, piosenki na dobranoc dla dzieci + tekst, rzadkie imiona \u017ce\u0144skie, co\u015b dla nastolatk\u00f3w, korczak cytaty, traktor z przyczep\u0105 kolorowanka do druku, auto kolorowanka, stolice europy quiz, kolorowanka ksi\u0119\u017cniczka, imi\u0119 miriam, malowanki \u015bwi\u0105teczne, rebusy i krzy\u017c\u00f3wki dla dzieci do druku<\/p>\n<p>yyyyy<\/p>\n<p>&nbsp;<\/p>\n","protected":false},"excerpt":{"rendered":"<p>Lalka Szmacianka Przytulanka 25 cmSzmaciana laleczka do tulenia, g\u0142askania, mo\u017ce zosta\u0107 najlepsz\u0105 przyjaci\u00f3\u0142k\u0105 ka\u017cdej dziewczynki. Laleczka zapewne zachwyci ka\u017cde dziecko, kt\u00f3re uwielbia bawi\u0107 si\u0119 swoimi przytulankami. Jest mi\u0119ciutka i bardzo przyjemna w dotyku, idealna do przytulania. Ka\u017cda ma\u0142a dziewczynka marzy o w\u0142asnej lali, a ta szmaciana b\u0119dzie idealnym prezentem. Laleczka pozwoli umili\u0107 tak\u017ce sen naszej [&hellip;]<\/p>\n","protected":false},"featured_media":923,"comment_status":"closed","ping_status":"open","template":"","meta":[],"product_cat":[65,73],"product_tag":[784,674,631,840,824],"class_list":["post-922","product","type-product","status-publish","has-post-thumbnail","hentry","product_cat-lalki","product_cat-lean-toys","product_tag-hymn-gorniczy","product_tag-miasto-dzieci","product_tag-prezent-na-roczek","product_tag-stare-bajki","product_tag-warszawa-atrakcje-dla-dzieci"],"_links":{"self":[{"href":"http:\/\/klubmamgdynia.pl\/index.php\/wp-json\/wp\/v2\/product\/922","targetHints":{"allow":["GET"]}}],"collection":[{"href":"http:\/\/klubmamgdynia.pl\/index.php\/wp-json\/wp\/v2\/product"}],"about":[{"href":"http:\/\/klubmamgdynia.pl\/index.php\/wp-json\/wp\/v2\/types\/product"}],"replies":[{"embeddable":true,"href":"http:\/\/klubmamgdynia.pl\/index.php\/wp-json\/wp\/v2\/comments?post=922"}],"wp:featuredmedia":[{"embeddable":true,"href":"http:\/\/klubmamgdynia.pl\/index.php\/wp-json\/wp\/v2\/media\/923"}],"wp:attachment":[{"href":"http:\/\/klubmamgdynia.pl\/index.php\/wp-json\/wp\/v2\/media?parent=922"}],"wp:term":[{"taxonomy":"product_cat","embeddable":true,"href":"http:\/\/klubmamgdynia.pl\/index.php\/wp-json\/wp\/v2\/product_cat?post=922"},{"taxonomy":"product_tag","embeddable":true,"href":"http:\/\/klubmamgdynia.pl\/index.php\/wp-json\/wp\/v2\/product_tag?post=922"}],"curies":[{"name":"wp","href":"https:\/\/api.w.org\/{rel}","templated":true}]}}