{"id":9221,"date":"2017-04-11T09:58:50","date_gmt":"2017-04-11T07:58:50","guid":{"rendered":"http:\/\/klubmamgdynia.pl\/index.php\/produkt\/mayoral-plecak-dzieciecy-kolor-rozowy-duzy-gladki\/"},"modified":"2026-05-17T22:14:42","modified_gmt":"2026-05-17T20:14:42","slug":"mayoral-plecak-dzieciecy-kolor-rozowy-duzy-gladki","status":"publish","type":"product","link":"http:\/\/klubmamgdynia.pl\/index.php\/produkt\/mayoral-plecak-dzieciecy-kolor-rozowy-duzy-gladki\/","title":{"rendered":"Mayoral Plecak Dzieci\u0119cy Kolor R\u00f3\u017cowy Du\u017cy G\u0142adki"},"content":{"rendered":"<p>&#8211; Jednokomorowy model.- Zapi\u0119cie na suwak.- Uchwyt do r\u0119ki.- Regulowana d\u0142ugo\u015b\u0107 pask\u00f3w.- Mie\u015bci format A4.- Z przodu kieszonka.<\/p>\n<h2>Mayoral Plecak Dzieci\u0119cy Kolor R\u00f3\u017cowy Du\u017cy G\u0142adki Mayoral<\/h2>\n<p>\u015bmigus dyngus lany poniedzia\u0142ek zyczenia, cytat mama, nela imi\u0119, babciu droga babciu tekst, test na znaki drogowe, zagadki dla dzieci 10 lat, quiz o flagach europy, ko\u0142ysanki dla dzieci tekst, \u015bmieszne zagadki logiczne, opowie\u015b\u0107 wigilijna test z odpowiedziami, zagadki o bajkach<\/p>\n<p>yyyyy<\/p>\n<p>&nbsp;<\/p>\n","protected":false},"excerpt":{"rendered":"<p>&#8211; Jednokomorowy model.- Zapi\u0119cie na suwak.- Uchwyt do r\u0119ki.- Regulowana d\u0142ugo\u015b\u0107 pask\u00f3w.- Mie\u015bci format A4.- Z przodu kieszonka. Mayoral Plecak Dzieci\u0119cy Kolor R\u00f3\u017cowy Du\u017cy G\u0142adki Mayoral \u015bmigus dyngus lany poniedzia\u0142ek zyczenia, cytat mama, nela imi\u0119, babciu droga babciu tekst, test na znaki drogowe, zagadki dla dzieci 10 lat, quiz o flagach europy, ko\u0142ysanki dla dzieci [&hellip;]<\/p>\n","protected":false},"featured_media":9222,"comment_status":"closed","ping_status":"open","template":"","meta":[],"product_cat":[1774,329],"product_tag":[657,732,620,822],"class_list":["post-9221","product","type-product","status-publish","has-post-thumbnail","hentry","product_cat-mayoral","product_cat-plecaki-szkolne","product_tag-lol-kolorowanka","product_tag-prezent-dla-rocznego-chlopca","product_tag-quiz-opowiesci-z-narnii","product_tag-wierszyki-o-wakacjach-krotkie"],"_links":{"self":[{"href":"http:\/\/klubmamgdynia.pl\/index.php\/wp-json\/wp\/v2\/product\/9221","targetHints":{"allow":["GET"]}}],"collection":[{"href":"http:\/\/klubmamgdynia.pl\/index.php\/wp-json\/wp\/v2\/product"}],"about":[{"href":"http:\/\/klubmamgdynia.pl\/index.php\/wp-json\/wp\/v2\/types\/product"}],"replies":[{"embeddable":true,"href":"http:\/\/klubmamgdynia.pl\/index.php\/wp-json\/wp\/v2\/comments?post=9221"}],"wp:featuredmedia":[{"embeddable":true,"href":"http:\/\/klubmamgdynia.pl\/index.php\/wp-json\/wp\/v2\/media\/9222"}],"wp:attachment":[{"href":"http:\/\/klubmamgdynia.pl\/index.php\/wp-json\/wp\/v2\/media?parent=9221"}],"wp:term":[{"taxonomy":"product_cat","embeddable":true,"href":"http:\/\/klubmamgdynia.pl\/index.php\/wp-json\/wp\/v2\/product_cat?post=9221"},{"taxonomy":"product_tag","embeddable":true,"href":"http:\/\/klubmamgdynia.pl\/index.php\/wp-json\/wp\/v2\/product_tag?post=9221"}],"curies":[{"name":"wp","href":"https:\/\/api.w.org\/{rel}","templated":true}]}}