{"id":9227,"date":"2016-07-26T01:15:51","date_gmt":"2016-07-25T23:15:51","guid":{"rendered":"http:\/\/klubmamgdynia.pl\/index.php\/produkt\/granna-ale-cyrk\/"},"modified":"2026-04-30T23:04:17","modified_gmt":"2026-04-30T21:04:17","slug":"granna-ale-cyrk","status":"publish","type":"product","link":"http:\/\/klubmamgdynia.pl\/index.php\/produkt\/granna-ale-cyrk\/","title":{"rendered":"Granna Ale Cyrk!"},"content":{"rendered":"<p>GRANNA Ale cyrk!Zr\u0119czno\u015bciowa gra Ale Cyrk ! \u0107wiczy zmys\u0142 r\u00f3wnowagi, ostro\u017cno\u015b\u0107 i precyzj\u0119.Gracze &#8222;wcielaj\u0105 si\u0119&#8221; w grup\u0119 cyrkow\u0105,aby wykona\u0107 drewnianymi klockami akrobat\u00f3w niesamowite show !Jak gra\u0107 ?G\u0142\u00f3wnym celem gry jest wykonanie \u017cywej piramidy z dost\u0119pnych postaci.Ka\u017cdy z graczy musi odtworzy\u0107 uk\u0142ady akrobatyczne z wylosowanych kart.Rozgrywk\u0119 wygrywa osoba kt\u00f3ra jako pierwsza da rad\u0119 zrealizowa\u0107 7 kart celu.Na pocz\u0105tku na \u015brodek sto\u0142u k\u0142adziemy trzy areny a wok\u00f3\u0142 nich ustawimy figurki artyst\u00f3w.Ka\u017cdy z uczestnik\u00f3w otrzymuje 4 losowe karty z uk\u0142adami akrobatycznymi do odtworzenia,a z pozosta\u0142ych kart tworzymy stos z kt\u00f3rego b\u0119dzie mo\u017cna dobiera\u0107 karty.Kolejno\u015b\u0107 graczy jest klasyczna &#8211; zgodna z ruchem zegara.Ka\u017cdy gracz w swojej turze mo\u017ce wykona\u0107 tylko jedn\u0105 z dw\u00f3ch dost\u0119pnych czynno\u015bci:- przenie\u015b\u0107 klocek z zewn\u0105trz do wewn\u0105trz areny,- prze\u0142o\u017cy\u0107 klocki z jednej areny na inn\u0105.Klocki mo\u017cna uk\u0142ada\u0107 na pustych arenach, lub na wierzch ju\u017c zape\u0142nionych.Je\u015bli uda si\u0119 u\u0142o\u017cy\u0107 komu\u015b sw\u00f3j uk\u0142ad,lub inny gracz przypadkiem u\u0142o\u017cy uk\u0142ad z naszej karty nale\u017cy krzykn\u0105\u0107 &#8222;Ale cyrk !&#8221;Kart\u0119 ze &#8222;zrobionym&#8221; uk\u0142adem akrobatycznym wyk\u0142ada si\u0119 na st\u00f3\u0142i dobiera kolejn\u0105 i tak do momentu a\u017c kt\u00f3ry\u015b z graczy nie u\u0142o\u017cy 7 uk\u0142ad\u00f3w.Zawarto\u015b\u0107 :-9 x Drewnianych klock\u00f3w z postaciami akrobat\u00f3w-53 x Karty z uk\u0142adem akrobatycznym-3 x Areny cyrkowe-InstrukcjaGra przeznaczona dla dzieci od 6 roku \u017cycia.Ilo\u015b\u0107 dopuszczalnych graczy : 2-4Czas trwania rundy: 20 min<\/p>\n<h2>Granna Ale Cyrk! Granna<\/h2>\n<p>szlaczki dla dzieci do druku, wyprawka warszawiaka 2021, co oznacza jordan, mira imi\u0119, najrzadsze imiona, nastolatka, lidia imie, psi patrol kolorowanka<\/p>\n<p>yyyyy<\/p>\n<p>&nbsp;<\/p>\n","protected":false},"excerpt":{"rendered":"<p>GRANNA Ale cyrk!Zr\u0119czno\u015bciowa gra Ale Cyrk ! \u0107wiczy zmys\u0142 r\u00f3wnowagi, ostro\u017cno\u015b\u0107 i precyzj\u0119.Gracze &#8222;wcielaj\u0105 si\u0119&#8221; w grup\u0119 cyrkow\u0105,aby wykona\u0107 drewnianymi klockami akrobat\u00f3w niesamowite show !Jak gra\u0107 ?G\u0142\u00f3wnym celem gry jest wykonanie \u017cywej piramidy z dost\u0119pnych postaci.Ka\u017cdy z graczy musi odtworzy\u0107 uk\u0142ady akrobatyczne z wylosowanych kart.Rozgrywk\u0119 wygrywa osoba kt\u00f3ra jako pierwsza da rad\u0119 zrealizowa\u0107 7 kart [&hellip;]<\/p>\n","protected":false},"featured_media":9228,"comment_status":"closed","ping_status":"open","template":"","meta":[],"product_cat":[430,130],"product_tag":[817,650,856,604],"class_list":["post-9227","product","type-product","status-publish","has-post-thumbnail","hentry","product_cat-granna","product_cat-gry-dzieciece","product_tag-bajka-terapeutyczna-o-emocjach","product_tag-choinka-z-bibuly","product_tag-prezent-dla-16-latki","product_tag-zagadki-trudne"],"_links":{"self":[{"href":"http:\/\/klubmamgdynia.pl\/index.php\/wp-json\/wp\/v2\/product\/9227","targetHints":{"allow":["GET"]}}],"collection":[{"href":"http:\/\/klubmamgdynia.pl\/index.php\/wp-json\/wp\/v2\/product"}],"about":[{"href":"http:\/\/klubmamgdynia.pl\/index.php\/wp-json\/wp\/v2\/types\/product"}],"replies":[{"embeddable":true,"href":"http:\/\/klubmamgdynia.pl\/index.php\/wp-json\/wp\/v2\/comments?post=9227"}],"wp:featuredmedia":[{"embeddable":true,"href":"http:\/\/klubmamgdynia.pl\/index.php\/wp-json\/wp\/v2\/media\/9228"}],"wp:attachment":[{"href":"http:\/\/klubmamgdynia.pl\/index.php\/wp-json\/wp\/v2\/media?parent=9227"}],"wp:term":[{"taxonomy":"product_cat","embeddable":true,"href":"http:\/\/klubmamgdynia.pl\/index.php\/wp-json\/wp\/v2\/product_cat?post=9227"},{"taxonomy":"product_tag","embeddable":true,"href":"http:\/\/klubmamgdynia.pl\/index.php\/wp-json\/wp\/v2\/product_tag?post=9227"}],"curies":[{"name":"wp","href":"https:\/\/api.w.org\/{rel}","templated":true}]}}