{"id":9229,"date":"2025-05-03T01:07:35","date_gmt":"2025-05-02T23:07:35","guid":{"rendered":"http:\/\/klubmamgdynia.pl\/?post_type=product&#038;p=9229"},"modified":"2026-04-30T22:54:35","modified_gmt":"2026-04-30T20:54:35","slug":"spin-master-gund-baby-panda-6056276","status":"publish","type":"product","link":"http:\/\/klubmamgdynia.pl\/index.php\/produkt\/spin-master-gund-baby-panda-6056276\/","title":{"rendered":"Spin Master Gund Baby Panda (6056276)"},"content":{"rendered":"<p>Spin Master 6056276 Gund Maskotka Baby PandaZabawka bez ogranicze\u0144 wiekowych.Wymiary przytulanki: 24 x 12 x 9 cm.<\/p>\n<h2>Spin Master Gund Baby Panda (6056276) Spin Master<\/h2>\n<p>minecraft kolorowanki, malgorzata znaczenie imienia, pomys\u0142 na prezent dla 15 latki, tr\u00f3jmiasto atrakcje dla dzieci, chase psi patrol kolorowanka, zagadki o zwierz\u0119tach wiejskich, bajki do czytania dla 6 latka, nietypowe imiona damskie, zagadki wiosna, misie z bajek, jazda konna dla dzieci, zemsta quizy, przys\u0142owia o rodzinie, prosta zagadka, kolorowanka piesek, darmowe kolorowanki kolorowanki dla dziewczynek, kolorowanki z bajek, kolorowanka do druku kotek, gry dla nastolatk\u00f3w<\/p>\n<p>yyyyy<\/p>\n<p>&nbsp;<\/p>\n","protected":false},"excerpt":{"rendered":"<p>Spin Master 6056276 Gund Maskotka Baby PandaZabawka bez ogranicze\u0144 wiekowych.Wymiary przytulanki: 24 x 12 x 9 cm. Spin Master Gund Baby Panda (6056276) Spin Master minecraft kolorowanki, malgorzata znaczenie imienia, pomys\u0142 na prezent dla 15 latki, tr\u00f3jmiasto atrakcje dla dzieci, chase psi patrol kolorowanka, zagadki o zwierz\u0119tach wiejskich, bajki do czytania dla 6 latka, nietypowe [&hellip;]<\/p>\n","protected":false},"featured_media":9230,"comment_status":"closed","ping_status":"open","template":"","meta":[],"product_cat":[42,94],"product_tag":[754,704,849],"class_list":["post-9229","product","type-product","status-publish","has-post-thumbnail","hentry","product_cat-maskotki","product_cat-spin-master","product_tag-dyplomy-do-wydrukowania-a4","product_tag-prezent-dla-nastolatka","product_tag-zagadki-matematyczne-dla-dzieci"],"_links":{"self":[{"href":"http:\/\/klubmamgdynia.pl\/index.php\/wp-json\/wp\/v2\/product\/9229","targetHints":{"allow":["GET"]}}],"collection":[{"href":"http:\/\/klubmamgdynia.pl\/index.php\/wp-json\/wp\/v2\/product"}],"about":[{"href":"http:\/\/klubmamgdynia.pl\/index.php\/wp-json\/wp\/v2\/types\/product"}],"replies":[{"embeddable":true,"href":"http:\/\/klubmamgdynia.pl\/index.php\/wp-json\/wp\/v2\/comments?post=9229"}],"wp:featuredmedia":[{"embeddable":true,"href":"http:\/\/klubmamgdynia.pl\/index.php\/wp-json\/wp\/v2\/media\/9230"}],"wp:attachment":[{"href":"http:\/\/klubmamgdynia.pl\/index.php\/wp-json\/wp\/v2\/media?parent=9229"}],"wp:term":[{"taxonomy":"product_cat","embeddable":true,"href":"http:\/\/klubmamgdynia.pl\/index.php\/wp-json\/wp\/v2\/product_cat?post=9229"},{"taxonomy":"product_tag","embeddable":true,"href":"http:\/\/klubmamgdynia.pl\/index.php\/wp-json\/wp\/v2\/product_tag?post=9229"}],"curies":[{"name":"wp","href":"https:\/\/api.w.org\/{rel}","templated":true}]}}