{"id":9231,"date":"2012-02-01T09:42:14","date_gmt":"2012-02-01T08:42:14","guid":{"rendered":"http:\/\/klubmamgdynia.pl\/index.php\/produkt\/trefl-puzzle-2000el-tygrysie-gniazdo-bhutan-27092\/"},"modified":"2026-05-17T22:37:51","modified_gmt":"2026-05-17T20:37:51","slug":"trefl-puzzle-2000el-tygrysie-gniazdo-bhutan-27092","status":"publish","type":"product","link":"http:\/\/klubmamgdynia.pl\/index.php\/produkt\/trefl-puzzle-2000el-tygrysie-gniazdo-bhutan-27092\/","title":{"rendered":"Trefl Puzzle 2000el. Tygrysie Gniazdo Bhutan 27092"},"content":{"rendered":"<p>Trefl Puzzle 2000el. Tygrysie Gniazdo Bhutan 27092Puzzle 2000 element\u00f3w z zapieraj\u0105cym dech w piersiach widokiem na tygrysie gniazdo w Bhutanie. Po u\u0142o\u017ceniu powstanie obrazek o wymiarach 96&#215;68 cm. Wysok\u0105 jako\u015b\u0107, nasycenie kolor\u00f3w i bezpiecze\u0144stwo uk\u0142adania zapewnia kalandrowany papier odbijaj\u0105cy \u015bwiat\u0142o, pokryty ekologicznymi farbami spo\u017cywczymi.                            <\/p>\n<p>                    Sprawd\u017a inne puzzle Trefl:<\/p>\n<p>            Trefl Puzzle 1000el. Wiktoria\u0144ski Dom 10355<\/p>\n<p>                        od<br \/>\n                            18,44<br \/>\n                            z\u0142<\/p>\n<p>                    Zobacz<\/p>\n<p>            Trefl Puzzle 1000el. Uroczy Zak\u0105tek 10297<\/p>\n<p>                        od<br \/>\n                            19,06<br \/>\n                            z\u0142<\/p>\n<p>                    Zobacz<\/p>\n<p>            Trefl Puzzle 2000el. Wakacyjna przysta\u0144 27124<\/p>\n<p>                        od<br \/>\n                            25,65<br \/>\n                            z\u0142<\/p>\n<p>                    Zobacz<\/p>\n<p>            Trefl Puzzle 1000el. Bajkowa Kraina 10496<\/p>\n<p>                        od<br \/>\n                            18,57<br \/>\n                            z\u0142<\/p>\n<p>                    Zobacz<\/p>\n<p>            Trefl Puzzle 2000el. Alpy Latem 27089<\/p>\n<p>                        od<br \/>\n                            25,64<br \/>\n                            z\u0142<\/p>\n<p>                    Zobacz<\/p>\n<p>            Trefl Puzzle Unlimited Fit Technology 1000el. Pa\u0142ac Most Rialto Wenecja W\u0142ochy 10692<\/p>\n<p>                        od<br \/>\n                            35,99<br \/>\n                            z\u0142<\/p>\n<p>                    Zobacz<\/p>\n<p>            Trefl Puzzle Drewniane 1000el. Kolorowe balony 20143<\/p>\n<p>                        od<br \/>\n                            96,20<br \/>\n                            z\u0142<\/p>\n<p>                    Zobacz<\/p>\n<p>            Trefl Puzzle 2000el. Wyspa Murano Wenecja 27110<\/p>\n<p>                        od<br \/>\n                            23,85<br \/>\n                            z\u0142<\/p>\n<p>                    Zobacz<\/p>\n<p>            Trefl Puzzle 4000el. Popo\u0142udniowa Sielanka 45005<\/p>\n<p>                        od<br \/>\n                            48,10<br \/>\n                            z\u0142<\/p>\n<p>                    Zobacz<\/p>\n<p>            Trefl Puzzle 3000el. Starole\u015bnia\u0144ski Staw Tatry S\u0142owacja 33031<\/p>\n<p>                        od<br \/>\n                            44,18<br \/>\n                            z\u0142<\/p>\n<p>                    Zobacz<\/p>\n<p>            Trefl Puzzle Spiralne 1040el. Magiczna Zatoka 40016<\/p>\n<p>                        od<br \/>\n                            18,52<br \/>\n                            z\u0142<\/p>\n<p>                    Zobacz<\/p>\n<p>            Trefl Puzzle Spiralne 1040el. Uk\u0142ad s\u0142oneczny 40013<\/p>\n<p>                        od<br \/>\n                            18,59<br \/>\n                            z\u0142<\/p>\n<p>                    Zobacz<\/p>\n<p>            Trefl Puzzle 3000el. Balony Nad Kapadocj\u0105 33059<\/p>\n<p>                        od<br \/>\n                            43,51<br \/>\n                            z\u0142<\/p>\n<p>                    Zobacz<\/p>\n<p>            Trefl Puzzle 1000el. Bia\u0142e \u015awi\u0119ta 10602<\/p>\n<p>                        od<br \/>\n                            18,60<br \/>\n                            z\u0142<\/p>\n<p>                    Zobacz<\/p>\n<p>            Trefl Puzzle 3000el. Dachy Jerozolimy 33032<\/p>\n<p>                        od<br \/>\n                            44,89<br \/>\n                            z\u0142<\/p>\n<p>                    Zobacz<\/p>\n<p>            Trefl Puzzle 3000el. Lauterbrunnen Szwajcaria 33076<\/p>\n<p>                        od<br \/>\n                            42,83<br \/>\n                            z\u0142<\/p>\n<p>                    Zobacz<\/p>\n<p>            Trefl Puzzle 1500el. Park Guel Barcelona 26147<\/p>\n<p>                        od<br \/>\n                            21,13<br \/>\n                            z\u0142<\/p>\n<p>                    Zobacz<\/p>\n<p>            Trefl Puzzle 1500el. Chatka Nad Jeziorem 26136<\/p>\n<p>                        od<br \/>\n                            20,54<br \/>\n                            z\u0142<\/p>\n<p>                    Zobacz<\/p>\n<p>            Trefl Puzzle 1000el. Zimowy Krajobraz 10439<\/p>\n<p>                        od<br \/>\n                            21,90<br \/>\n                            z\u0142<\/p>\n<p>                    Zobacz<\/p>\n<p>            Trefl Puzzle 1500el. Jezioro Morskie Oko Tatry 26167<\/p>\n<p>                        od<br \/>\n                            21,05<br \/>\n                            z\u0142<\/p>\n<p>                    Zobacz<\/p>\n<p>            Trefl Puzzle 1000el. W\u0142oskie Wakacje 10585<\/p>\n<p>                        od<br \/>\n                            15,00<br \/>\n                            z\u0142<\/p>\n<p>                    Zobacz<\/p>\n<p>            Trefl Puzzle 2000el. Tygrysie Gniazdo Bhutan 27092<\/p>\n<p>                        od<br \/>\n                            27,39<br \/>\n                            z\u0142<\/p>\n<p>                    Zobacz<\/p>\n<p>            Trefl Puzzle 2000el. Wodospad Haifoss Islandia 27091<\/p>\n<p>                        od<br \/>\n                            25,64<br \/>\n                            z\u0142<\/p>\n<p>                    Zobacz<\/p>\n<p>            Trefl Puzzle 3000el. Zimowy Zamek Neuschwanstein 33025<\/p>\n<p>                        od<br \/>\n                            44,90<br \/>\n                            z\u0142<\/p>\n<p>                    Zobacz<\/p>\n<p>            Trefl Puzzle 1000el. Miami O Zmroku 29027<\/p>\n<p>                        od<br \/>\n                            17,88<br \/>\n                            z\u0142<\/p>\n<p>                    Zobacz<\/p>\n<p>            Trefl Puzzle 1500el. Alpy Bawarskie 26133<\/p>\n<p>                        od<br \/>\n                            21,12<br \/>\n                            z\u0142<\/p>\n<p>                    Zobacz<\/p>\n<p>            Trefl Puzzle 3000el. Chatka W Lesie 33074<\/p>\n<p>                        od<br \/>\n                            42,74<br \/>\n                            z\u0142<\/p>\n<p>                    Zobacz<\/p>\n<p>            Trefl Puzzle 1000el. Spokojna Przysta\u0144 10582<\/p>\n<p>                        od<br \/>\n                            13,11<br \/>\n                            z\u0142<\/p>\n<p>                    Zobacz<\/p>\n<p>            Trefl Puzzle 2000el. Sielskie \u017bycie 27106<\/p>\n<p>                        od<br \/>\n                            25,64<br \/>\n                            z\u0142<\/p>\n<p>                    Zobacz<\/p>\n<p>            Trefl Puzzle 6000el. \u0141api\u0105c Sny 65005<\/p>\n<p>                        od<br \/>\n                            56,72<br \/>\n                            z\u0142<\/p>\n<p>                    Zobacz<\/p>\n<h2>Trefl Puzzle 2000el. Tygrysie Gniazdo Bhutan 27092 Trefl<\/h2>\n<p>koty kolorowanka, wierszyki o marzannie, pia imi\u0119, historia andrzejek dla dzieci<\/p>\n<p>yyyyy<\/p>\n<p>&nbsp;<\/p>\n","protected":false},"excerpt":{"rendered":"<p>Trefl Puzzle 2000el. Tygrysie Gniazdo Bhutan 27092Puzzle 2000 element\u00f3w z zapieraj\u0105cym dech w piersiach widokiem na tygrysie gniazdo w Bhutanie. Po u\u0142o\u017ceniu powstanie obrazek o wymiarach 96&#215;68 cm. Wysok\u0105 jako\u015b\u0107, nasycenie kolor\u00f3w i bezpiecze\u0144stwo uk\u0142adania zapewnia kalandrowany papier odbijaj\u0105cy \u015bwiat\u0142o, pokryty ekologicznymi farbami spo\u017cywczymi. Sprawd\u017a inne puzzle Trefl: Trefl Puzzle 1000el. Wiktoria\u0144ski Dom 10355 od [&hellip;]<\/p>\n","protected":false},"featured_media":9232,"comment_status":"closed","ping_status":"open","template":"","meta":[],"product_cat":[90,104],"product_tag":[829,802,707,587,760],"class_list":["post-9231","product","type-product","status-publish","has-post-thumbnail","hentry","product_cat-puzzle","product_cat-trefl","product_tag-bajki-do-czytania-na-dobranoc","product_tag-co-kupic-dziewczynce-na-roczek","product_tag-karty-pracy-dla-dzieci-z-ukrainy","product_tag-skalne-miasto","product_tag-zagadka-matematyczna"],"_links":{"self":[{"href":"http:\/\/klubmamgdynia.pl\/index.php\/wp-json\/wp\/v2\/product\/9231","targetHints":{"allow":["GET"]}}],"collection":[{"href":"http:\/\/klubmamgdynia.pl\/index.php\/wp-json\/wp\/v2\/product"}],"about":[{"href":"http:\/\/klubmamgdynia.pl\/index.php\/wp-json\/wp\/v2\/types\/product"}],"replies":[{"embeddable":true,"href":"http:\/\/klubmamgdynia.pl\/index.php\/wp-json\/wp\/v2\/comments?post=9231"}],"wp:featuredmedia":[{"embeddable":true,"href":"http:\/\/klubmamgdynia.pl\/index.php\/wp-json\/wp\/v2\/media\/9232"}],"wp:attachment":[{"href":"http:\/\/klubmamgdynia.pl\/index.php\/wp-json\/wp\/v2\/media?parent=9231"}],"wp:term":[{"taxonomy":"product_cat","embeddable":true,"href":"http:\/\/klubmamgdynia.pl\/index.php\/wp-json\/wp\/v2\/product_cat?post=9231"},{"taxonomy":"product_tag","embeddable":true,"href":"http:\/\/klubmamgdynia.pl\/index.php\/wp-json\/wp\/v2\/product_tag?post=9231"}],"curies":[{"name":"wp","href":"https:\/\/api.w.org\/{rel}","templated":true}]}}