{"id":9237,"date":"2022-01-01T04:50:27","date_gmt":"2022-01-01T03:50:27","guid":{"rendered":"http:\/\/klubmamgdynia.pl\/index.php\/produkt\/czuczu-zagadki-z-dziurka-2\/"},"modified":"2026-05-17T22:27:16","modified_gmt":"2026-05-17T20:27:16","slug":"czuczu-zagadki-z-dziurka-2","status":"publish","type":"product","link":"http:\/\/klubmamgdynia.pl\/index.php\/produkt\/czuczu-zagadki-z-dziurka-2\/","title":{"rendered":"Czuczu Zagadki Z Dziurk\u0105 2+"},"content":{"rendered":"<p>Czuczu Zagadki z dziurk\u0105 dla dzieci 2+&#8221;CzuCzu zagadki z dziurk\u0105 dla dzieci 2+&#8221; to idealna pozycja dla ciekawych \u015bwiata maluch\u00f3w. Zbi\u00f3r rymowanych zagadek zachwyci niejedno dziecko i zach\u0119ci do odkrywania \u015bwiata!Ka\u017cdy dwulatek z pewno\u015bci\u0105 potrafi zasypa\u0107 swojego rodzica gradem pyta\u0144. Maluchy cz\u0119sto s\u0105 nieust\u0119pliwe w swoich dociekaniach i nie raz sprawiaj\u0105 tym swoim rodzicom nie ma\u0142y problem. Nie ma co si\u0119 dziwi\u0107, w ko\u0144cu od kogo dziecko ma dowiedzie\u0107 si\u0119 czego\u015b o \u015bwiecie, skoro nie od doros\u0142ych! Warto zainteresowa\u0107 si\u0119 tym tematem i sprawi\u0107, aby wszystko to sz\u0142o sprawnie i \u0142\u0105czy\u0142o elementy przyjemne z po\u017cytecznymi. W\u0142a\u015bnie do tego idealnie nadaje si\u0119 ksi\u0105\u017ceczka &#8222;CzuCzu zagadki z dziurk\u0105 dla dzieci 2+&#8221;.Przede wszystkim przeznaczona zosta\u0142a ona dla dzieci powy\u017cej drugiego roku \u017cycia. To wtedy w\u0142a\u015bnie wzrasta ciekawo\u015b\u0107 \u015bwiata i zainteresowanie wszystkim, co dzieje si\u0119 dooko\u0142a. Ca\u0142o\u015b\u0107 zawiera 38 zgadywanek, u\u0142o\u017conych w spos\u00f3b melodyjny i pe\u0142en rym\u00f3w. Dzi\u0119ki temu \u0142atwo wpadaj\u0105 w ucho i staj\u0105 si\u0119 jeszcze bardziej atrakcyjne dla maluch\u00f3w! Przez dziurk\u0119 przy ka\u017cdym z pyta\u0144 mo\u017cna dostrzec fragment odpowiedzi, oczywi\u015bcie przedstawionej w formie obrazka. Zabawa anga\u017cuje r\u00f3\u017cne zmys\u0142y i zmusza do my\u015blenia, zapewniaj\u0105c przy tym rado\u015b\u0107 dla ca\u0142ej rodziny.&#8221;Czuzzu zagadki z dziurk\u0105 dla dzieci 2+&#8221; mo\u017ce zosta\u0107 wykorzystane wsz\u0119dzie, zar\u00f3wno w domu jak i podr\u00f3\u017cy. Niewielki format sprawia, \u017ce z \u0142atwo\u015bci\u0105 schowamy ksi\u0105\u017ceczk\u0119 do torby i nie zaskoczy nas moment nudy i braku nowych pomys\u0142\u00f3w na zape\u0142nienie czasu. Z pewno\u015bci\u0105 po\u0142\u0105czenie nauki i zabawy w jedno sprawi, \u017ce ksi\u0105\u017ceczka stanie si\u0119 ulubion\u0105 rozrywk\u0105 niejednego malucha!Wiek: 2+<\/p>\n<h2>Czuczu Zagadki Z Dziurk\u0105 2+ Bright Junior Media<\/h2>\n<p>zdrowe dania dla dzieci, cytaty dla mamy od c\u00f3rki, zaproszenia na urodziny do wydruku, gabriel, andrea, zagadki na myslenie, zagadki wielkanocne dla dzieci, test dynastia mizio\u0142k\u00f3w<\/p>\n<p>yyyyy<\/p>\n<p>&nbsp;<\/p>\n","protected":false},"excerpt":{"rendered":"<p>Czuczu Zagadki z dziurk\u0105 dla dzieci 2+&#8221;CzuCzu zagadki z dziurk\u0105 dla dzieci 2+&#8221; to idealna pozycja dla ciekawych \u015bwiata maluch\u00f3w. Zbi\u00f3r rymowanych zagadek zachwyci niejedno dziecko i zach\u0119ci do odkrywania \u015bwiata!Ka\u017cdy dwulatek z pewno\u015bci\u0105 potrafi zasypa\u0107 swojego rodzica gradem pyta\u0144. Maluchy cz\u0119sto s\u0105 nieust\u0119pliwe w swoich dociekaniach i nie raz sprawiaj\u0105 tym swoim rodzicom nie [&hellip;]<\/p>\n","protected":false},"featured_media":9238,"comment_status":"closed","ping_status":"open","template":"","meta":[],"product_cat":[1530,130],"product_tag":[859,681,637,742,791],"class_list":["post-9237","product","type-product","status-publish","has-post-thumbnail","hentry","product_cat-bright-junior-media","product_cat-gry-dzieciece","product_tag-dobranoc-pchly-na-noc","product_tag-flagi-europy-quiz","product_tag-niech-zyja-wakacje-tekst","product_tag-piosenki-dla-dzieci-tekst","product_tag-zagadki-na-myslenie"],"_links":{"self":[{"href":"http:\/\/klubmamgdynia.pl\/index.php\/wp-json\/wp\/v2\/product\/9237","targetHints":{"allow":["GET"]}}],"collection":[{"href":"http:\/\/klubmamgdynia.pl\/index.php\/wp-json\/wp\/v2\/product"}],"about":[{"href":"http:\/\/klubmamgdynia.pl\/index.php\/wp-json\/wp\/v2\/types\/product"}],"replies":[{"embeddable":true,"href":"http:\/\/klubmamgdynia.pl\/index.php\/wp-json\/wp\/v2\/comments?post=9237"}],"wp:featuredmedia":[{"embeddable":true,"href":"http:\/\/klubmamgdynia.pl\/index.php\/wp-json\/wp\/v2\/media\/9238"}],"wp:attachment":[{"href":"http:\/\/klubmamgdynia.pl\/index.php\/wp-json\/wp\/v2\/media?parent=9237"}],"wp:term":[{"taxonomy":"product_cat","embeddable":true,"href":"http:\/\/klubmamgdynia.pl\/index.php\/wp-json\/wp\/v2\/product_cat?post=9237"},{"taxonomy":"product_tag","embeddable":true,"href":"http:\/\/klubmamgdynia.pl\/index.php\/wp-json\/wp\/v2\/product_tag?post=9237"}],"curies":[{"name":"wp","href":"https:\/\/api.w.org\/{rel}","templated":true}]}}