{"id":9239,"date":"2025-09-16T23:19:54","date_gmt":"2025-09-16T21:19:54","guid":{"rendered":"http:\/\/klubmamgdynia.pl\/?post_type=product&#038;p=9239"},"modified":"2026-04-29T16:51:20","modified_gmt":"2026-04-29T14:51:20","slug":"hydrominum-skin-30-tabl","status":"publish","type":"product","link":"http:\/\/klubmamgdynia.pl\/index.php\/produkt\/hydrominum-skin-30-tabl\/","title":{"rendered":"Hydrominum + Skin 30 tabl"},"content":{"rendered":"<p>Hydrominum + Skin 30 tablHydrominum +skin suplement diety zawiera naturalne sk\u0142adniki wspomagaj\u0105ce eliminacj\u0119 wody z organizmu oraz proces oczyszczania i fizjologiczn\u0105 detoksykacj\u0119 organizmu. Ponadto sk\u0142adniki produktu wspomagaj\u0105 odchudzanie i u\u0142atwiaj\u0105 redukcj\u0119 cellulitu. Aby dodatkowo zachowa\u0107 zdrow\u0105 sk\u00f3r\u0119 receptura produktu zosta\u0142a wzbogacona o cynk i witamin\u0119 A.\u00a0                            <\/p>\n<p>W\u0142a\u015bciwo\u015bci:Hydrominum + Skin\u00a0to suplement diety, kt\u00f3ry zawiera naturalne wyci\u0105gi ro\u015blinne. Sk\u0142adniki produktu wspomagaj\u0105 eliminacj\u0119 wody. Ponadto sk\u0142adniki produktu wspomagaj\u0105 odchudzanie, utrzymanie prawid\u0142owej masy cia\u0142a, u\u0142atwiaj\u0105 redukcj\u0119 cellulitu i wspieraj\u0105 samopoczucie w okresie napi\u0119cia przedmiesi\u0105czkowego.\u00a0Aby dodatkowo zachowa\u0107 zdrow\u0105 sk\u00f3r\u0119 receptura produktu zosta\u0142a wzbogacona o cynk i witamin\u0119 A.Wyci\u0105g z ziela naw\u0142oci wspomaga prac\u0119 dolnych dr\u00f3g moczowych i p\u0119cherza moczowego.Wyci\u0105g z mniszka lekarskiego pomaga oczy\u015bci\u0107 organizm, wspiera fizjologiczn\u0105 detoksykacj\u0119, wspomaga ochron\u0119 przed aktywno\u015bci\u0105 wolnych rodnik\u00f3w.Wyci\u0105g z ziela pokrzywy wspiera usuwanie wody z organizmu, wspomaga utrzymanie witalno\u015bci.Wyci\u0105g z zielonej herbaty wspomaga ochron\u0119 organizmu przed aktywno\u015bci\u0105 wolnych rodnik\u00f3w, wspiera usuwanie wody, pomaga w kontrolowaniu masy cia\u0142a.Wyci\u0105g z nasion winogron wspiera utrzymanie prawid\u0142owej masy cia\u0142a, wspomaga redukcj\u0119 cellulitu.Wyci\u0105g z owocu opuncji figowej wspomaga metabolizm t\u0142uszcz\u00f3w, pomaga kontrolowa\u0107 mas\u0119 cia\u0142a, wspiera ograniczanie apetytu.Witamina A pomaga w utrzymaniu stanu b\u0142on \u015bluzowych, wspomaga proces specjalizacji kom\u00f3rek, wspiera utrzymanie zdrowego wygl\u0105du sk\u00f3ry.Witamina E wspiera ochron\u0119 kom\u00f3rek przed stresem oksydacyjnym.Cynk wspomaga utrzymanie zdrowego wygl\u0105du sk\u00f3ry, w\u0142os\u00f3w i paznokci.                            <\/p>\n<p>Sk\u0142adniki:Substancja wype\u0142niaj\u0105ca: celuloza, wyci\u0105g z ziela pokrzywy, wyci\u0105g z zielonej herbaty, glukonian cynku, wyci\u0105g z mniszka lekarskiego, wyci\u0105g z owocu opuncji figowej, wyci\u0105g z nasion winogron, substancja glazuruj\u0105ca: hydroksypropylometyloceluloza, wyci\u0105g z ziela naw\u0142oci pospolitej, substancja wype\u0142niaj\u0105ca: poliwinylopirolidon, bursztynian D-alfa-tokoferylu, substancja glazuruj\u0105ca: sole magnezowe kwas\u00f3w t\u0142uszczowych, substancja wype\u0142niaj\u0105ca: dwutlenek krzemu, octan retinylu, barwnik: dwutlenek tytanu, substancje glazuruj\u0105ce: hydroksypropyloceluloza, kwasy t\u0142uszczowe, talk, wosk pszczeli bia\u0142y oraz wosk carnauba.                            <\/p>\n<p>Stosowanie:1 tabletka dziennie popijaj\u0105c wod\u0105.                            <\/p>\n<p>***Suplementy diety nie mog\u0105 by\u0107 stosowane jako substytut (zamiennik) zr\u00f3\u017cnicowanej diety ani zdrowego trybu \u017cycia. Nie nale\u017cy przekracza\u0107 zalecanej porcji produktu do spo\u017cycia w ci\u0105gu dnia. Suplementy diety powinny by\u0107 przechowywane w spos\u00f3b niedost\u0119pny dla ma\u0142ych dzieci. Przed zastosowaniem produktu sugerujemy zapoznanie si\u0119 z dok\u0142adnymi informacjami podanymi na opakowaniu lub za\u0142\u0105czonej ulotce.<\/p>\n<h2>Hydrominum + Skin 30 tabl Aflofarm<\/h2>\n<p>atrakcje dla dzieci wroclaw, dyplomy szablony pdf, pokemon do druku, bajki do czytania dla ch\u0142opc\u00f3w, pomysl na prezent na roczek, wz\u00f3r dyplomu do pobrania, zagadki zimowe, basen dla dzieci warszawa, zagadki wiosenne dla dzieci, miko\u0142ajkowe zabawy, everest psi patrol, \u015bmieszne zagadki dla dzieci 10 lat, gad\u017cety dla m\u0142odzie\u017cy 2020, julian, imiona postaci z bajek, miko\u0142ajek test z lektury, zagadki walentynkowe<\/p>\n<p>yyyyy<\/p>\n<p>&nbsp;<\/p>\n","protected":false},"excerpt":{"rendered":"<p>Hydrominum + Skin 30 tablHydrominum +skin suplement diety zawiera naturalne sk\u0142adniki wspomagaj\u0105ce eliminacj\u0119 wody z organizmu oraz proces oczyszczania i fizjologiczn\u0105 detoksykacj\u0119 organizmu. Ponadto sk\u0142adniki produktu wspomagaj\u0105 odchudzanie i u\u0142atwiaj\u0105 redukcj\u0119 cellulitu. Aby dodatkowo zachowa\u0107 zdrow\u0105 sk\u00f3r\u0119 receptura produktu zosta\u0142a wzbogacona o cynk i witamin\u0119 A.\u00a0 W\u0142a\u015bciwo\u015bci:Hydrominum + Skin\u00a0to suplement diety, kt\u00f3ry zawiera naturalne wyci\u0105gi [&hellip;]<\/p>\n","protected":false},"featured_media":9240,"comment_status":"closed","ping_status":"open","template":"","meta":[],"product_cat":[201,1776],"product_tag":[699,747,640,769,820],"class_list":["post-9239","product","type-product","status-publish","has-post-thumbnail","hentry","product_cat-aflofarm","product_cat-suplementy-na-odchudzanie","product_tag-kolorowanki-do-druku-dla-dziewczyn","product_tag-malowanki-do-druku","product_tag-prezent-dla-rocznej-dziewczynki","product_tag-psi-patrol-do-czytania","product_tag-ziemia-wyspa-zielona-tekst"],"_links":{"self":[{"href":"http:\/\/klubmamgdynia.pl\/index.php\/wp-json\/wp\/v2\/product\/9239","targetHints":{"allow":["GET"]}}],"collection":[{"href":"http:\/\/klubmamgdynia.pl\/index.php\/wp-json\/wp\/v2\/product"}],"about":[{"href":"http:\/\/klubmamgdynia.pl\/index.php\/wp-json\/wp\/v2\/types\/product"}],"replies":[{"embeddable":true,"href":"http:\/\/klubmamgdynia.pl\/index.php\/wp-json\/wp\/v2\/comments?post=9239"}],"wp:featuredmedia":[{"embeddable":true,"href":"http:\/\/klubmamgdynia.pl\/index.php\/wp-json\/wp\/v2\/media\/9240"}],"wp:attachment":[{"href":"http:\/\/klubmamgdynia.pl\/index.php\/wp-json\/wp\/v2\/media?parent=9239"}],"wp:term":[{"taxonomy":"product_cat","embeddable":true,"href":"http:\/\/klubmamgdynia.pl\/index.php\/wp-json\/wp\/v2\/product_cat?post=9239"},{"taxonomy":"product_tag","embeddable":true,"href":"http:\/\/klubmamgdynia.pl\/index.php\/wp-json\/wp\/v2\/product_tag?post=9239"}],"curies":[{"name":"wp","href":"https:\/\/api.w.org\/{rel}","templated":true}]}}