{"id":9241,"date":"2017-03-24T04:59:59","date_gmt":"2017-03-24T03:59:59","guid":{"rendered":"http:\/\/klubmamgdynia.pl\/index.php\/produkt\/lampka-wtykowa-do-gniazdka-kontaktu-roza-04w-red\/"},"modified":"2026-04-29T21:24:14","modified_gmt":"2026-04-29T19:24:14","slug":"lampka-wtykowa-do-gniazdka-kontaktu-roza-04w-red","status":"publish","type":"product","link":"http:\/\/klubmamgdynia.pl\/index.php\/produkt\/lampka-wtykowa-do-gniazdka-kontaktu-roza-04w-red\/","title":{"rendered":"Lampka Wtykowa Do Gniazdka Kontaktu R\u00f3\u017ca 0,4W Red"},"content":{"rendered":"<p>Lampka wtykowa do gniazdka kontaktu R\u00d3\u017bA 0,4W LED kolor \u015bwiat\u0142a czerwonyMateria\u0142: tworzywoKolor: transparentny\u0179r\u00f3d\u0142o \u015bwiat\u0142a: LEDZasilanie: 220-240VMoc: 0,4WStrumie\u0144 \u015bwietlny: 2,3 lm\/ledNiewymienne \u017ar\u00f3d\u0142o \u015bwiat\u0142aW\u0142\u0105cznik w komplecieStopie\u0144 ochrony: IP20Wymiary (wys x szer x g\u0142): 50 x 50 x 75 mm<\/p>\n<h2>Lampka Wtykowa Do Gniazdka Kontaktu R\u00f3\u017ca 0,4W Red Kids<\/h2>\n<p>imi\u0119 nadia, kolorowanki dla ch\u0142opc\u00f3w do druku, kolorowanki super zings, zabawy halloweenowe dla dzieci, kolorowanka kotek do druku, co oznacza nazwa jordan, samochwa\u0142a, kanapki halloween, ela znaczenie imienia, lidia imie, kolorowanki \u015bwinka peppa, \u017carty prima aprilis, pa\u0144stwa europy i ich stolice quiz, quiz dzieci z bullerbyn, kr\u00f3tkie bajki na dobranoc do czytania, walentynka dla syna, zagadka nie do rozwi\u0105zania, mitologia test<\/p>\n<p>yyyyy<\/p>\n<p>&nbsp;<\/p>\n","protected":false},"excerpt":{"rendered":"<p>Lampka wtykowa do gniazdka kontaktu R\u00d3\u017bA 0,4W LED kolor \u015bwiat\u0142a czerwonyMateria\u0142: tworzywoKolor: transparentny\u0179r\u00f3d\u0142o \u015bwiat\u0142a: LEDZasilanie: 220-240VMoc: 0,4WStrumie\u0144 \u015bwietlny: 2,3 lm\/ledNiewymienne \u017ar\u00f3d\u0142o \u015bwiat\u0142aW\u0142\u0105cznik w komplecieStopie\u0144 ochrony: IP20Wymiary (wys x szer x g\u0142): 50 x 50 x 75 mm Lampka Wtykowa Do Gniazdka Kontaktu R\u00f3\u017ca 0,4W Red Kids imi\u0119 nadia, kolorowanki dla ch\u0142opc\u00f3w do druku, kolorowanki super [&hellip;]<\/p>\n","protected":false},"featured_media":9242,"comment_status":"closed","ping_status":"open","template":"","meta":[],"product_cat":[1321,138],"product_tag":[676,642,591,588,623,767],"class_list":["post-9241","product","type-product","status-publish","has-post-thumbnail","hentry","product_cat-kids","product_cat-lampki-dzieciece","product_tag-bursztynek","product_tag-mia-imie","product_tag-quiz-o-minecraft","product_tag-wzruszajace-slowa-dla-przyjaciela","product_tag-zagadki-logiczne-smieszne","product_tag-zaproszenia-urodzinowe-do-druku"],"_links":{"self":[{"href":"http:\/\/klubmamgdynia.pl\/index.php\/wp-json\/wp\/v2\/product\/9241","targetHints":{"allow":["GET"]}}],"collection":[{"href":"http:\/\/klubmamgdynia.pl\/index.php\/wp-json\/wp\/v2\/product"}],"about":[{"href":"http:\/\/klubmamgdynia.pl\/index.php\/wp-json\/wp\/v2\/types\/product"}],"replies":[{"embeddable":true,"href":"http:\/\/klubmamgdynia.pl\/index.php\/wp-json\/wp\/v2\/comments?post=9241"}],"wp:featuredmedia":[{"embeddable":true,"href":"http:\/\/klubmamgdynia.pl\/index.php\/wp-json\/wp\/v2\/media\/9242"}],"wp:attachment":[{"href":"http:\/\/klubmamgdynia.pl\/index.php\/wp-json\/wp\/v2\/media?parent=9241"}],"wp:term":[{"taxonomy":"product_cat","embeddable":true,"href":"http:\/\/klubmamgdynia.pl\/index.php\/wp-json\/wp\/v2\/product_cat?post=9241"},{"taxonomy":"product_tag","embeddable":true,"href":"http:\/\/klubmamgdynia.pl\/index.php\/wp-json\/wp\/v2\/product_tag?post=9241"}],"curies":[{"name":"wp","href":"https:\/\/api.w.org\/{rel}","templated":true}]}}