{"id":9243,"date":"2017-09-22T20:46:13","date_gmt":"2017-09-22T18:46:13","guid":{"rendered":"http:\/\/klubmamgdynia.pl\/index.php\/produkt\/steiff-soft-cuddly-friends-disney-minnie-mouse\/"},"modified":"2026-05-17T20:53:17","modified_gmt":"2026-05-17T18:53:17","slug":"steiff-soft-cuddly-friends-disney-minnie-mouse","status":"publish","type":"product","link":"http:\/\/klubmamgdynia.pl\/index.php\/produkt\/steiff-soft-cuddly-friends-disney-minnie-mouse\/","title":{"rendered":"Steiff Soft Cuddly Friends Disney Minnie Mouse"},"content":{"rendered":"<p>Szczeg\u00f3\u0142y produktu: Disney Original s Minnie Mouse wykonana z przytulnego, mi\u0119kkiego pluszu Worki z granulatem w dnie zapewniaj\u0105 stabilne dopasowanie Oczy plastikowe Z przyciskiem w uchu Wymiary i waga: Wymiary po z\u0142o\u017ceniu (d\u0142ugo\u015b\u0107 x szeroko\u015b\u0107 x wysoko\u015b\u0107): 31 x 17 x 12 cm. Waga: 0,14 kg Materia\u0142 i piel\u0119gnacja: Materia\u0142: 100% poliester Wype\u0142nienie: Syntetyczny materia\u0142 wype\u0142niaj\u0105cy Piel\u0119gnacja: Mo\u017cna pra\u0107 w pralce w temperaturze 30\u00b0C<\/p>\n<h2>Steiff Soft Cuddly Friends Disney Minnie Mouse Steiff<\/h2>\n<p>kolorowanka elsa, kolorowanki dla dziewczyn, hymn g\u00f3rniczy, kalina imi\u0119, zabawka na roczek dla ch\u0142opca, uk\u0142ad s\u0142oneczny dla dzieci do druku, atrakcje do 30 km od wroc\u0142awia, peppa kolorowanka, proste zagadki logiczne, liwia, lol surprise kolorowanka, melania znaczenie imienia, kolorowe listki tekst, zagadki i odpowiedzi<\/p>\n<p>yyyyy<\/p>\n<p>&nbsp;<\/p>\n","protected":false},"excerpt":{"rendered":"<p>Szczeg\u00f3\u0142y produktu: Disney Original s Minnie Mouse wykonana z przytulnego, mi\u0119kkiego pluszu Worki z granulatem w dnie zapewniaj\u0105 stabilne dopasowanie Oczy plastikowe Z przyciskiem w uchu Wymiary i waga: Wymiary po z\u0142o\u017ceniu (d\u0142ugo\u015b\u0107 x szeroko\u015b\u0107 x wysoko\u015b\u0107): 31 x 17 x 12 cm. Waga: 0,14 kg Materia\u0142 i piel\u0119gnacja: Materia\u0142: 100% poliester Wype\u0142nienie: Syntetyczny materia\u0142 [&hellip;]<\/p>\n","protected":false},"featured_media":9244,"comment_status":"closed","ping_status":"open","template":"","meta":[],"product_cat":[42,1599],"product_tag":[699,771,805,635,615],"class_list":["post-9243","product","type-product","status-publish","has-post-thumbnail","hentry","product_cat-maskotki","product_cat-steiff","product_tag-kolorowanki-do-druku-dla-dziewczyn","product_tag-stolice-europy-quiz","product_tag-znaczenie-imienia-alan","product_tag-znaki-drogowe-do-druku","product_tag-znane-misie-z-filmow-animowanych"],"_links":{"self":[{"href":"http:\/\/klubmamgdynia.pl\/index.php\/wp-json\/wp\/v2\/product\/9243","targetHints":{"allow":["GET"]}}],"collection":[{"href":"http:\/\/klubmamgdynia.pl\/index.php\/wp-json\/wp\/v2\/product"}],"about":[{"href":"http:\/\/klubmamgdynia.pl\/index.php\/wp-json\/wp\/v2\/types\/product"}],"replies":[{"embeddable":true,"href":"http:\/\/klubmamgdynia.pl\/index.php\/wp-json\/wp\/v2\/comments?post=9243"}],"wp:featuredmedia":[{"embeddable":true,"href":"http:\/\/klubmamgdynia.pl\/index.php\/wp-json\/wp\/v2\/media\/9244"}],"wp:attachment":[{"href":"http:\/\/klubmamgdynia.pl\/index.php\/wp-json\/wp\/v2\/media?parent=9243"}],"wp:term":[{"taxonomy":"product_cat","embeddable":true,"href":"http:\/\/klubmamgdynia.pl\/index.php\/wp-json\/wp\/v2\/product_cat?post=9243"},{"taxonomy":"product_tag","embeddable":true,"href":"http:\/\/klubmamgdynia.pl\/index.php\/wp-json\/wp\/v2\/product_tag?post=9243"}],"curies":[{"name":"wp","href":"https:\/\/api.w.org\/{rel}","templated":true}]}}