{"id":9245,"date":"2013-07-25T10:52:19","date_gmt":"2013-07-25T08:52:19","guid":{"rendered":"http:\/\/klubmamgdynia.pl\/index.php\/produkt\/the-puppet-company-pacynka-na-reke-dinozaur-35cm-stegosaurus-szary-pc002901-zabawka\/"},"modified":"2026-04-06T03:30:27","modified_gmt":"2026-04-06T01:30:27","slug":"the-puppet-company-pacynka-na-reke-dinozaur-35cm-stegosaurus-szary-pc002901-zabawka","status":"publish","type":"product","link":"http:\/\/klubmamgdynia.pl\/index.php\/produkt\/the-puppet-company-pacynka-na-reke-dinozaur-35cm-stegosaurus-szary-pc002901-zabawka\/","title":{"rendered":"The Puppet Company Pacynka na r\u0119k\u0119 dinozaur 35cm Stegosaurus szary PC002901 &#8211; Zabawka"},"content":{"rendered":"<p>Pluszowy dinosaur Stegozaurus pacynka na r\u0119k\u0119 Super Stegozaurus pacynka na r\u0119k\u0119. Zabawka kreatywna, kt\u00f3r\u0105 mo\u017cna zabra\u0107 ze sob\u0105 wsz\u0119dzie. Mi\u0119ciutki i leciutki dino przytulanka. Wysoko\u015b\u0107 oko\u0142o 15 cm. D\u0142ugo\u015b\u0107 oko\u0142o 35 cm. Pacynka za pomoc\u0105 d\u0142oni potrafi porusza\u0107 pyskiem. Zabawa w domowy teatrzyk i straszenie gwarantowana :). Maskotka pluszowa dinozaur dla dzieci, kt\u00f3re kochaj\u0105 prehistoryczne stwory. Zabawka wykonana z materia\u0142u najnowszej generacji. Struktura mi\u0119ciutka i bezpieczna dla dzieci. Dino spe\u0142nia regulacje bezpiecznych zabawek dla dzieci CE, ASTM, EN71. Polecamy dla dwulatka i dla dziesi\u0119ciolatka lubi\u0105cego dinozaury. Pi\u0119knie prezentuje si\u0119 na dzieci\u0119cej p\u00f3\u0142ce zdobi\u0105c pok\u00f3j dziecka. Takie zabawki zatrzymuje si\u0119 na d\u0142ugie lata z przyja\u017ani\u0105. Super dobra jako\u015bciowo maskotka z funkcj\u0105 pacynki na r\u0119k\u0119 to wyj\u0105tkowo trafiony i niedrogi prezent dla ch\u0142opca i dziewczynki. Zobacz te\u017c inne nasze dinosaury i zwierzaki. Unikalne pacynki sprawdzaj\u0105 si\u0119 znakomicie na prezenty dla dzieci \ud83d\ude42<\/p>\n<h2>The Puppet Company Pacynka na r\u0119k\u0119 dinozaur 35cm Stegosaurus szary PC002901 &#8211; Zabawka The Puppet Company<\/h2>\n<p>karty pracy dla dzieci z ukrainy, wierszyki o wakacjach kr\u00f3tkie, prezent dla roczniaka, zagadki logiczne matematyczne dla dzieci, malowanki do druku, szymon znaczenie imiona, kolorowanki antystresowe do druku, kolorowanki do druku dla dziewczyn, kolorowanki bajki, test z lektury miko\u0142ajek do druku, mi\u0142o\u015b\u0107 do dziecka cytaty<\/p>\n<p>yyyyy<\/p>\n<p>&nbsp;<\/p>\n","protected":false},"excerpt":{"rendered":"<p>Pluszowy dinosaur Stegozaurus pacynka na r\u0119k\u0119 Super Stegozaurus pacynka na r\u0119k\u0119. Zabawka kreatywna, kt\u00f3r\u0105 mo\u017cna zabra\u0107 ze sob\u0105 wsz\u0119dzie. Mi\u0119ciutki i leciutki dino przytulanka. Wysoko\u015b\u0107 oko\u0142o 15 cm. D\u0142ugo\u015b\u0107 oko\u0142o 35 cm. Pacynka za pomoc\u0105 d\u0142oni potrafi porusza\u0107 pyskiem. Zabawa w domowy teatrzyk i straszenie gwarantowana :). Maskotka pluszowa dinozaur dla dzieci, kt\u00f3re kochaj\u0105 prehistoryczne [&hellip;]<\/p>\n","protected":false},"featured_media":9246,"comment_status":"closed","ping_status":"open","template":"","meta":[],"product_cat":[53,908],"product_tag":[765,691,748],"class_list":["post-9245","product","type-product","status-publish","has-post-thumbnail","hentry","product_cat-kaciki-zabaw","product_cat-the-puppet-company","product_tag-atrakcje-dla-dzieci-warszawa","product_tag-gabriel","product_tag-okolice-wroclawia-atrakcje"],"_links":{"self":[{"href":"http:\/\/klubmamgdynia.pl\/index.php\/wp-json\/wp\/v2\/product\/9245","targetHints":{"allow":["GET"]}}],"collection":[{"href":"http:\/\/klubmamgdynia.pl\/index.php\/wp-json\/wp\/v2\/product"}],"about":[{"href":"http:\/\/klubmamgdynia.pl\/index.php\/wp-json\/wp\/v2\/types\/product"}],"replies":[{"embeddable":true,"href":"http:\/\/klubmamgdynia.pl\/index.php\/wp-json\/wp\/v2\/comments?post=9245"}],"wp:featuredmedia":[{"embeddable":true,"href":"http:\/\/klubmamgdynia.pl\/index.php\/wp-json\/wp\/v2\/media\/9246"}],"wp:attachment":[{"href":"http:\/\/klubmamgdynia.pl\/index.php\/wp-json\/wp\/v2\/media?parent=9245"}],"wp:term":[{"taxonomy":"product_cat","embeddable":true,"href":"http:\/\/klubmamgdynia.pl\/index.php\/wp-json\/wp\/v2\/product_cat?post=9245"},{"taxonomy":"product_tag","embeddable":true,"href":"http:\/\/klubmamgdynia.pl\/index.php\/wp-json\/wp\/v2\/product_tag?post=9245"}],"curies":[{"name":"wp","href":"https:\/\/api.w.org\/{rel}","templated":true}]}}