{"id":9247,"date":"2023-01-30T05:45:01","date_gmt":"2023-01-30T04:45:01","guid":{"rendered":"http:\/\/klubmamgdynia.pl\/?post_type=product&#038;p=9247"},"modified":"2026-04-29T06:18:37","modified_gmt":"2026-04-29T04:18:37","slug":"tm-toys-stikbot-mega-monster-gigantus-zielony-s1521","status":"publish","type":"product","link":"http:\/\/klubmamgdynia.pl\/index.php\/produkt\/tm-toys-stikbot-mega-monster-gigantus-zielony-s1521\/","title":{"rendered":"Tm Toys Stikbot Mega Monster Gigantus Zielony (S1521)"},"content":{"rendered":"<p>STIKBOT Mega Monster &#8211; GIGANTUSTeraz StikBot ma w\u0142asne maszyny Mega!S1521<\/p>\n<h2>Tm Toys Stikbot Mega Monster Gigantus Zielony (S1521) TM Toys<\/h2>\n<p>test z lektury magiczne drzewo czerwone krzes\u0142o, zagadki logiczne dla dzieci, samolot kolorowanka, cytat rodzina, o\u015brodki wczasowe nad morzem dla rodzin z dzie\u0107mi, opisy do zdj dziecka, quiz flagi \u015bwiata, quiz o koniach, macierzy\u0144stwo cytaty, everest psi patrol, prezent na 1 urodziny, opisy do zdj dziecka, nauka pisania literek do wydruku pdf, zagadki o zwierz\u0119tach le\u015bnych dla dzieci, zagadki na logik\u0119, karty pracy dla dzieci z ukrainy pdf, transformers kolorowanka<\/p>\n<p>yyyyy<\/p>\n<p>&nbsp;<\/p>\n","protected":false},"excerpt":{"rendered":"<p>STIKBOT Mega Monster &#8211; GIGANTUSTeraz StikBot ma w\u0142asne maszyny Mega!S1521 Tm Toys Stikbot Mega Monster Gigantus Zielony (S1521) TM Toys test z lektury magiczne drzewo czerwone krzes\u0142o, zagadki logiczne dla dzieci, samolot kolorowanka, cytat rodzina, o\u015brodki wczasowe nad morzem dla rodzin z dzie\u0107mi, opisy do zdj dziecka, quiz flagi \u015bwiata, quiz o koniach, macierzy\u0144stwo cytaty, [&hellip;]<\/p>\n","protected":false},"featured_media":9248,"comment_status":"closed","ping_status":"open","template":"","meta":[],"product_cat":[95,145],"product_tag":[626,647,873,733],"class_list":["post-9247","product","type-product","status-publish","has-post-thumbnail","hentry","product_cat-figurki-makiety-i-zestawy","product_cat-tm-toys","product_tag-jacek","product_tag-warszawa-z-dzieckiem","product_tag-zagadki-z-odpowiedziami-dla-dzieci","product_tag-zarty-na-prima-aprilis"],"_links":{"self":[{"href":"http:\/\/klubmamgdynia.pl\/index.php\/wp-json\/wp\/v2\/product\/9247","targetHints":{"allow":["GET"]}}],"collection":[{"href":"http:\/\/klubmamgdynia.pl\/index.php\/wp-json\/wp\/v2\/product"}],"about":[{"href":"http:\/\/klubmamgdynia.pl\/index.php\/wp-json\/wp\/v2\/types\/product"}],"replies":[{"embeddable":true,"href":"http:\/\/klubmamgdynia.pl\/index.php\/wp-json\/wp\/v2\/comments?post=9247"}],"wp:featuredmedia":[{"embeddable":true,"href":"http:\/\/klubmamgdynia.pl\/index.php\/wp-json\/wp\/v2\/media\/9248"}],"wp:attachment":[{"href":"http:\/\/klubmamgdynia.pl\/index.php\/wp-json\/wp\/v2\/media?parent=9247"}],"wp:term":[{"taxonomy":"product_cat","embeddable":true,"href":"http:\/\/klubmamgdynia.pl\/index.php\/wp-json\/wp\/v2\/product_cat?post=9247"},{"taxonomy":"product_tag","embeddable":true,"href":"http:\/\/klubmamgdynia.pl\/index.php\/wp-json\/wp\/v2\/product_tag?post=9247"}],"curies":[{"name":"wp","href":"https:\/\/api.w.org\/{rel}","templated":true}]}}