{"id":9249,"date":"2014-10-21T20:53:45","date_gmt":"2014-10-21T18:53:45","guid":{"rendered":"http:\/\/klubmamgdynia.pl\/index.php\/produkt\/iwostin-estetic-peeling-z-12-kwasem-glikolowym-30ml\/"},"modified":"2026-04-12T06:25:30","modified_gmt":"2026-04-12T04:25:30","slug":"iwostin-estetic-peeling-z-12-kwasem-glikolowym-30ml","status":"publish","type":"product","link":"http:\/\/klubmamgdynia.pl\/index.php\/produkt\/iwostin-estetic-peeling-z-12-kwasem-glikolowym-30ml\/","title":{"rendered":"Iwostin Estetic Peeling z 12% kwasem glikolowym 30ml"},"content":{"rendered":"<h2>Iwostin Estetic Peeling z 12% kwasem glikolowym 30ml Perrigo<\/h2>\n<p>atrakcje do 30 km od wroc\u0142awia, zagadki \u015bmieszne z odpowiedziami, proste dekoracje bo\u017conarodzeniowe dla dzieci, tupu tup po \u015bniegu tekst, bajki terapeutyczne o emocjach, kotki kolorowanka, na wyspach bergamutach tekst, kolorowanki do druku pieski, opis do zdj\u0119cia z dzieckiem, pikachu kolorowanka, darmowe bajki dla dzieci, zagadki o lesie, szablony postacie do szopki do druku, zabawki na roczek, milosc do dzieci, fajne zagadki dla dzieci, quiz samochodowy<\/p>\n<p>yyyyy<\/p>\n<p>&nbsp;<\/p>\n","protected":false},"excerpt":{"rendered":"<p>Iwostin Estetic Peeling z 12% kwasem glikolowym 30ml Perrigo atrakcje do 30 km od wroc\u0142awia, zagadki \u015bmieszne z odpowiedziami, proste dekoracje bo\u017conarodzeniowe dla dzieci, tupu tup po \u015bniegu tekst, bajki terapeutyczne o emocjach, kotki kolorowanka, na wyspach bergamutach tekst, kolorowanki do druku pieski, opis do zdj\u0119cia z dzieckiem, pikachu kolorowanka, darmowe bajki dla dzieci, zagadki [&hellip;]<\/p>\n","protected":false},"featured_media":9250,"comment_status":"closed","ping_status":"open","template":"","meta":[],"product_cat":[134,509],"product_tag":[692,804,636,799],"class_list":["post-9249","product","type-product","status-publish","has-post-thumbnail","hentry","product_cat-dermokosmetyki","product_cat-perrigo","product_tag-prezenty-na-roczek","product_tag-ryz-z-owocami","product_tag-teksty-kolysanek","product_tag-zagadka-logiczna"],"_links":{"self":[{"href":"http:\/\/klubmamgdynia.pl\/index.php\/wp-json\/wp\/v2\/product\/9249","targetHints":{"allow":["GET"]}}],"collection":[{"href":"http:\/\/klubmamgdynia.pl\/index.php\/wp-json\/wp\/v2\/product"}],"about":[{"href":"http:\/\/klubmamgdynia.pl\/index.php\/wp-json\/wp\/v2\/types\/product"}],"replies":[{"embeddable":true,"href":"http:\/\/klubmamgdynia.pl\/index.php\/wp-json\/wp\/v2\/comments?post=9249"}],"wp:featuredmedia":[{"embeddable":true,"href":"http:\/\/klubmamgdynia.pl\/index.php\/wp-json\/wp\/v2\/media\/9250"}],"wp:attachment":[{"href":"http:\/\/klubmamgdynia.pl\/index.php\/wp-json\/wp\/v2\/media?parent=9249"}],"wp:term":[{"taxonomy":"product_cat","embeddable":true,"href":"http:\/\/klubmamgdynia.pl\/index.php\/wp-json\/wp\/v2\/product_cat?post=9249"},{"taxonomy":"product_tag","embeddable":true,"href":"http:\/\/klubmamgdynia.pl\/index.php\/wp-json\/wp\/v2\/product_tag?post=9249"}],"curies":[{"name":"wp","href":"https:\/\/api.w.org\/{rel}","templated":true}]}}