{"id":9251,"date":"2014-09-08T08:51:27","date_gmt":"2014-09-08T06:51:27","guid":{"rendered":"http:\/\/klubmamgdynia.pl\/index.php\/produkt\/dickie-construction-mini-mover-pojazd-wyburzajacy-volvo-13-cm\/"},"modified":"2026-04-06T05:13:11","modified_gmt":"2026-04-06T03:13:11","slug":"dickie-construction-mini-mover-pojazd-wyburzajacy-volvo-13-cm","status":"publish","type":"product","link":"http:\/\/klubmamgdynia.pl\/index.php\/produkt\/dickie-construction-mini-mover-pojazd-wyburzajacy-volvo-13-cm\/","title":{"rendered":"Dickie Construction Mini Mover Pojazd Wyburzaj\u0105cy Volvo 13 cm"},"content":{"rendered":"<p>Dickie Construction to zabawki z si\u0142\u0105: pojazdy budowlane. We wsp\u00f3\u0142pracy z oryginalnym producentem maszyn budowlanych &#8211; Volvo &#8211; powsta\u0142a wyj\u0105tkowa seria sk\u0142adaj\u0105ca si\u0119 z replik pojazd\u00f3w. Pojazd wyburzaj\u0105cy jest idealn\u0105 propozycj\u0105 dla ma\u0142ych wielbicieli pojazd\u00f3w budowlanych. Pora rozpocz\u0105\u0107 budow\u0119!Kolekcja Mini Mover to: spychacz, koparka i pojazd do wyburzania &#8211; sprzedawane oddzielnie.Charakterystyka:- Produkt na licencji VOLVO -Ruchome ko\u0142a -Ruchoma kula po przyci\u015bni\u0119ciu g\u00f3rnej cz\u0119\u015bci pojazdu.Dickie to cz\u0119\u015b\u0107 jednego z najwi\u0119kszych producent\u00f3w zabawek na \u015bwiecie, Simba-Dickie Group, tworz\u0105ca, produkuj\u0105ca i dystrybuuj\u0105ca bardzo szerok\u0105 gam\u0119 zabawek. Firma Dickie jest odpowiedzialna za produkcje zabawek dla ch\u0142opc\u00f3w, w tym modeli samochod\u00f3w, pojazd\u00f3w zdalnie sterowanych i ca\u0142ych miast.<\/p>\n<h2>Dickie Construction Mini Mover Pojazd Wyburzaj\u0105cy Volvo 13 cm Dickie<\/h2>\n<p>rysunek kota, test z lektury miko\u0142ajek do druku, my jeste\u015bmy krasnoludki tekst, zagadki o wio\u015bnie dla dzieci, maska iron man, ko\u0142ysanka tekst, jak narysowa\u0107 anio\u0142ka, ciasteczka na halloween dla dzieci<\/p>\n<p>yyyyy<\/p>\n<p>&nbsp;<\/p>\n","protected":false},"excerpt":{"rendered":"<p>Dickie Construction to zabawki z si\u0142\u0105: pojazdy budowlane. We wsp\u00f3\u0142pracy z oryginalnym producentem maszyn budowlanych &#8211; Volvo &#8211; powsta\u0142a wyj\u0105tkowa seria sk\u0142adaj\u0105ca si\u0119 z replik pojazd\u00f3w. Pojazd wyburzaj\u0105cy jest idealn\u0105 propozycj\u0105 dla ma\u0142ych wielbicieli pojazd\u00f3w budowlanych. Pora rozpocz\u0105\u0107 budow\u0119!Kolekcja Mini Mover to: spychacz, koparka i pojazd do wyburzania &#8211; sprzedawane oddzielnie.Charakterystyka:- Produkt na licencji VOLVO [&hellip;]<\/p>\n","protected":false},"featured_media":9252,"comment_status":"closed","ping_status":"open","template":"","meta":[],"product_cat":[83,1637],"product_tag":[719,644,614,708],"class_list":["post-9251","product","type-product","status-publish","has-post-thumbnail","hentry","product_cat-auta-i-inne-pojazdy-do-zabawy","product_cat-dickie","product_tag-dziecko-cytaty-zlote-mysli","product_tag-mia","product_tag-pia","product_tag-zabawy-ruchowe-dla-dzieci"],"_links":{"self":[{"href":"http:\/\/klubmamgdynia.pl\/index.php\/wp-json\/wp\/v2\/product\/9251","targetHints":{"allow":["GET"]}}],"collection":[{"href":"http:\/\/klubmamgdynia.pl\/index.php\/wp-json\/wp\/v2\/product"}],"about":[{"href":"http:\/\/klubmamgdynia.pl\/index.php\/wp-json\/wp\/v2\/types\/product"}],"replies":[{"embeddable":true,"href":"http:\/\/klubmamgdynia.pl\/index.php\/wp-json\/wp\/v2\/comments?post=9251"}],"wp:featuredmedia":[{"embeddable":true,"href":"http:\/\/klubmamgdynia.pl\/index.php\/wp-json\/wp\/v2\/media\/9252"}],"wp:attachment":[{"href":"http:\/\/klubmamgdynia.pl\/index.php\/wp-json\/wp\/v2\/media?parent=9251"}],"wp:term":[{"taxonomy":"product_cat","embeddable":true,"href":"http:\/\/klubmamgdynia.pl\/index.php\/wp-json\/wp\/v2\/product_cat?post=9251"},{"taxonomy":"product_tag","embeddable":true,"href":"http:\/\/klubmamgdynia.pl\/index.php\/wp-json\/wp\/v2\/product_tag?post=9251"}],"curies":[{"name":"wp","href":"https:\/\/api.w.org\/{rel}","templated":true}]}}